{"id":1965,"date":"2014-06-17T19:03:56","date_gmt":"2014-06-17T19:03:56","guid":{"rendered":"http:\/\/www.joonisfilm.ee"},"modified":"2024-07-09T08:40:09","modified_gmt":"2024-07-09T08:40:09","slug":"1965-2","status":"publish","type":"page","link":"https:\/\/joonisfilm.ee\/en\/films\/1965-2\/","title":{"rendered":"PILOTS ON THE WAY HOME"},"content":{"rendered":"ngg_shortcode_0_placeholder\n<table border=\"0\" class=\"mtr-table mtr-tr-td\">\n<tbody>\n<tr>\n<td data-mtr-content=\"Original title\" class=\"mtr-td-tag\"><div class=\"mtr-cell-content\">Original title<\/div><\/td>\n<td data-mtr-content=\"LENDURID KODUTEEL\" class=\"mtr-td-tag\"><div class=\"mtr-cell-content\">LENDURID KODUTEEL<\/div><\/td>\n<\/tr>\n<tr>\n<td data-mtr-content=\"Original title\" class=\"mtr-td-tag\"><div class=\"mtr-cell-content\">English title<\/div><\/td>\n<td data-mtr-content=\"LENDURID KODUTEEL\" class=\"mtr-td-tag\"><div class=\"mtr-cell-content\">PILOTS ON THE WAY HOME<\/div><\/td>\n<\/tr>\n<tr>\n<td data-mtr-content=\"Original title\" class=\"mtr-td-tag\"><div class=\"mtr-cell-content\"><\/div><\/td>\n<td data-mtr-content=\"LENDURID KODUTEEL\" class=\"mtr-td-tag\"><div class=\"mtr-cell-content\"><\/div><\/td>\n<\/tr>\n<tr>\n<td data-mtr-content=\"Original title\" class=\"mtr-td-tag\"><div class=\"mtr-cell-content\">Script Author<\/div><\/td>\n<td data-mtr-content=\"LENDURID KODUTEEL\" class=\"mtr-td-tag\"><div class=\"mtr-cell-content\">Priit P\u00e4rn<\/div><\/td>\n<\/tr>\n<tr>\n<td data-mtr-content=\"Original title\" class=\"mtr-td-tag\"><div class=\"mtr-cell-content\">Directors<\/div><\/td>\n<td data-mtr-content=\"LENDURID KODUTEEL\" class=\"mtr-td-tag\"><div class=\"mtr-cell-content\">Priit P\u00e4rn<\/div><\/td>\n<\/tr>\n<tr>\n<td data-mtr-content=\"Original title\" class=\"mtr-td-tag\"><div class=\"mtr-cell-content\"><\/div><\/td>\n<td data-mtr-content=\"LENDURID KODUTEEL\" class=\"mtr-td-tag\"><div class=\"mtr-cell-content\">Olga P\u00e4rn<\/div><\/td>\n<\/tr>\n<tr>\n<td data-mtr-content=\"Original title\" class=\"mtr-td-tag\"><div class=\"mtr-cell-content\">Art Directors<\/div><\/td>\n<td data-mtr-content=\"LENDURID KODUTEEL\" class=\"mtr-td-tag\"><div class=\"mtr-cell-content\">Priit P\u00e4rn<\/div><\/td>\n<\/tr>\n<tr>\n<td data-mtr-content=\"Original title\" class=\"mtr-td-tag\"><div class=\"mtr-cell-content\"><\/div><\/td>\n<td data-mtr-content=\"LENDURID KODUTEEL\" class=\"mtr-td-tag\"><div class=\"mtr-cell-content\">Olga P\u00e4rn<\/div><\/td>\n<\/tr>\n<tr>\n<td data-mtr-content=\"Original title\" class=\"mtr-td-tag\"><div class=\"mtr-cell-content\">Characters Design<\/div><\/td>\n<td data-mtr-content=\"LENDURID KODUTEEL\" class=\"mtr-td-tag\"><div class=\"mtr-cell-content\">Priit P\u00e4rn<\/div><\/td>\n<\/tr>\n<tr>\n<td data-mtr-content=\"Original title\" class=\"mtr-td-tag\"><div class=\"mtr-cell-content\">Layout<\/div><\/td>\n<td data-mtr-content=\"LENDURID KODUTEEL\" class=\"mtr-td-tag\"><div class=\"mtr-cell-content\">Priit P\u00e4rn<\/div><\/td>\n<\/tr>\n<tr>\n<td data-mtr-content=\"Original title\" class=\"mtr-td-tag\"><div class=\"mtr-cell-content\">Animation<\/div><\/td>\n<td data-mtr-content=\"LENDURID KODUTEEL\" class=\"mtr-td-tag\"><div class=\"mtr-cell-content\">Priit P\u00e4rn<\/div><\/td>\n<\/tr>\n<tr>\n<td data-mtr-content=\"Original title\" class=\"mtr-td-tag\"><div class=\"mtr-cell-content\">Sand Image Level A<\/div><\/td>\n<td data-mtr-content=\"LENDURID KODUTEEL\" class=\"mtr-td-tag\"><div class=\"mtr-cell-content\">Priit P\u00e4rn<\/div><\/td>\n<\/tr>\n<tr>\n<td data-mtr-content=\"Original title\" class=\"mtr-td-tag\"><div class=\"mtr-cell-content\">Sand Image Level B<\/div><\/td>\n<td data-mtr-content=\"LENDURID KODUTEEL\" class=\"mtr-td-tag\"><div class=\"mtr-cell-content\">Olga P\u00e4rn<\/div><\/td>\n<\/tr>\n<tr>\n<td data-mtr-content=\"Original title\" class=\"mtr-td-tag\"><div class=\"mtr-cell-content\">Sound Design<\/div><\/td>\n<td data-mtr-content=\"LENDURID KODUTEEL\" class=\"mtr-td-tag\"><div class=\"mtr-cell-content\">Olivier Calvert<\/div><\/td>\n<\/tr>\n<tr>\n<td data-mtr-content=\"Original title\" class=\"mtr-td-tag\"><div class=\"mtr-cell-content\">Music Composer<\/div><\/td>\n<td data-mtr-content=\"LENDURID KODUTEEL\" class=\"mtr-td-tag\"><div class=\"mtr-cell-content\">Robert Marcel Lepage<\/div><\/td>\n<\/tr>\n<tr>\n<td data-mtr-content=\"Original title\" class=\"mtr-td-tag\"><div class=\"mtr-cell-content\">Animation Compositing<\/div><\/td>\n<td data-mtr-content=\"LENDURID KODUTEEL\" class=\"mtr-td-tag\"><div class=\"mtr-cell-content\">Urmas J\u00f5emees<\/div><\/td>\n<\/tr>\n<tr>\n<td data-mtr-content=\"Original title\" class=\"mtr-td-tag\"><div class=\"mtr-cell-content\"><\/div><\/td>\n<td data-mtr-content=\"LENDURID KODUTEEL\" class=\"mtr-td-tag\"><div class=\"mtr-cell-content\">Olga P\u00e4rn<\/div><\/td>\n<\/tr>\n<tr>\n<td data-mtr-content=\"Original title\" class=\"mtr-td-tag\"><div class=\"mtr-cell-content\">Cameraman<\/div><\/td>\n<td data-mtr-content=\"LENDURID KODUTEEL\" class=\"mtr-td-tag\"><div class=\"mtr-cell-content\">Urmas J\u00f5emees<\/div><\/td>\n<\/tr>\n<tr>\n<td data-mtr-content=\"Original title\" class=\"mtr-td-tag\"><div class=\"mtr-cell-content\">Editing<\/div><\/td>\n<td data-mtr-content=\"LENDURID KODUTEEL\" class=\"mtr-td-tag\"><div class=\"mtr-cell-content\">Priit P\u00e4rn<\/div><\/td>\n<\/tr>\n<tr>\n<td data-mtr-content=\"Original title\" class=\"mtr-td-tag\"><div class=\"mtr-cell-content\"><\/div><\/td>\n<td data-mtr-content=\"LENDURID KODUTEEL\" class=\"mtr-td-tag\"><div class=\"mtr-cell-content\">Olga P\u00e4rn<\/div><\/td>\n<\/tr>\n<tr>\n<td data-mtr-content=\"Original title\" class=\"mtr-td-tag\"><div class=\"mtr-cell-content\">Executive Producer<\/div><\/td>\n<td data-mtr-content=\"LENDURID KODUTEEL\" class=\"mtr-td-tag\"><div class=\"mtr-cell-content\">Ren\u00e9 Ch\u00e9nier<\/div><\/td>\n<\/tr>\n<tr>\n<td data-mtr-content=\"Original title\" class=\"mtr-td-tag\"><div class=\"mtr-cell-content\">Producers<\/div><\/td>\n<td data-mtr-content=\"LENDURID KODUTEEL\" class=\"mtr-td-tag\"><div class=\"mtr-cell-content\">Kalev Tamm<\/div><\/td>\n<\/tr>\n<tr>\n<td data-mtr-content=\"Original title\" class=\"mtr-td-tag\"><div class=\"mtr-cell-content\"><\/div><\/td>\n<td data-mtr-content=\"LENDURID KODUTEEL\" class=\"mtr-td-tag\"><div class=\"mtr-cell-content\">Julie Roy<\/div><\/td>\n<\/tr>\n<\/tbody>\n<\/table>\n<p>\u00a9 2014 Eesti Joonisfilm<br \/>\nNational Film Board of Canada \/ Office national du film du Canada<\/p>\n<p>16&#8217;05&#8221; \/ DCP \/ 1,85:1 \/ Colour \/ 5.1<\/p>\n<p>Having suffered the loss of their plane, three pilots inexplicably find themselves stranded in the middle of the desert. While following the perilous and unpredictable course that will ultimately lead them home, they fall prey to visions and must confront the siren call of their own strange fantasies.<\/p>\n<p>Trailer:<br \/>\n<a href=\"https:\/\/vimeo.com\/104420748\" target=\"_blank\" rel=\"noopener\">https:\/\/vimeo.com\/104420748<\/a><br \/>\n<a href=\"https:\/\/vimeo.com\/106099871\" target=\"_blank\" rel=\"noopener\">https:\/\/vimeo.com\/106099871<\/a><\/p>\n<p><em>Film production supported by<br \/>\n<\/em>ESTONIAN FILM INSTITUTE<br \/>\nNATIONAL FILM BOARD OF CANADA \/ OFFICE NATIONAL DU FILM DU CANADA<br \/>\nESTONIAN CULTURAL ENDOWMENT<\/p>\n","protected":false},"excerpt":{"rendered":"<p>Original title LENDURID KODUTEEL English title PILOTS ON THE WAY HOME Script Author Priit P\u00e4rn Directors Priit P\u00e4rn Olga P\u00e4rn Art Directors Priit P\u00e4rn Olga P\u00e4rn Characters Design Priit P\u00e4rn Layout Priit P\u00e4rn Animation Priit P\u00e4rn Sand Image Level A Priit P\u00e4rn Sand Image Level B Olga P\u00e4rn Sound Design Olivier Calvert Music Composer Robert [&hellip;]<\/p>\n","protected":false},"author":1,"featured_media":0,"parent":55,"menu_order":0,"comment_status":"closed","ping_status":"closed","template":"","meta":{"ngg_post_thumbnail":0,"footnotes":""},"class_list":["post-1965","page","type-page","status-publish","hentry"],"yoast_head":"<!-- This site is optimized with the Yoast SEO plugin v27.3 - https:\/\/yoast.com\/product\/yoast-seo-wordpress\/ -->\n<title>PILOTS ON THE WAY HOME - Joonisfilm<\/title>\n<meta name=\"robots\" content=\"index, follow, max-snippet:-1, max-image-preview:large, max-video-preview:-1\" \/>\n<link rel=\"canonical\" href=\"https:\/\/joonisfilm.ee\/en\/films\/1965-2\/\" \/>\n<meta property=\"og:locale\" content=\"en_US\" \/>\n<meta property=\"og:type\" content=\"article\" \/>\n<meta property=\"og:title\" content=\"PILOTS ON THE WAY HOME - Joonisfilm\" \/>\n<meta property=\"og:description\" content=\"Original title LENDURID KODUTEEL English title PILOTS ON THE WAY HOME Script Author Priit P\u00e4rn Directors Priit P\u00e4rn Olga P\u00e4rn Art Directors Priit P\u00e4rn Olga P\u00e4rn Characters Design Priit P\u00e4rn Layout Priit P\u00e4rn Animation Priit P\u00e4rn Sand Image Level A Priit P\u00e4rn Sand Image Level B Olga P\u00e4rn Sound Design Olivier Calvert Music Composer Robert [&hellip;]\" \/>\n<meta property=\"og:url\" content=\"https:\/\/joonisfilm.ee\/en\/films\/1965-2\/\" \/>\n<meta property=\"og:site_name\" content=\"Joonisfilm\" \/>\n<meta property=\"article:publisher\" content=\"https:\/\/www.facebook.com\/Joonisfilm\/\" \/>\n<meta property=\"article:modified_time\" content=\"2024-07-09T08:40:09+00:00\" \/>\n<meta name=\"twitter:card\" content=\"summary_large_image\" \/>\n<meta name=\"twitter:label1\" content=\"Est. reading time\" \/>\n\t<meta name=\"twitter:data1\" content=\"1 minute\" \/>\n<script type=\"application\/ld+json\" class=\"yoast-schema-graph\">{\"@context\":\"https:\\\/\\\/schema.org\",\"@graph\":[{\"@type\":\"WebPage\",\"@id\":\"https:\\\/\\\/joonisfilm.ee\\\/en\\\/films\\\/1965-2\\\/\",\"url\":\"https:\\\/\\\/joonisfilm.ee\\\/en\\\/films\\\/1965-2\\\/\",\"name\":\"PILOTS ON THE WAY HOME - Joonisfilm\",\"isPartOf\":{\"@id\":\"https:\\\/\\\/joonisfilm.ee\\\/en\\\/#website\"},\"datePublished\":\"2014-06-17T19:03:56+00:00\",\"dateModified\":\"2024-07-09T08:40:09+00:00\",\"breadcrumb\":{\"@id\":\"https:\\\/\\\/joonisfilm.ee\\\/en\\\/films\\\/1965-2\\\/#breadcrumb\"},\"inLanguage\":\"en-US\",\"potentialAction\":[{\"@type\":\"ReadAction\",\"target\":[\"https:\\\/\\\/joonisfilm.ee\\\/en\\\/films\\\/1965-2\\\/\"]}]},{\"@type\":\"BreadcrumbList\",\"@id\":\"https:\\\/\\\/joonisfilm.ee\\\/en\\\/films\\\/1965-2\\\/#breadcrumb\",\"itemListElement\":[{\"@type\":\"ListItem\",\"position\":1,\"name\":\"Home\",\"item\":\"https:\\\/\\\/joonisfilm.ee\\\/en\\\/\"},{\"@type\":\"ListItem\",\"position\":2,\"name\":\"FILMS\",\"item\":\"https:\\\/\\\/joonisfilm.ee\\\/en\\\/films\\\/\"},{\"@type\":\"ListItem\",\"position\":3,\"name\":\"PILOTS ON THE WAY HOME\"}]},{\"@type\":\"WebSite\",\"@id\":\"https:\\\/\\\/joonisfilm.ee\\\/en\\\/#website\",\"url\":\"https:\\\/\\\/joonisfilm.ee\\\/en\\\/\",\"name\":\"Joonisfilm\",\"description\":\"Joonisfilmi koduleht\",\"publisher\":{\"@id\":\"https:\\\/\\\/joonisfilm.ee\\\/en\\\/#organization\"},\"potentialAction\":[{\"@type\":\"SearchAction\",\"target\":{\"@type\":\"EntryPoint\",\"urlTemplate\":\"https:\\\/\\\/joonisfilm.ee\\\/en\\\/?s={search_term_string}\"},\"query-input\":{\"@type\":\"PropertyValueSpecification\",\"valueRequired\":true,\"valueName\":\"search_term_string\"}}],\"inLanguage\":\"en-US\"},{\"@type\":\"Organization\",\"@id\":\"https:\\\/\\\/joonisfilm.ee\\\/en\\\/#organization\",\"name\":\"EESTI Joonisfilm\",\"url\":\"https:\\\/\\\/joonisfilm.ee\\\/en\\\/\",\"logo\":{\"@type\":\"ImageObject\",\"inLanguage\":\"en-US\",\"@id\":\"https:\\\/\\\/joonisfilm.ee\\\/en\\\/#\\\/schema\\\/logo\\\/image\\\/\",\"url\":\"https:\\\/\\\/joonisfilm.ee\\\/wp-content\\\/uploads\\\/2024\\\/06\\\/Eesti-Joonisfilm-logo-orig-foon-transparentne.png\",\"contentUrl\":\"https:\\\/\\\/joonisfilm.ee\\\/wp-content\\\/uploads\\\/2024\\\/06\\\/Eesti-Joonisfilm-logo-orig-foon-transparentne.png\",\"width\":1000,\"height\":754,\"caption\":\"EESTI Joonisfilm\"},\"image\":{\"@id\":\"https:\\\/\\\/joonisfilm.ee\\\/en\\\/#\\\/schema\\\/logo\\\/image\\\/\"},\"sameAs\":[\"https:\\\/\\\/www.facebook.com\\\/Joonisfilm\\\/\",\"https:\\\/\\\/www.instagram.com\\\/eesti_joonisfilm\\\/\",\"https:\\\/\\\/www.youtube.com\\\/channel\\\/UCOF_pU5vkvtuOsVnE4xjp-A\",\"https:\\\/\\\/vimeo.com\\\/joonisfilm\"]}]}<\/script>\n<!-- \/ Yoast SEO plugin. -->","yoast_head_json":{"title":"PILOTS ON THE WAY HOME - Joonisfilm","robots":{"index":"index","follow":"follow","max-snippet":"max-snippet:-1","max-image-preview":"max-image-preview:large","max-video-preview":"max-video-preview:-1"},"canonical":"https:\/\/joonisfilm.ee\/en\/films\/1965-2\/","og_locale":"en_US","og_type":"article","og_title":"PILOTS ON THE WAY HOME - Joonisfilm","og_description":"Original title LENDURID KODUTEEL English title PILOTS ON THE WAY HOME Script Author Priit P\u00e4rn Directors Priit P\u00e4rn Olga P\u00e4rn Art Directors Priit P\u00e4rn Olga P\u00e4rn Characters Design Priit P\u00e4rn Layout Priit P\u00e4rn Animation Priit P\u00e4rn Sand Image Level A Priit P\u00e4rn Sand Image Level B Olga P\u00e4rn Sound Design Olivier Calvert Music Composer Robert [&hellip;]","og_url":"https:\/\/joonisfilm.ee\/en\/films\/1965-2\/","og_site_name":"Joonisfilm","article_publisher":"https:\/\/www.facebook.com\/Joonisfilm\/","article_modified_time":"2024-07-09T08:40:09+00:00","twitter_card":"summary_large_image","twitter_misc":{"Est. reading time":"1 minute"},"schema":{"@context":"https:\/\/schema.org","@graph":[{"@type":"WebPage","@id":"https:\/\/joonisfilm.ee\/en\/films\/1965-2\/","url":"https:\/\/joonisfilm.ee\/en\/films\/1965-2\/","name":"PILOTS ON THE WAY HOME - Joonisfilm","isPartOf":{"@id":"https:\/\/joonisfilm.ee\/en\/#website"},"datePublished":"2014-06-17T19:03:56+00:00","dateModified":"2024-07-09T08:40:09+00:00","breadcrumb":{"@id":"https:\/\/joonisfilm.ee\/en\/films\/1965-2\/#breadcrumb"},"inLanguage":"en-US","potentialAction":[{"@type":"ReadAction","target":["https:\/\/joonisfilm.ee\/en\/films\/1965-2\/"]}]},{"@type":"BreadcrumbList","@id":"https:\/\/joonisfilm.ee\/en\/films\/1965-2\/#breadcrumb","itemListElement":[{"@type":"ListItem","position":1,"name":"Home","item":"https:\/\/joonisfilm.ee\/en\/"},{"@type":"ListItem","position":2,"name":"FILMS","item":"https:\/\/joonisfilm.ee\/en\/films\/"},{"@type":"ListItem","position":3,"name":"PILOTS ON THE WAY HOME"}]},{"@type":"WebSite","@id":"https:\/\/joonisfilm.ee\/en\/#website","url":"https:\/\/joonisfilm.ee\/en\/","name":"Joonisfilm","description":"Joonisfilmi koduleht","publisher":{"@id":"https:\/\/joonisfilm.ee\/en\/#organization"},"potentialAction":[{"@type":"SearchAction","target":{"@type":"EntryPoint","urlTemplate":"https:\/\/joonisfilm.ee\/en\/?s={search_term_string}"},"query-input":{"@type":"PropertyValueSpecification","valueRequired":true,"valueName":"search_term_string"}}],"inLanguage":"en-US"},{"@type":"Organization","@id":"https:\/\/joonisfilm.ee\/en\/#organization","name":"EESTI Joonisfilm","url":"https:\/\/joonisfilm.ee\/en\/","logo":{"@type":"ImageObject","inLanguage":"en-US","@id":"https:\/\/joonisfilm.ee\/en\/#\/schema\/logo\/image\/","url":"https:\/\/joonisfilm.ee\/wp-content\/uploads\/2024\/06\/Eesti-Joonisfilm-logo-orig-foon-transparentne.png","contentUrl":"https:\/\/joonisfilm.ee\/wp-content\/uploads\/2024\/06\/Eesti-Joonisfilm-logo-orig-foon-transparentne.png","width":1000,"height":754,"caption":"EESTI Joonisfilm"},"image":{"@id":"https:\/\/joonisfilm.ee\/en\/#\/schema\/logo\/image\/"},"sameAs":["https:\/\/www.facebook.com\/Joonisfilm\/","https:\/\/www.instagram.com\/eesti_joonisfilm\/","https:\/\/www.youtube.com\/channel\/UCOF_pU5vkvtuOsVnE4xjp-A","https:\/\/vimeo.com\/joonisfilm"]}]}},"_links":{"self":[{"href":"https:\/\/joonisfilm.ee\/en\/wp-json\/wp\/v2\/pages\/1965","targetHints":{"allow":["GET"]}}],"collection":[{"href":"https:\/\/joonisfilm.ee\/en\/wp-json\/wp\/v2\/pages"}],"about":[{"href":"https:\/\/joonisfilm.ee\/en\/wp-json\/wp\/v2\/types\/page"}],"author":[{"embeddable":true,"href":"https:\/\/joonisfilm.ee\/en\/wp-json\/wp\/v2\/users\/1"}],"replies":[{"embeddable":true,"href":"https:\/\/joonisfilm.ee\/en\/wp-json\/wp\/v2\/comments?post=1965"}],"version-history":[{"count":1,"href":"https:\/\/joonisfilm.ee\/en\/wp-json\/wp\/v2\/pages\/1965\/revisions"}],"predecessor-version":[{"id":6152,"href":"https:\/\/joonisfilm.ee\/en\/wp-json\/wp\/v2\/pages\/1965\/revisions\/6152"}],"up":[{"embeddable":true,"href":"https:\/\/joonisfilm.ee\/en\/wp-json\/wp\/v2\/pages\/55"}],"wp:attachment":[{"href":"https:\/\/joonisfilm.ee\/en\/wp-json\/wp\/v2\/media?parent=1965"}],"curies":[{"name":"wp","href":"https:\/\/api.w.org\/{rel}","templated":true}]}}