{"id":2507,"date":"2016-10-26T19:44:02","date_gmt":"2016-10-26T19:44:02","guid":{"rendered":"http:\/\/www.joonisfilm.ee"},"modified":"2024-07-09T09:20:45","modified_gmt":"2024-07-09T09:20:45","slug":"the-eyeless-hunter-a-khanty-story","status":"publish","type":"page","link":"https:\/\/joonisfilm.ee\/en\/films\/the-eyeless-hunter-a-khanty-story\/","title":{"rendered":"THE EYELESS HUNTER. A KHANTY STORY"},"content":{"rendered":"ngg_shortcode_0_placeholder\n<table border=\"0\" class=\"mtr-table mtr-tr-td\">\n<tbody>\n<tr>\n<td data-mtr-content=\"Original title\" class=\"mtr-td-tag\"><div class=\"mtr-cell-content\">Original title<\/div><\/td>\n<td data-mtr-content=\"SILMADETA JAHIMEES. HANDI LUGU\" class=\"mtr-td-tag\"><div class=\"mtr-cell-content\">SILMADETA JAHIMEES. HANDI LUGU<\/div><\/td>\n<\/tr>\n<tr>\n<td data-mtr-content=\"Original title\" class=\"mtr-td-tag\"><div class=\"mtr-cell-content\">English title<\/div><\/td>\n<td data-mtr-content=\"SILMADETA JAHIMEES. HANDI LUGU\" class=\"mtr-td-tag\"><div class=\"mtr-cell-content\">THE EYELESS HUNTER. A KHANTY STORY<\/div><\/td>\n<\/tr>\n<tr>\n<td data-mtr-content=\"Original title\" class=\"mtr-td-tag\"><div class=\"mtr-cell-content\"><\/div><\/td>\n<td data-mtr-content=\"SILMADETA JAHIMEES. HANDI LUGU\" class=\"mtr-td-tag\"><div class=\"mtr-cell-content\"><\/div><\/td>\n<\/tr>\n<tr>\n<td data-mtr-content=\"Original title\" class=\"mtr-td-tag\"><div class=\"mtr-cell-content\">Script Authors<\/div><\/td>\n<td data-mtr-content=\"SILMADETA JAHIMEES. HANDI LUGU\" class=\"mtr-td-tag\"><div class=\"mtr-cell-content\">Priit P\u00e4rn<\/div><\/td>\n<\/tr>\n<tr>\n<td data-mtr-content=\"Original title\" class=\"mtr-td-tag\"><div class=\"mtr-cell-content\"><\/div><\/td>\n<td data-mtr-content=\"SILMADETA JAHIMEES. HANDI LUGU\" class=\"mtr-td-tag\"><div class=\"mtr-cell-content\">Olga P\u00e4rn<\/div><\/td>\n<\/tr>\n<tr>\n<td data-mtr-content=\"Original title\" class=\"mtr-td-tag\"><div class=\"mtr-cell-content\">Directors<\/div><\/td>\n<td data-mtr-content=\"SILMADETA JAHIMEES. HANDI LUGU\" class=\"mtr-td-tag\"><div class=\"mtr-cell-content\">Priit P\u00e4rn<\/div><\/td>\n<\/tr>\n<tr>\n<td data-mtr-content=\"Original title\" class=\"mtr-td-tag\"><div class=\"mtr-cell-content\"><\/div><\/td>\n<td data-mtr-content=\"SILMADETA JAHIMEES. HANDI LUGU\" class=\"mtr-td-tag\"><div class=\"mtr-cell-content\">Olga P\u00e4rn<\/div><\/td>\n<\/tr>\n<tr>\n<td data-mtr-content=\"Original title\" class=\"mtr-td-tag\"><div class=\"mtr-cell-content\">Art Directors<\/div><\/td>\n<td data-mtr-content=\"SILMADETA JAHIMEES. HANDI LUGU\" class=\"mtr-td-tag\"><div class=\"mtr-cell-content\">Priit P\u00e4rn<\/div><\/td>\n<\/tr>\n<tr>\n<td data-mtr-content=\"Original title\" class=\"mtr-td-tag\"><div class=\"mtr-cell-content\"><\/div><\/td>\n<td data-mtr-content=\"SILMADETA JAHIMEES. HANDI LUGU\" class=\"mtr-td-tag\"><div class=\"mtr-cell-content\">Olga P\u00e4rn<\/div><\/td>\n<\/tr>\n<tr>\n<td data-mtr-content=\"Original title\" class=\"mtr-td-tag\"><div class=\"mtr-cell-content\">Animators<\/div><\/td>\n<td data-mtr-content=\"SILMADETA JAHIMEES. HANDI LUGU\" class=\"mtr-td-tag\"><div class=\"mtr-cell-content\">Priit P\u00e4rn<\/div><\/td>\n<\/tr>\n<tr>\n<td data-mtr-content=\"Original title\" class=\"mtr-td-tag\"><div class=\"mtr-cell-content\"><\/div><\/td>\n<td data-mtr-content=\"SILMADETA JAHIMEES. HANDI LUGU\" class=\"mtr-td-tag\"><div class=\"mtr-cell-content\">Olga P\u00e4rn<\/div><\/td>\n<\/tr>\n<tr>\n<td data-mtr-content=\"Original title\" class=\"mtr-td-tag\"><div class=\"mtr-cell-content\">Narrator<\/div><\/td>\n<td data-mtr-content=\"SILMADETA JAHIMEES. HANDI LUGU\" class=\"mtr-td-tag\"><div class=\"mtr-cell-content\">Timofei Moldanov<\/div><\/td>\n<\/tr>\n<tr>\n<td data-mtr-content=\"Original title\" class=\"mtr-td-tag\"><div class=\"mtr-cell-content\">Music<\/div><\/td>\n<td data-mtr-content=\"SILMADETA JAHIMEES. HANDI LUGU\" class=\"mtr-td-tag\"><div class=\"mtr-cell-content\">Timofei Ket\u0161emov<\/div><\/td>\n<\/tr>\n<tr>\n<td data-mtr-content=\"Original title\" class=\"mtr-td-tag\"><div class=\"mtr-cell-content\">Sound Design<\/div><\/td>\n<td data-mtr-content=\"SILMADETA JAHIMEES. HANDI LUGU\" class=\"mtr-td-tag\"><div class=\"mtr-cell-content\">Horret Kuus<\/div><\/td>\n<\/tr>\n<tr>\n<td data-mtr-content=\"Original title\" class=\"mtr-td-tag\"><div class=\"mtr-cell-content\">Producer<\/div><\/td>\n<td data-mtr-content=\"SILMADETA JAHIMEES. HANDI LUGU\" class=\"mtr-td-tag\"><div class=\"mtr-cell-content\">Kalev Tamm<\/div><\/td>\n<\/tr>\n<\/tbody>\n<\/table>\n<p>\u00a9 2016 Eesti Rahva Muuseum, Eesti Joonisfilm<br \/>\n3&#8217;48&#8221; \/ DCP \/ 1,85:1 \/ colour \/ 5.1<\/p>\n<p>A Khanty man went hunting but did not bring home any catch. A wife stealthily followed her husband into the forest. The hunter lay down, took his eyes out and said, \u201cSemlek re-rem-rem\u201d. The wife seized the husband\u2019s eyes. The next day an elk was trotting by the camp. The hunter killed the elk. Later the hunter entered the conical tent where the wife secretly ate the meat. The wife thought that her brother-in-law had come and covered her face as it was the Khanty custom to avoid husband\u2019s male relatives seeing the wife\u2019s face. The wife complained that her husband was lazy and said that she had hidden his eyes in a box. They began to quarrel.<\/p>\n","protected":false},"excerpt":{"rendered":"<p>Original title SILMADETA JAHIMEES. HANDI LUGU English title THE EYELESS HUNTER. A KHANTY STORY Script Authors Priit P\u00e4rn Olga P\u00e4rn Directors Priit P\u00e4rn Olga P\u00e4rn Art Directors Priit P\u00e4rn Olga P\u00e4rn Animators Priit P\u00e4rn Olga P\u00e4rn Narrator Timofei Moldanov Music Timofei Ket\u0161emov Sound Design Horret Kuus Producer Kalev Tamm \u00a9 2016 Eesti Rahva Muuseum, Eesti [&hellip;]<\/p>\n","protected":false},"author":1,"featured_media":0,"parent":55,"menu_order":0,"comment_status":"closed","ping_status":"closed","template":"","meta":{"ngg_post_thumbnail":0,"footnotes":""},"class_list":["post-2507","page","type-page","status-publish","hentry"],"yoast_head":"<!-- This site is optimized with the Yoast SEO plugin v27.4 - https:\/\/yoast.com\/product\/yoast-seo-wordpress\/ -->\n<title>THE EYELESS HUNTER. A KHANTY STORY - Joonisfilm<\/title>\n<meta name=\"robots\" content=\"index, follow, max-snippet:-1, max-image-preview:large, max-video-preview:-1\" \/>\n<link rel=\"canonical\" href=\"https:\/\/joonisfilm.ee\/en\/films\/the-eyeless-hunter-a-khanty-story\/\" \/>\n<meta property=\"og:locale\" content=\"en_US\" \/>\n<meta property=\"og:type\" content=\"article\" \/>\n<meta property=\"og:title\" content=\"THE EYELESS HUNTER. A KHANTY STORY - Joonisfilm\" \/>\n<meta property=\"og:description\" content=\"Original title SILMADETA JAHIMEES. HANDI LUGU English title THE EYELESS HUNTER. A KHANTY STORY Script Authors Priit P\u00e4rn Olga P\u00e4rn Directors Priit P\u00e4rn Olga P\u00e4rn Art Directors Priit P\u00e4rn Olga P\u00e4rn Animators Priit P\u00e4rn Olga P\u00e4rn Narrator Timofei Moldanov Music Timofei Ket\u0161emov Sound Design Horret Kuus Producer Kalev Tamm \u00a9 2016 Eesti Rahva Muuseum, Eesti [&hellip;]\" \/>\n<meta property=\"og:url\" content=\"https:\/\/joonisfilm.ee\/en\/films\/the-eyeless-hunter-a-khanty-story\/\" \/>\n<meta property=\"og:site_name\" content=\"Joonisfilm\" \/>\n<meta property=\"article:publisher\" content=\"https:\/\/www.facebook.com\/Joonisfilm\/\" \/>\n<meta property=\"article:modified_time\" content=\"2024-07-09T09:20:45+00:00\" \/>\n<meta name=\"twitter:card\" content=\"summary_large_image\" \/>\n<meta name=\"twitter:label1\" content=\"Est. reading time\" \/>\n\t<meta name=\"twitter:data1\" content=\"1 minute\" \/>\n<script type=\"application\/ld+json\" class=\"yoast-schema-graph\">{\"@context\":\"https:\\\/\\\/schema.org\",\"@graph\":[{\"@type\":\"WebPage\",\"@id\":\"https:\\\/\\\/joonisfilm.ee\\\/en\\\/films\\\/the-eyeless-hunter-a-khanty-story\\\/\",\"url\":\"https:\\\/\\\/joonisfilm.ee\\\/en\\\/films\\\/the-eyeless-hunter-a-khanty-story\\\/\",\"name\":\"THE EYELESS HUNTER. A KHANTY STORY - Joonisfilm\",\"isPartOf\":{\"@id\":\"https:\\\/\\\/joonisfilm.ee\\\/en\\\/#website\"},\"datePublished\":\"2016-10-26T19:44:02+00:00\",\"dateModified\":\"2024-07-09T09:20:45+00:00\",\"breadcrumb\":{\"@id\":\"https:\\\/\\\/joonisfilm.ee\\\/en\\\/films\\\/the-eyeless-hunter-a-khanty-story\\\/#breadcrumb\"},\"inLanguage\":\"en-US\",\"potentialAction\":[{\"@type\":\"ReadAction\",\"target\":[\"https:\\\/\\\/joonisfilm.ee\\\/en\\\/films\\\/the-eyeless-hunter-a-khanty-story\\\/\"]}]},{\"@type\":\"BreadcrumbList\",\"@id\":\"https:\\\/\\\/joonisfilm.ee\\\/en\\\/films\\\/the-eyeless-hunter-a-khanty-story\\\/#breadcrumb\",\"itemListElement\":[{\"@type\":\"ListItem\",\"position\":1,\"name\":\"Home\",\"item\":\"https:\\\/\\\/joonisfilm.ee\\\/en\\\/\"},{\"@type\":\"ListItem\",\"position\":2,\"name\":\"FILMS\",\"item\":\"https:\\\/\\\/joonisfilm.ee\\\/en\\\/films\\\/\"},{\"@type\":\"ListItem\",\"position\":3,\"name\":\"THE EYELESS HUNTER. A KHANTY STORY\"}]},{\"@type\":\"WebSite\",\"@id\":\"https:\\\/\\\/joonisfilm.ee\\\/en\\\/#website\",\"url\":\"https:\\\/\\\/joonisfilm.ee\\\/en\\\/\",\"name\":\"Joonisfilm\",\"description\":\"Joonisfilmi koduleht\",\"publisher\":{\"@id\":\"https:\\\/\\\/joonisfilm.ee\\\/en\\\/#organization\"},\"potentialAction\":[{\"@type\":\"SearchAction\",\"target\":{\"@type\":\"EntryPoint\",\"urlTemplate\":\"https:\\\/\\\/joonisfilm.ee\\\/en\\\/?s={search_term_string}\"},\"query-input\":{\"@type\":\"PropertyValueSpecification\",\"valueRequired\":true,\"valueName\":\"search_term_string\"}}],\"inLanguage\":\"en-US\"},{\"@type\":\"Organization\",\"@id\":\"https:\\\/\\\/joonisfilm.ee\\\/en\\\/#organization\",\"name\":\"EESTI Joonisfilm\",\"url\":\"https:\\\/\\\/joonisfilm.ee\\\/en\\\/\",\"logo\":{\"@type\":\"ImageObject\",\"inLanguage\":\"en-US\",\"@id\":\"https:\\\/\\\/joonisfilm.ee\\\/en\\\/#\\\/schema\\\/logo\\\/image\\\/\",\"url\":\"https:\\\/\\\/joonisfilm.ee\\\/wp-content\\\/uploads\\\/2024\\\/06\\\/Eesti-Joonisfilm-logo-orig-foon-transparentne.png\",\"contentUrl\":\"https:\\\/\\\/joonisfilm.ee\\\/wp-content\\\/uploads\\\/2024\\\/06\\\/Eesti-Joonisfilm-logo-orig-foon-transparentne.png\",\"width\":1000,\"height\":754,\"caption\":\"EESTI Joonisfilm\"},\"image\":{\"@id\":\"https:\\\/\\\/joonisfilm.ee\\\/en\\\/#\\\/schema\\\/logo\\\/image\\\/\"},\"sameAs\":[\"https:\\\/\\\/www.facebook.com\\\/Joonisfilm\\\/\",\"https:\\\/\\\/www.instagram.com\\\/eesti_joonisfilm\\\/\",\"https:\\\/\\\/www.youtube.com\\\/channel\\\/UCOF_pU5vkvtuOsVnE4xjp-A\",\"https:\\\/\\\/vimeo.com\\\/joonisfilm\"]}]}<\/script>\n<!-- \/ Yoast SEO plugin. -->","yoast_head_json":{"title":"THE EYELESS HUNTER. A KHANTY STORY - Joonisfilm","robots":{"index":"index","follow":"follow","max-snippet":"max-snippet:-1","max-image-preview":"max-image-preview:large","max-video-preview":"max-video-preview:-1"},"canonical":"https:\/\/joonisfilm.ee\/en\/films\/the-eyeless-hunter-a-khanty-story\/","og_locale":"en_US","og_type":"article","og_title":"THE EYELESS HUNTER. A KHANTY STORY - Joonisfilm","og_description":"Original title SILMADETA JAHIMEES. HANDI LUGU English title THE EYELESS HUNTER. A KHANTY STORY Script Authors Priit P\u00e4rn Olga P\u00e4rn Directors Priit P\u00e4rn Olga P\u00e4rn Art Directors Priit P\u00e4rn Olga P\u00e4rn Animators Priit P\u00e4rn Olga P\u00e4rn Narrator Timofei Moldanov Music Timofei Ket\u0161emov Sound Design Horret Kuus Producer Kalev Tamm \u00a9 2016 Eesti Rahva Muuseum, Eesti [&hellip;]","og_url":"https:\/\/joonisfilm.ee\/en\/films\/the-eyeless-hunter-a-khanty-story\/","og_site_name":"Joonisfilm","article_publisher":"https:\/\/www.facebook.com\/Joonisfilm\/","article_modified_time":"2024-07-09T09:20:45+00:00","twitter_card":"summary_large_image","twitter_misc":{"Est. reading time":"1 minute"},"schema":{"@context":"https:\/\/schema.org","@graph":[{"@type":"WebPage","@id":"https:\/\/joonisfilm.ee\/en\/films\/the-eyeless-hunter-a-khanty-story\/","url":"https:\/\/joonisfilm.ee\/en\/films\/the-eyeless-hunter-a-khanty-story\/","name":"THE EYELESS HUNTER. A KHANTY STORY - Joonisfilm","isPartOf":{"@id":"https:\/\/joonisfilm.ee\/en\/#website"},"datePublished":"2016-10-26T19:44:02+00:00","dateModified":"2024-07-09T09:20:45+00:00","breadcrumb":{"@id":"https:\/\/joonisfilm.ee\/en\/films\/the-eyeless-hunter-a-khanty-story\/#breadcrumb"},"inLanguage":"en-US","potentialAction":[{"@type":"ReadAction","target":["https:\/\/joonisfilm.ee\/en\/films\/the-eyeless-hunter-a-khanty-story\/"]}]},{"@type":"BreadcrumbList","@id":"https:\/\/joonisfilm.ee\/en\/films\/the-eyeless-hunter-a-khanty-story\/#breadcrumb","itemListElement":[{"@type":"ListItem","position":1,"name":"Home","item":"https:\/\/joonisfilm.ee\/en\/"},{"@type":"ListItem","position":2,"name":"FILMS","item":"https:\/\/joonisfilm.ee\/en\/films\/"},{"@type":"ListItem","position":3,"name":"THE EYELESS HUNTER. A KHANTY STORY"}]},{"@type":"WebSite","@id":"https:\/\/joonisfilm.ee\/en\/#website","url":"https:\/\/joonisfilm.ee\/en\/","name":"Joonisfilm","description":"Joonisfilmi koduleht","publisher":{"@id":"https:\/\/joonisfilm.ee\/en\/#organization"},"potentialAction":[{"@type":"SearchAction","target":{"@type":"EntryPoint","urlTemplate":"https:\/\/joonisfilm.ee\/en\/?s={search_term_string}"},"query-input":{"@type":"PropertyValueSpecification","valueRequired":true,"valueName":"search_term_string"}}],"inLanguage":"en-US"},{"@type":"Organization","@id":"https:\/\/joonisfilm.ee\/en\/#organization","name":"EESTI Joonisfilm","url":"https:\/\/joonisfilm.ee\/en\/","logo":{"@type":"ImageObject","inLanguage":"en-US","@id":"https:\/\/joonisfilm.ee\/en\/#\/schema\/logo\/image\/","url":"https:\/\/joonisfilm.ee\/wp-content\/uploads\/2024\/06\/Eesti-Joonisfilm-logo-orig-foon-transparentne.png","contentUrl":"https:\/\/joonisfilm.ee\/wp-content\/uploads\/2024\/06\/Eesti-Joonisfilm-logo-orig-foon-transparentne.png","width":1000,"height":754,"caption":"EESTI Joonisfilm"},"image":{"@id":"https:\/\/joonisfilm.ee\/en\/#\/schema\/logo\/image\/"},"sameAs":["https:\/\/www.facebook.com\/Joonisfilm\/","https:\/\/www.instagram.com\/eesti_joonisfilm\/","https:\/\/www.youtube.com\/channel\/UCOF_pU5vkvtuOsVnE4xjp-A","https:\/\/vimeo.com\/joonisfilm"]}]}},"_links":{"self":[{"href":"https:\/\/joonisfilm.ee\/en\/wp-json\/wp\/v2\/pages\/2507","targetHints":{"allow":["GET"]}}],"collection":[{"href":"https:\/\/joonisfilm.ee\/en\/wp-json\/wp\/v2\/pages"}],"about":[{"href":"https:\/\/joonisfilm.ee\/en\/wp-json\/wp\/v2\/types\/page"}],"author":[{"embeddable":true,"href":"https:\/\/joonisfilm.ee\/en\/wp-json\/wp\/v2\/users\/1"}],"replies":[{"embeddable":true,"href":"https:\/\/joonisfilm.ee\/en\/wp-json\/wp\/v2\/comments?post=2507"}],"version-history":[{"count":1,"href":"https:\/\/joonisfilm.ee\/en\/wp-json\/wp\/v2\/pages\/2507\/revisions"}],"predecessor-version":[{"id":7180,"href":"https:\/\/joonisfilm.ee\/en\/wp-json\/wp\/v2\/pages\/2507\/revisions\/7180"}],"up":[{"embeddable":true,"href":"https:\/\/joonisfilm.ee\/en\/wp-json\/wp\/v2\/pages\/55"}],"wp:attachment":[{"href":"https:\/\/joonisfilm.ee\/en\/wp-json\/wp\/v2\/media?parent=2507"}],"curies":[{"name":"wp","href":"https:\/\/api.w.org\/{rel}","templated":true}]}}