{"id":2552,"date":"2016-10-26T20:27:44","date_gmt":"2016-10-26T20:27:44","guid":{"rendered":"http:\/\/www.joonisfilm.ee"},"modified":"2024-07-09T09:19:11","modified_gmt":"2024-07-09T09:19:11","slug":"mari-lugu-how-a-girl-was-wed-three-times-a-mari-story","status":"publish","type":"page","link":"https:\/\/joonisfilm.ee\/en\/films\/mari-lugu-how-a-girl-was-wed-three-times-a-mari-story\/","title":{"rendered":"MARI LUGU | HOW A GIRL WAS WED THREE TIMES. A MARI STORY"},"content":{"rendered":"ngg_shortcode_0_placeholder\n<table border=\"0\" class=\"mtr-table mtr-tr-td\">\n<tbody>\n<tr>\n<td data-mtr-content=\"Original title\" class=\"mtr-td-tag\"><div class=\"mtr-cell-content\">Original title<\/div><\/td>\n<td data-mtr-content=\"KUIDAS \u00dcKS PIIGA KOLMELE PEIULE MEHELE ANTI. MARI LUGU\" class=\"mtr-td-tag\"><div class=\"mtr-cell-content\">KUIDAS \u00dcKS PIIGA KOLMELE PEIULE MEHELE ANTI. MARI LUGU<\/div><\/td>\n<\/tr>\n<tr>\n<td data-mtr-content=\"Original title\" class=\"mtr-td-tag\"><div class=\"mtr-cell-content\">English title<\/div><\/td>\n<td data-mtr-content=\"KUIDAS \u00dcKS PIIGA KOLMELE PEIULE MEHELE ANTI. MARI LUGU\" class=\"mtr-td-tag\"><div class=\"mtr-cell-content\">HOW A GIRL WAS WED THREE TIMES. A MARI STORY<\/div><\/td>\n<\/tr>\n<tr>\n<td data-mtr-content=\"Original title\" class=\"mtr-td-tag\"><div class=\"mtr-cell-content\"><\/div><\/td>\n<td data-mtr-content=\"KUIDAS \u00dcKS PIIGA KOLMELE PEIULE MEHELE ANTI. MARI LUGU\" class=\"mtr-td-tag\"><div class=\"mtr-cell-content\"><\/div><\/td>\n<\/tr>\n<tr>\n<td data-mtr-content=\"Original title\" class=\"mtr-td-tag\"><div class=\"mtr-cell-content\">Script Author<\/div><\/td>\n<td data-mtr-content=\"KUIDAS \u00dcKS PIIGA KOLMELE PEIULE MEHELE ANTI. MARI LUGU\" class=\"mtr-td-tag\"><div class=\"mtr-cell-content\">Mattias M\u00e4lk<\/div><\/td>\n<\/tr>\n<tr>\n<td data-mtr-content=\"Original title\" class=\"mtr-td-tag\"><div class=\"mtr-cell-content\">Director<\/div><\/td>\n<td data-mtr-content=\"KUIDAS \u00dcKS PIIGA KOLMELE PEIULE MEHELE ANTI. MARI LUGU\" class=\"mtr-td-tag\"><div class=\"mtr-cell-content\">Mattias M\u00e4lk<\/div><\/td>\n<\/tr>\n<tr>\n<td data-mtr-content=\"Original title\" class=\"mtr-td-tag\"><div class=\"mtr-cell-content\">Art Director<\/div><\/td>\n<td data-mtr-content=\"KUIDAS \u00dcKS PIIGA KOLMELE PEIULE MEHELE ANTI. MARI LUGU\" class=\"mtr-td-tag\"><div class=\"mtr-cell-content\">Mattias M\u00e4lk<\/div><\/td>\n<\/tr>\n<tr>\n<td data-mtr-content=\"Original title\" class=\"mtr-td-tag\"><div class=\"mtr-cell-content\">Animator<\/div><\/td>\n<td data-mtr-content=\"KUIDAS \u00dcKS PIIGA KOLMELE PEIULE MEHELE ANTI. MARI LUGU\" class=\"mtr-td-tag\"><div class=\"mtr-cell-content\">Mattias M\u00e4lk<\/div><\/td>\n<\/tr>\n<tr>\n<td data-mtr-content=\"Original title\" class=\"mtr-td-tag\"><div class=\"mtr-cell-content\">Narrator<\/div><\/td>\n<td data-mtr-content=\"KUIDAS \u00dcKS PIIGA KOLMELE PEIULE MEHELE ANTI. MARI LUGU\" class=\"mtr-td-tag\"><div class=\"mtr-cell-content\">Anna Mi\u0161ina<\/div><\/td>\n<\/tr>\n<tr>\n<td data-mtr-content=\"Original title\" class=\"mtr-td-tag\"><div class=\"mtr-cell-content\">Song Performed by<\/div><\/td>\n<td data-mtr-content=\"KUIDAS \u00dcKS PIIGA KOLMELE PEIULE MEHELE ANTI. MARI LUGU\" class=\"mtr-td-tag\"><div class=\"mtr-cell-content\">Elvira Trifonova<\/div><\/td>\n<\/tr>\n<tr>\n<td data-mtr-content=\"Original title\" class=\"mtr-td-tag\"><div class=\"mtr-cell-content\">Sound Design<\/div><\/td>\n<td data-mtr-content=\"KUIDAS \u00dcKS PIIGA KOLMELE PEIULE MEHELE ANTI. MARI LUGU\" class=\"mtr-td-tag\"><div class=\"mtr-cell-content\">Horret Kuus<\/div><\/td>\n<\/tr>\n<tr>\n<td data-mtr-content=\"Original title\" class=\"mtr-td-tag\"><div class=\"mtr-cell-content\">Producer<\/div><\/td>\n<td data-mtr-content=\"KUIDAS \u00dcKS PIIGA KOLMELE PEIULE MEHELE ANTI. MARI LUGU\" class=\"mtr-td-tag\"><div class=\"mtr-cell-content\">Kalev Tamm<\/div><\/td>\n<\/tr>\n<\/tbody>\n<\/table>\n<p>\u00a9 2016 Eesti Rahva Muuseum, Eesti Joonisfilm<br \/>\n2&#8217;24&#8221; \/ DCP \/ 1,85:1 \/ colour \/ 5.1<\/p>\n<p>Everyone knows that a woman can find a way out of any situation. If a mother cannot afford to refuse a suitor for her daughter, she can marry off a cat or a dog instead.<br \/>\nBut how can one get along with a cat or a dog?<\/p>\n","protected":false},"excerpt":{"rendered":"<p>Original title KUIDAS \u00dcKS PIIGA KOLMELE PEIULE MEHELE ANTI. MARI LUGU English title HOW A GIRL WAS WED THREE TIMES. A MARI STORY Script Author Mattias M\u00e4lk Director Mattias M\u00e4lk Art Director Mattias M\u00e4lk Animator Mattias M\u00e4lk Narrator Anna Mi\u0161ina Song Performed by Elvira Trifonova Sound Design Horret Kuus Producer Kalev Tamm \u00a9 2016 Eesti [&hellip;]<\/p>\n","protected":false},"author":1,"featured_media":0,"parent":55,"menu_order":0,"comment_status":"closed","ping_status":"closed","template":"","meta":{"ngg_post_thumbnail":0,"footnotes":""},"class_list":["post-2552","page","type-page","status-publish","hentry"],"yoast_head":"<!-- This site is optimized with the Yoast SEO plugin v27.4 - https:\/\/yoast.com\/product\/yoast-seo-wordpress\/ -->\n<title>MARI LUGU | HOW A GIRL WAS WED THREE TIMES. A MARI STORY - Joonisfilm<\/title>\n<meta name=\"robots\" content=\"index, follow, max-snippet:-1, max-image-preview:large, max-video-preview:-1\" \/>\n<link rel=\"canonical\" href=\"https:\/\/joonisfilm.ee\/en\/films\/mari-lugu-how-a-girl-was-wed-three-times-a-mari-story\/\" \/>\n<meta property=\"og:locale\" content=\"en_US\" \/>\n<meta property=\"og:type\" content=\"article\" \/>\n<meta property=\"og:title\" content=\"MARI LUGU | HOW A GIRL WAS WED THREE TIMES. A MARI STORY - Joonisfilm\" \/>\n<meta property=\"og:description\" content=\"Original title KUIDAS \u00dcKS PIIGA KOLMELE PEIULE MEHELE ANTI. MARI LUGU English title HOW A GIRL WAS WED THREE TIMES. A MARI STORY Script Author Mattias M\u00e4lk Director Mattias M\u00e4lk Art Director Mattias M\u00e4lk Animator Mattias M\u00e4lk Narrator Anna Mi\u0161ina Song Performed by Elvira Trifonova Sound Design Horret Kuus Producer Kalev Tamm \u00a9 2016 Eesti [&hellip;]\" \/>\n<meta property=\"og:url\" content=\"https:\/\/joonisfilm.ee\/en\/films\/mari-lugu-how-a-girl-was-wed-three-times-a-mari-story\/\" \/>\n<meta property=\"og:site_name\" content=\"Joonisfilm\" \/>\n<meta property=\"article:publisher\" content=\"https:\/\/www.facebook.com\/Joonisfilm\/\" \/>\n<meta property=\"article:modified_time\" content=\"2024-07-09T09:19:11+00:00\" \/>\n<meta name=\"twitter:card\" content=\"summary_large_image\" \/>\n<meta name=\"twitter:label1\" content=\"Est. reading time\" \/>\n\t<meta name=\"twitter:data1\" content=\"1 minute\" \/>\n<script type=\"application\/ld+json\" class=\"yoast-schema-graph\">{\"@context\":\"https:\\\/\\\/schema.org\",\"@graph\":[{\"@type\":\"WebPage\",\"@id\":\"https:\\\/\\\/joonisfilm.ee\\\/en\\\/films\\\/mari-lugu-how-a-girl-was-wed-three-times-a-mari-story\\\/\",\"url\":\"https:\\\/\\\/joonisfilm.ee\\\/en\\\/films\\\/mari-lugu-how-a-girl-was-wed-three-times-a-mari-story\\\/\",\"name\":\"MARI LUGU | HOW A GIRL WAS WED THREE TIMES. A MARI STORY - Joonisfilm\",\"isPartOf\":{\"@id\":\"https:\\\/\\\/joonisfilm.ee\\\/en\\\/#website\"},\"datePublished\":\"2016-10-26T20:27:44+00:00\",\"dateModified\":\"2024-07-09T09:19:11+00:00\",\"breadcrumb\":{\"@id\":\"https:\\\/\\\/joonisfilm.ee\\\/en\\\/films\\\/mari-lugu-how-a-girl-was-wed-three-times-a-mari-story\\\/#breadcrumb\"},\"inLanguage\":\"en-US\",\"potentialAction\":[{\"@type\":\"ReadAction\",\"target\":[\"https:\\\/\\\/joonisfilm.ee\\\/en\\\/films\\\/mari-lugu-how-a-girl-was-wed-three-times-a-mari-story\\\/\"]}]},{\"@type\":\"BreadcrumbList\",\"@id\":\"https:\\\/\\\/joonisfilm.ee\\\/en\\\/films\\\/mari-lugu-how-a-girl-was-wed-three-times-a-mari-story\\\/#breadcrumb\",\"itemListElement\":[{\"@type\":\"ListItem\",\"position\":1,\"name\":\"Home\",\"item\":\"https:\\\/\\\/joonisfilm.ee\\\/en\\\/\"},{\"@type\":\"ListItem\",\"position\":2,\"name\":\"FILMS\",\"item\":\"https:\\\/\\\/joonisfilm.ee\\\/en\\\/films\\\/\"},{\"@type\":\"ListItem\",\"position\":3,\"name\":\"MARI LUGU | HOW A GIRL WAS WED THREE TIMES. A MARI STORY\"}]},{\"@type\":\"WebSite\",\"@id\":\"https:\\\/\\\/joonisfilm.ee\\\/en\\\/#website\",\"url\":\"https:\\\/\\\/joonisfilm.ee\\\/en\\\/\",\"name\":\"Joonisfilm\",\"description\":\"Joonisfilmi koduleht\",\"publisher\":{\"@id\":\"https:\\\/\\\/joonisfilm.ee\\\/en\\\/#organization\"},\"potentialAction\":[{\"@type\":\"SearchAction\",\"target\":{\"@type\":\"EntryPoint\",\"urlTemplate\":\"https:\\\/\\\/joonisfilm.ee\\\/en\\\/?s={search_term_string}\"},\"query-input\":{\"@type\":\"PropertyValueSpecification\",\"valueRequired\":true,\"valueName\":\"search_term_string\"}}],\"inLanguage\":\"en-US\"},{\"@type\":\"Organization\",\"@id\":\"https:\\\/\\\/joonisfilm.ee\\\/en\\\/#organization\",\"name\":\"EESTI Joonisfilm\",\"url\":\"https:\\\/\\\/joonisfilm.ee\\\/en\\\/\",\"logo\":{\"@type\":\"ImageObject\",\"inLanguage\":\"en-US\",\"@id\":\"https:\\\/\\\/joonisfilm.ee\\\/en\\\/#\\\/schema\\\/logo\\\/image\\\/\",\"url\":\"https:\\\/\\\/joonisfilm.ee\\\/wp-content\\\/uploads\\\/2024\\\/06\\\/Eesti-Joonisfilm-logo-orig-foon-transparentne.png\",\"contentUrl\":\"https:\\\/\\\/joonisfilm.ee\\\/wp-content\\\/uploads\\\/2024\\\/06\\\/Eesti-Joonisfilm-logo-orig-foon-transparentne.png\",\"width\":1000,\"height\":754,\"caption\":\"EESTI Joonisfilm\"},\"image\":{\"@id\":\"https:\\\/\\\/joonisfilm.ee\\\/en\\\/#\\\/schema\\\/logo\\\/image\\\/\"},\"sameAs\":[\"https:\\\/\\\/www.facebook.com\\\/Joonisfilm\\\/\",\"https:\\\/\\\/www.instagram.com\\\/eesti_joonisfilm\\\/\",\"https:\\\/\\\/www.youtube.com\\\/channel\\\/UCOF_pU5vkvtuOsVnE4xjp-A\",\"https:\\\/\\\/vimeo.com\\\/joonisfilm\"]}]}<\/script>\n<!-- \/ Yoast SEO plugin. -->","yoast_head_json":{"title":"MARI LUGU | HOW A GIRL WAS WED THREE TIMES. A MARI STORY - Joonisfilm","robots":{"index":"index","follow":"follow","max-snippet":"max-snippet:-1","max-image-preview":"max-image-preview:large","max-video-preview":"max-video-preview:-1"},"canonical":"https:\/\/joonisfilm.ee\/en\/films\/mari-lugu-how-a-girl-was-wed-three-times-a-mari-story\/","og_locale":"en_US","og_type":"article","og_title":"MARI LUGU | HOW A GIRL WAS WED THREE TIMES. A MARI STORY - Joonisfilm","og_description":"Original title KUIDAS \u00dcKS PIIGA KOLMELE PEIULE MEHELE ANTI. MARI LUGU English title HOW A GIRL WAS WED THREE TIMES. A MARI STORY Script Author Mattias M\u00e4lk Director Mattias M\u00e4lk Art Director Mattias M\u00e4lk Animator Mattias M\u00e4lk Narrator Anna Mi\u0161ina Song Performed by Elvira Trifonova Sound Design Horret Kuus Producer Kalev Tamm \u00a9 2016 Eesti [&hellip;]","og_url":"https:\/\/joonisfilm.ee\/en\/films\/mari-lugu-how-a-girl-was-wed-three-times-a-mari-story\/","og_site_name":"Joonisfilm","article_publisher":"https:\/\/www.facebook.com\/Joonisfilm\/","article_modified_time":"2024-07-09T09:19:11+00:00","twitter_card":"summary_large_image","twitter_misc":{"Est. reading time":"1 minute"},"schema":{"@context":"https:\/\/schema.org","@graph":[{"@type":"WebPage","@id":"https:\/\/joonisfilm.ee\/en\/films\/mari-lugu-how-a-girl-was-wed-three-times-a-mari-story\/","url":"https:\/\/joonisfilm.ee\/en\/films\/mari-lugu-how-a-girl-was-wed-three-times-a-mari-story\/","name":"MARI LUGU | HOW A GIRL WAS WED THREE TIMES. A MARI STORY - Joonisfilm","isPartOf":{"@id":"https:\/\/joonisfilm.ee\/en\/#website"},"datePublished":"2016-10-26T20:27:44+00:00","dateModified":"2024-07-09T09:19:11+00:00","breadcrumb":{"@id":"https:\/\/joonisfilm.ee\/en\/films\/mari-lugu-how-a-girl-was-wed-three-times-a-mari-story\/#breadcrumb"},"inLanguage":"en-US","potentialAction":[{"@type":"ReadAction","target":["https:\/\/joonisfilm.ee\/en\/films\/mari-lugu-how-a-girl-was-wed-three-times-a-mari-story\/"]}]},{"@type":"BreadcrumbList","@id":"https:\/\/joonisfilm.ee\/en\/films\/mari-lugu-how-a-girl-was-wed-three-times-a-mari-story\/#breadcrumb","itemListElement":[{"@type":"ListItem","position":1,"name":"Home","item":"https:\/\/joonisfilm.ee\/en\/"},{"@type":"ListItem","position":2,"name":"FILMS","item":"https:\/\/joonisfilm.ee\/en\/films\/"},{"@type":"ListItem","position":3,"name":"MARI LUGU | HOW A GIRL WAS WED THREE TIMES. A MARI STORY"}]},{"@type":"WebSite","@id":"https:\/\/joonisfilm.ee\/en\/#website","url":"https:\/\/joonisfilm.ee\/en\/","name":"Joonisfilm","description":"Joonisfilmi koduleht","publisher":{"@id":"https:\/\/joonisfilm.ee\/en\/#organization"},"potentialAction":[{"@type":"SearchAction","target":{"@type":"EntryPoint","urlTemplate":"https:\/\/joonisfilm.ee\/en\/?s={search_term_string}"},"query-input":{"@type":"PropertyValueSpecification","valueRequired":true,"valueName":"search_term_string"}}],"inLanguage":"en-US"},{"@type":"Organization","@id":"https:\/\/joonisfilm.ee\/en\/#organization","name":"EESTI Joonisfilm","url":"https:\/\/joonisfilm.ee\/en\/","logo":{"@type":"ImageObject","inLanguage":"en-US","@id":"https:\/\/joonisfilm.ee\/en\/#\/schema\/logo\/image\/","url":"https:\/\/joonisfilm.ee\/wp-content\/uploads\/2024\/06\/Eesti-Joonisfilm-logo-orig-foon-transparentne.png","contentUrl":"https:\/\/joonisfilm.ee\/wp-content\/uploads\/2024\/06\/Eesti-Joonisfilm-logo-orig-foon-transparentne.png","width":1000,"height":754,"caption":"EESTI Joonisfilm"},"image":{"@id":"https:\/\/joonisfilm.ee\/en\/#\/schema\/logo\/image\/"},"sameAs":["https:\/\/www.facebook.com\/Joonisfilm\/","https:\/\/www.instagram.com\/eesti_joonisfilm\/","https:\/\/www.youtube.com\/channel\/UCOF_pU5vkvtuOsVnE4xjp-A","https:\/\/vimeo.com\/joonisfilm"]}]}},"_links":{"self":[{"href":"https:\/\/joonisfilm.ee\/en\/wp-json\/wp\/v2\/pages\/2552","targetHints":{"allow":["GET"]}}],"collection":[{"href":"https:\/\/joonisfilm.ee\/en\/wp-json\/wp\/v2\/pages"}],"about":[{"href":"https:\/\/joonisfilm.ee\/en\/wp-json\/wp\/v2\/types\/page"}],"author":[{"embeddable":true,"href":"https:\/\/joonisfilm.ee\/en\/wp-json\/wp\/v2\/users\/1"}],"replies":[{"embeddable":true,"href":"https:\/\/joonisfilm.ee\/en\/wp-json\/wp\/v2\/comments?post=2552"}],"version-history":[{"count":2,"href":"https:\/\/joonisfilm.ee\/en\/wp-json\/wp\/v2\/pages\/2552\/revisions"}],"predecessor-version":[{"id":7179,"href":"https:\/\/joonisfilm.ee\/en\/wp-json\/wp\/v2\/pages\/2552\/revisions\/7179"}],"up":[{"embeddable":true,"href":"https:\/\/joonisfilm.ee\/en\/wp-json\/wp\/v2\/pages\/55"}],"wp:attachment":[{"href":"https:\/\/joonisfilm.ee\/en\/wp-json\/wp\/v2\/media?parent=2552"}],"curies":[{"name":"wp","href":"https:\/\/api.w.org\/{rel}","templated":true}]}}