{"id":2756,"date":"2018-01-01T00:01:38","date_gmt":"2018-01-01T00:01:38","guid":{"rendered":"http:\/\/www.joonisfilm.ee"},"modified":"2024-07-09T09:23:11","modified_gmt":"2024-07-09T09:23:11","slug":"strawberry-eaters","status":"publish","type":"page","link":"https:\/\/joonisfilm.ee\/en\/films\/strawberry-eaters\/","title":{"rendered":"STRAWBERRY EATERS"},"content":{"rendered":"ngg_shortcode_0_placeholder\n<p>Snails can&#8217;t wait for a strawberry farmer&#8217;s child to be born.<\/p>\n<table border=\"0\" class=\"mtr-table mtr-tr-td\">\n<tbody>\n<tr>\n<td data-mtr-content=\"Original title\" class=\"mtr-td-tag\"><div class=\"mtr-cell-content\">Original title<\/div><\/td>\n<td data-mtr-content=\"MAASIKA\u00d5GIJAD\" class=\"mtr-td-tag\"><div class=\"mtr-cell-content\">MAASIKA\u00d5GIJAD<\/div><\/td>\n<\/tr>\n<tr>\n<td data-mtr-content=\"Original title\" class=\"mtr-td-tag\"><div class=\"mtr-cell-content\">English title<\/div><\/td>\n<td data-mtr-content=\"MAASIKA\u00d5GIJAD\" class=\"mtr-td-tag\"><div class=\"mtr-cell-content\">STRAWBERRY EATERS<\/div><\/td>\n<\/tr>\n<tr>\n<td data-mtr-content=\"Original title\" class=\"mtr-td-tag\"><div class=\"mtr-cell-content\"><\/div><\/td>\n<td data-mtr-content=\"MAASIKA\u00d5GIJAD\" class=\"mtr-td-tag\"><div class=\"mtr-cell-content\"><\/div><\/td>\n<\/tr>\n<tr>\n<td data-mtr-content=\"Original title\" class=\"mtr-td-tag\"><div class=\"mtr-cell-content\">Script Author<\/div><\/td>\n<td data-mtr-content=\"MAASIKA\u00d5GIJAD\" class=\"mtr-td-tag\"><div class=\"mtr-cell-content\">Mattias M\u00e4lk<\/div><\/td>\n<\/tr>\n<tr>\n<td data-mtr-content=\"Original title\" class=\"mtr-td-tag\"><div class=\"mtr-cell-content\">Director<\/div><\/td>\n<td data-mtr-content=\"MAASIKA\u00d5GIJAD\" class=\"mtr-td-tag\"><div class=\"mtr-cell-content\">Mattias M\u00e4lk<\/div><\/td>\n<\/tr>\n<tr>\n<td data-mtr-content=\"Original title\" class=\"mtr-td-tag\"><div class=\"mtr-cell-content\">Art Design<\/div><\/td>\n<td data-mtr-content=\"MAASIKA\u00d5GIJAD\" class=\"mtr-td-tag\"><div class=\"mtr-cell-content\">Martinus Daane Klemet<\/div><\/td>\n<\/tr>\n<tr>\n<td data-mtr-content=\"Original title\" class=\"mtr-td-tag\"><div class=\"mtr-cell-content\">Composer<\/div><\/td>\n<td data-mtr-content=\"MAASIKA\u00d5GIJAD\" class=\"mtr-td-tag\"><div class=\"mtr-cell-content\">Liina Sumera<\/div><\/td>\n<\/tr>\n<tr>\n<td data-mtr-content=\"Original title\" class=\"mtr-td-tag\"><div class=\"mtr-cell-content\">Compositor<\/div><\/td>\n<td data-mtr-content=\"MAASIKA\u00d5GIJAD\" class=\"mtr-td-tag\"><div class=\"mtr-cell-content\">Mattias M\u00e4lk<\/div><\/td>\n<\/tr>\n<tr>\n<td data-mtr-content=\"Original title\" class=\"mtr-td-tag\"><div class=\"mtr-cell-content\">Animators<\/div><\/td>\n<td data-mtr-content=\"MAASIKA\u00d5GIJAD\" class=\"mtr-td-tag\"><div class=\"mtr-cell-content\">Heta J\u00e4\u00e4linoja<\/div><\/td>\n<\/tr>\n<tr>\n<td data-mtr-content=\"Original title\" class=\"mtr-td-tag\"><div class=\"mtr-cell-content\"><\/div><\/td>\n<td data-mtr-content=\"MAASIKA\u00d5GIJAD\" class=\"mtr-td-tag\"><div class=\"mtr-cell-content\">Paula Mauer<\/div><\/td>\n<\/tr>\n<tr>\n<td data-mtr-content=\"Original title\" class=\"mtr-td-tag\"><div class=\"mtr-cell-content\"><\/div><\/td>\n<td data-mtr-content=\"MAASIKA\u00d5GIJAD\" class=\"mtr-td-tag\"><div class=\"mtr-cell-content\">Mattias M\u00e4lk<\/div><\/td>\n<\/tr>\n<tr>\n<td data-mtr-content=\"Original title\" class=\"mtr-td-tag\"><div class=\"mtr-cell-content\">Sound Design<\/div><\/td>\n<td data-mtr-content=\"MAASIKA\u00d5GIJAD\" class=\"mtr-td-tag\"><div class=\"mtr-cell-content\">Horret Kuus<\/div><\/td>\n<\/tr>\n<tr>\n<td data-mtr-content=\"Original title\" class=\"mtr-td-tag\"><div class=\"mtr-cell-content\">Editor<\/div><\/td>\n<td data-mtr-content=\"MAASIKA\u00d5GIJAD\" class=\"mtr-td-tag\"><div class=\"mtr-cell-content\">Mattias M\u00e4lk<\/div><\/td>\n<\/tr>\n<tr>\n<td data-mtr-content=\"Original title\" class=\"mtr-td-tag\"><div class=\"mtr-cell-content\">Producer<\/div><\/td>\n<td data-mtr-content=\"MAASIKA\u00d5GIJAD\" class=\"mtr-td-tag\"><div class=\"mtr-cell-content\">Kalev Tamm<\/div><\/td>\n<\/tr>\n<\/tbody>\n<\/table>\n<p>\u00a9 2018 Eesti Joonisfilm<br \/>\n14&#8217;39&#8221; \/ DCP \/ 1,85:1 \/ colour \/ 5.1<\/p>\n<p>A fantasy film about two strawberry farmers whose field is destroyed by ravenous snails. The couple tries to start a new life in the city but when the woman announces they&#8217;re expecting a child, the paranoid man suspects that snails are behind that as well.<\/p>\n<p>Trailer: <a href=\"https:\/\/vimeo.com\/248295500\" target=\"_blank\" rel=\"noopener\">https:\/\/vimeo.com\/248295500<\/a><\/p>\n<p><em>Film production supported by<br \/>\n<\/em>ESTONIAN FILM INSTITUTE<br \/>\nESTONIAN CULTURAL ENDOWMENT<\/p>\n","protected":false},"excerpt":{"rendered":"<p>Snails can&#8217;t wait for a strawberry farmer&#8217;s child to be born. Original title MAASIKA\u00d5GIJAD English title STRAWBERRY EATERS Script Author Mattias M\u00e4lk Director Mattias M\u00e4lk Art Design Martinus Daane Klemet Composer Liina Sumera Compositor Mattias M\u00e4lk Animators Heta J\u00e4\u00e4linoja Paula Mauer Mattias M\u00e4lk Sound Design Horret Kuus Editor Mattias M\u00e4lk Producer Kalev Tamm \u00a9 2018 [&hellip;]<\/p>\n","protected":false},"author":1,"featured_media":0,"parent":55,"menu_order":0,"comment_status":"closed","ping_status":"closed","template":"","meta":{"ngg_post_thumbnail":0,"footnotes":""},"class_list":["post-2756","page","type-page","status-publish","hentry"],"yoast_head":"<!-- This site is optimized with the Yoast SEO plugin v27.4 - https:\/\/yoast.com\/product\/yoast-seo-wordpress\/ -->\n<title>STRAWBERRY EATERS - Joonisfilm<\/title>\n<meta name=\"robots\" content=\"index, follow, max-snippet:-1, max-image-preview:large, max-video-preview:-1\" \/>\n<link rel=\"canonical\" href=\"https:\/\/joonisfilm.ee\/en\/films\/strawberry-eaters\/\" \/>\n<meta property=\"og:locale\" content=\"en_US\" \/>\n<meta property=\"og:type\" content=\"article\" \/>\n<meta property=\"og:title\" content=\"STRAWBERRY EATERS - Joonisfilm\" \/>\n<meta property=\"og:description\" content=\"Snails can&#8217;t wait for a strawberry farmer&#8217;s child to be born. Original title MAASIKA\u00d5GIJAD English title STRAWBERRY EATERS Script Author Mattias M\u00e4lk Director Mattias M\u00e4lk Art Design Martinus Daane Klemet Composer Liina Sumera Compositor Mattias M\u00e4lk Animators Heta J\u00e4\u00e4linoja Paula Mauer Mattias M\u00e4lk Sound Design Horret Kuus Editor Mattias M\u00e4lk Producer Kalev Tamm \u00a9 2018 [&hellip;]\" \/>\n<meta property=\"og:url\" content=\"https:\/\/joonisfilm.ee\/en\/films\/strawberry-eaters\/\" \/>\n<meta property=\"og:site_name\" content=\"Joonisfilm\" \/>\n<meta property=\"article:publisher\" content=\"https:\/\/www.facebook.com\/Joonisfilm\/\" \/>\n<meta property=\"article:modified_time\" content=\"2024-07-09T09:23:11+00:00\" \/>\n<meta name=\"twitter:card\" content=\"summary_large_image\" \/>\n<meta name=\"twitter:label1\" content=\"Est. reading time\" \/>\n\t<meta name=\"twitter:data1\" content=\"1 minute\" \/>\n<script type=\"application\/ld+json\" class=\"yoast-schema-graph\">{\"@context\":\"https:\\\/\\\/schema.org\",\"@graph\":[{\"@type\":\"WebPage\",\"@id\":\"https:\\\/\\\/joonisfilm.ee\\\/en\\\/films\\\/strawberry-eaters\\\/\",\"url\":\"https:\\\/\\\/joonisfilm.ee\\\/en\\\/films\\\/strawberry-eaters\\\/\",\"name\":\"STRAWBERRY EATERS - Joonisfilm\",\"isPartOf\":{\"@id\":\"https:\\\/\\\/joonisfilm.ee\\\/en\\\/#website\"},\"datePublished\":\"2018-01-01T00:01:38+00:00\",\"dateModified\":\"2024-07-09T09:23:11+00:00\",\"breadcrumb\":{\"@id\":\"https:\\\/\\\/joonisfilm.ee\\\/en\\\/films\\\/strawberry-eaters\\\/#breadcrumb\"},\"inLanguage\":\"en-US\",\"potentialAction\":[{\"@type\":\"ReadAction\",\"target\":[\"https:\\\/\\\/joonisfilm.ee\\\/en\\\/films\\\/strawberry-eaters\\\/\"]}]},{\"@type\":\"BreadcrumbList\",\"@id\":\"https:\\\/\\\/joonisfilm.ee\\\/en\\\/films\\\/strawberry-eaters\\\/#breadcrumb\",\"itemListElement\":[{\"@type\":\"ListItem\",\"position\":1,\"name\":\"Home\",\"item\":\"https:\\\/\\\/joonisfilm.ee\\\/en\\\/\"},{\"@type\":\"ListItem\",\"position\":2,\"name\":\"FILMS\",\"item\":\"https:\\\/\\\/joonisfilm.ee\\\/en\\\/films\\\/\"},{\"@type\":\"ListItem\",\"position\":3,\"name\":\"STRAWBERRY EATERS\"}]},{\"@type\":\"WebSite\",\"@id\":\"https:\\\/\\\/joonisfilm.ee\\\/en\\\/#website\",\"url\":\"https:\\\/\\\/joonisfilm.ee\\\/en\\\/\",\"name\":\"Joonisfilm\",\"description\":\"Joonisfilmi koduleht\",\"publisher\":{\"@id\":\"https:\\\/\\\/joonisfilm.ee\\\/en\\\/#organization\"},\"potentialAction\":[{\"@type\":\"SearchAction\",\"target\":{\"@type\":\"EntryPoint\",\"urlTemplate\":\"https:\\\/\\\/joonisfilm.ee\\\/en\\\/?s={search_term_string}\"},\"query-input\":{\"@type\":\"PropertyValueSpecification\",\"valueRequired\":true,\"valueName\":\"search_term_string\"}}],\"inLanguage\":\"en-US\"},{\"@type\":\"Organization\",\"@id\":\"https:\\\/\\\/joonisfilm.ee\\\/en\\\/#organization\",\"name\":\"EESTI Joonisfilm\",\"url\":\"https:\\\/\\\/joonisfilm.ee\\\/en\\\/\",\"logo\":{\"@type\":\"ImageObject\",\"inLanguage\":\"en-US\",\"@id\":\"https:\\\/\\\/joonisfilm.ee\\\/en\\\/#\\\/schema\\\/logo\\\/image\\\/\",\"url\":\"https:\\\/\\\/joonisfilm.ee\\\/wp-content\\\/uploads\\\/2024\\\/06\\\/Eesti-Joonisfilm-logo-orig-foon-transparentne.png\",\"contentUrl\":\"https:\\\/\\\/joonisfilm.ee\\\/wp-content\\\/uploads\\\/2024\\\/06\\\/Eesti-Joonisfilm-logo-orig-foon-transparentne.png\",\"width\":1000,\"height\":754,\"caption\":\"EESTI Joonisfilm\"},\"image\":{\"@id\":\"https:\\\/\\\/joonisfilm.ee\\\/en\\\/#\\\/schema\\\/logo\\\/image\\\/\"},\"sameAs\":[\"https:\\\/\\\/www.facebook.com\\\/Joonisfilm\\\/\",\"https:\\\/\\\/www.instagram.com\\\/eesti_joonisfilm\\\/\",\"https:\\\/\\\/www.youtube.com\\\/channel\\\/UCOF_pU5vkvtuOsVnE4xjp-A\",\"https:\\\/\\\/vimeo.com\\\/joonisfilm\"]}]}<\/script>\n<!-- \/ Yoast SEO plugin. -->","yoast_head_json":{"title":"STRAWBERRY EATERS - Joonisfilm","robots":{"index":"index","follow":"follow","max-snippet":"max-snippet:-1","max-image-preview":"max-image-preview:large","max-video-preview":"max-video-preview:-1"},"canonical":"https:\/\/joonisfilm.ee\/en\/films\/strawberry-eaters\/","og_locale":"en_US","og_type":"article","og_title":"STRAWBERRY EATERS - Joonisfilm","og_description":"Snails can&#8217;t wait for a strawberry farmer&#8217;s child to be born. Original title MAASIKA\u00d5GIJAD English title STRAWBERRY EATERS Script Author Mattias M\u00e4lk Director Mattias M\u00e4lk Art Design Martinus Daane Klemet Composer Liina Sumera Compositor Mattias M\u00e4lk Animators Heta J\u00e4\u00e4linoja Paula Mauer Mattias M\u00e4lk Sound Design Horret Kuus Editor Mattias M\u00e4lk Producer Kalev Tamm \u00a9 2018 [&hellip;]","og_url":"https:\/\/joonisfilm.ee\/en\/films\/strawberry-eaters\/","og_site_name":"Joonisfilm","article_publisher":"https:\/\/www.facebook.com\/Joonisfilm\/","article_modified_time":"2024-07-09T09:23:11+00:00","twitter_card":"summary_large_image","twitter_misc":{"Est. reading time":"1 minute"},"schema":{"@context":"https:\/\/schema.org","@graph":[{"@type":"WebPage","@id":"https:\/\/joonisfilm.ee\/en\/films\/strawberry-eaters\/","url":"https:\/\/joonisfilm.ee\/en\/films\/strawberry-eaters\/","name":"STRAWBERRY EATERS - Joonisfilm","isPartOf":{"@id":"https:\/\/joonisfilm.ee\/en\/#website"},"datePublished":"2018-01-01T00:01:38+00:00","dateModified":"2024-07-09T09:23:11+00:00","breadcrumb":{"@id":"https:\/\/joonisfilm.ee\/en\/films\/strawberry-eaters\/#breadcrumb"},"inLanguage":"en-US","potentialAction":[{"@type":"ReadAction","target":["https:\/\/joonisfilm.ee\/en\/films\/strawberry-eaters\/"]}]},{"@type":"BreadcrumbList","@id":"https:\/\/joonisfilm.ee\/en\/films\/strawberry-eaters\/#breadcrumb","itemListElement":[{"@type":"ListItem","position":1,"name":"Home","item":"https:\/\/joonisfilm.ee\/en\/"},{"@type":"ListItem","position":2,"name":"FILMS","item":"https:\/\/joonisfilm.ee\/en\/films\/"},{"@type":"ListItem","position":3,"name":"STRAWBERRY EATERS"}]},{"@type":"WebSite","@id":"https:\/\/joonisfilm.ee\/en\/#website","url":"https:\/\/joonisfilm.ee\/en\/","name":"Joonisfilm","description":"Joonisfilmi koduleht","publisher":{"@id":"https:\/\/joonisfilm.ee\/en\/#organization"},"potentialAction":[{"@type":"SearchAction","target":{"@type":"EntryPoint","urlTemplate":"https:\/\/joonisfilm.ee\/en\/?s={search_term_string}"},"query-input":{"@type":"PropertyValueSpecification","valueRequired":true,"valueName":"search_term_string"}}],"inLanguage":"en-US"},{"@type":"Organization","@id":"https:\/\/joonisfilm.ee\/en\/#organization","name":"EESTI Joonisfilm","url":"https:\/\/joonisfilm.ee\/en\/","logo":{"@type":"ImageObject","inLanguage":"en-US","@id":"https:\/\/joonisfilm.ee\/en\/#\/schema\/logo\/image\/","url":"https:\/\/joonisfilm.ee\/wp-content\/uploads\/2024\/06\/Eesti-Joonisfilm-logo-orig-foon-transparentne.png","contentUrl":"https:\/\/joonisfilm.ee\/wp-content\/uploads\/2024\/06\/Eesti-Joonisfilm-logo-orig-foon-transparentne.png","width":1000,"height":754,"caption":"EESTI Joonisfilm"},"image":{"@id":"https:\/\/joonisfilm.ee\/en\/#\/schema\/logo\/image\/"},"sameAs":["https:\/\/www.facebook.com\/Joonisfilm\/","https:\/\/www.instagram.com\/eesti_joonisfilm\/","https:\/\/www.youtube.com\/channel\/UCOF_pU5vkvtuOsVnE4xjp-A","https:\/\/vimeo.com\/joonisfilm"]}]}},"_links":{"self":[{"href":"https:\/\/joonisfilm.ee\/en\/wp-json\/wp\/v2\/pages\/2756","targetHints":{"allow":["GET"]}}],"collection":[{"href":"https:\/\/joonisfilm.ee\/en\/wp-json\/wp\/v2\/pages"}],"about":[{"href":"https:\/\/joonisfilm.ee\/en\/wp-json\/wp\/v2\/types\/page"}],"author":[{"embeddable":true,"href":"https:\/\/joonisfilm.ee\/en\/wp-json\/wp\/v2\/users\/1"}],"replies":[{"embeddable":true,"href":"https:\/\/joonisfilm.ee\/en\/wp-json\/wp\/v2\/comments?post=2756"}],"version-history":[{"count":1,"href":"https:\/\/joonisfilm.ee\/en\/wp-json\/wp\/v2\/pages\/2756\/revisions"}],"predecessor-version":[{"id":6181,"href":"https:\/\/joonisfilm.ee\/en\/wp-json\/wp\/v2\/pages\/2756\/revisions\/6181"}],"up":[{"embeddable":true,"href":"https:\/\/joonisfilm.ee\/en\/wp-json\/wp\/v2\/pages\/55"}],"wp:attachment":[{"href":"https:\/\/joonisfilm.ee\/en\/wp-json\/wp\/v2\/media?parent=2756"}],"curies":[{"name":"wp","href":"https:\/\/api.w.org\/{rel}","templated":true}]}}