{"id":2794,"date":"2018-01-02T22:55:27","date_gmt":"2018-01-02T22:55:27","guid":{"rendered":"http:\/\/www.joonisfilm.ee"},"modified":"2024-07-09T09:25:14","modified_gmt":"2024-07-09T09:25:14","slug":"lotte-and-the-lost-dragons","status":"publish","type":"page","link":"https:\/\/joonisfilm.ee\/en\/films\/lotte-and-the-lost-dragons\/","title":{"rendered":"LOTTE AND THE LOST DRAGONS"},"content":{"rendered":"ngg_shortcode_0_placeholder\n<p><em><span style=\"color: #1791ff;\"><strong><span style=\"color: #1791ff;\">The film was made for the 100th anniversary of the Republic of Estonia<\/span><\/strong><\/span><\/em><\/p>\n<table border=\"0\" class=\"mtr-table mtr-tr-td\">\n<tbody>\n<tr>\n<td data-mtr-content=\"Original title\" class=\"mtr-td-tag\"><div class=\"mtr-cell-content\">Original title<\/div><\/td>\n<td data-mtr-content=\"LOTTE JA KADUNUD LOHED\" class=\"mtr-td-tag\"><div class=\"mtr-cell-content\">LOTTE JA KADUNUD LOHED<\/div><\/td>\n<\/tr>\n<tr>\n<td data-mtr-content=\"Original title\" class=\"mtr-td-tag\"><div class=\"mtr-cell-content\">English title<\/div><\/td>\n<td data-mtr-content=\"LOTTE JA KADUNUD LOHED\" class=\"mtr-td-tag\"><div class=\"mtr-cell-content\">LOTTE AND THE LOST DRAGONS<\/div><\/td>\n<\/tr>\n<tr>\n<td data-mtr-content=\"Original title\" class=\"mtr-td-tag\"><div class=\"mtr-cell-content\"><\/div><\/td>\n<td data-mtr-content=\"LOTTE JA KADUNUD LOHED\" class=\"mtr-td-tag\"><div class=\"mtr-cell-content\"><\/div><\/td>\n<\/tr>\n<tr>\n<td data-mtr-content=\"Original title\" class=\"mtr-td-tag\"><div class=\"mtr-cell-content\">Script Authors<\/div><\/td>\n<td data-mtr-content=\"LOTTE JA KADUNUD LOHED\" class=\"mtr-td-tag\"><div class=\"mtr-cell-content\">Janno P\u00f5ldma<\/div><\/td>\n<\/tr>\n<tr>\n<td data-mtr-content=\"Original title\" class=\"mtr-td-tag\"><div class=\"mtr-cell-content\"><\/div><\/td>\n<td data-mtr-content=\"LOTTE JA KADUNUD LOHED\" class=\"mtr-td-tag\"><div class=\"mtr-cell-content\">Heiki Ernits<\/div><\/td>\n<\/tr>\n<tr>\n<td data-mtr-content=\"Original title\" class=\"mtr-td-tag\"><div class=\"mtr-cell-content\"><\/div><\/td>\n<td data-mtr-content=\"LOTTE JA KADUNUD LOHED\" class=\"mtr-td-tag\"><div class=\"mtr-cell-content\">Andrus Kivir\u00e4hk<\/div><\/td>\n<\/tr>\n<tr>\n<td data-mtr-content=\"Original title\" class=\"mtr-td-tag\"><div class=\"mtr-cell-content\">Directors<\/div><\/td>\n<td data-mtr-content=\"LOTTE JA KADUNUD LOHED\" class=\"mtr-td-tag\"><div class=\"mtr-cell-content\">Janno P\u00f5ldma<\/div><\/td>\n<\/tr>\n<tr>\n<td data-mtr-content=\"Original title\" class=\"mtr-td-tag\"><div class=\"mtr-cell-content\"><\/div><\/td>\n<td data-mtr-content=\"LOTTE JA KADUNUD LOHED\" class=\"mtr-td-tag\"><div class=\"mtr-cell-content\">Heiki Ernits<\/div><\/td>\n<\/tr>\n<tr>\n<td data-mtr-content=\"Original title\" class=\"mtr-td-tag\"><div class=\"mtr-cell-content\">Production Designer<\/div><\/td>\n<td data-mtr-content=\"LOTTE JA KADUNUD LOHED\" class=\"mtr-td-tag\"><div class=\"mtr-cell-content\">Heiki Ernits<\/div><\/td>\n<\/tr>\n<tr>\n<td data-mtr-content=\"Original title\" class=\"mtr-td-tag\"><div class=\"mtr-cell-content\">Background Artists<\/div><\/td>\n<td data-mtr-content=\"LOTTE JA KADUNUD LOHED\" class=\"mtr-td-tag\"><div class=\"mtr-cell-content\">Laima Puntule<\/div><\/td>\n<\/tr>\n<tr>\n<td data-mtr-content=\"Original title\" class=\"mtr-td-tag\"><div class=\"mtr-cell-content\"><\/div><\/td>\n<td data-mtr-content=\"LOTTE JA KADUNUD LOHED\" class=\"mtr-td-tag\"><div class=\"mtr-cell-content\">Katri Haarde<\/div><\/td>\n<\/tr>\n<tr>\n<td data-mtr-content=\"Original title\" class=\"mtr-td-tag\"><div class=\"mtr-cell-content\">Composer<\/div><\/td>\n<td data-mtr-content=\"LOTTE JA KADUNUD LOHED\" class=\"mtr-td-tag\"><div class=\"mtr-cell-content\">Sven Gr\u00fcnberg<\/div><\/td>\n<\/tr>\n<tr>\n<td data-mtr-content=\"Original title\" class=\"mtr-td-tag\"><div class=\"mtr-cell-content\">Songs<\/div><\/td>\n<td data-mtr-content=\"LOTTE JA KADUNUD LOHED\" class=\"mtr-td-tag\"><div class=\"mtr-cell-content\">Sven Gr\u00fcnberg<\/div><\/td>\n<\/tr>\n<tr>\n<td data-mtr-content=\"Original title\" class=\"mtr-td-tag\"><div class=\"mtr-cell-content\"><\/div><\/td>\n<td data-mtr-content=\"LOTTE JA KADUNUD LOHED\" class=\"mtr-td-tag\"><div class=\"mtr-cell-content\">Ren\u0101rs Kaupers<\/div><\/td>\n<\/tr>\n<tr>\n<td data-mtr-content=\"Original title\" class=\"mtr-td-tag\"><div class=\"mtr-cell-content\">Sound Design<\/div><\/td>\n<td data-mtr-content=\"LOTTE JA KADUNUD LOHED\" class=\"mtr-td-tag\"><div class=\"mtr-cell-content\">Horret Kuus<\/div><\/td>\n<\/tr>\n<tr>\n<td data-mtr-content=\"Original title\" class=\"mtr-td-tag\"><div class=\"mtr-cell-content\">Editor<\/div><\/td>\n<td data-mtr-content=\"LOTTE JA KADUNUD LOHED\" class=\"mtr-td-tag\"><div class=\"mtr-cell-content\">Janno P\u00f5ldma<\/div><\/td>\n<\/tr>\n<tr>\n<td data-mtr-content=\"Original title\" class=\"mtr-td-tag\"><div class=\"mtr-cell-content\">Producer<\/div><\/td>\n<td data-mtr-content=\"LOTTE JA KADUNUD LOHED\" class=\"mtr-td-tag\"><div class=\"mtr-cell-content\">Kalev Tamm<\/div><\/td>\n<\/tr>\n<tr>\n<td data-mtr-content=\"Original title\" class=\"mtr-td-tag\"><div class=\"mtr-cell-content\">Co-producer<\/div><\/td>\n<td data-mtr-content=\"LOTTE JA KADUNUD LOHED\" class=\"mtr-td-tag\"><div class=\"mtr-cell-content\">Vilnis Kalnaellis<\/div><\/td>\n<\/tr>\n<\/tbody>\n<\/table>\n<p>\u00a9 2019 Eesti Joonisfilm, Rija Films<br \/>\n78&#8217;00&#8221; \/ DCP \/ 1,85:1 \/ colour \/ 5.1<\/p>\n<p>In this third film of the series of Lotte films that children know and love, the spirited girl dog Lotte gets a little sister named Roosi. Karl the raccoon and Viktor the fish are scientists who come to Gadgetville. They are taking part in a big folk song collecting competition. Whoever succeeds in recording the folk song of the world\u2019s oldest animal species, the mythical fire-breathing dragon, wins the competition\u2019s grand prize. Lotte and Roosi decide to help the scientists. Exciting and unexpected adventures await the sisters.<\/p>\n<p>Trailer:<br \/>\n<a href=\"https:\/\/vimeo.com\/288709860\" target=\"_blank\" rel=\"noopener\">https:\/\/vimeo.com\/288709860<\/a><a href=\"https:\/\/vimeo.com\/288709212\" target=\"_blank\" rel=\"noopener\"><br \/>\n<\/a><a href=\"https:\/\/www.youtube.com\/watch?v=rngzhSGcf7A\" target=\"_blank\" rel=\"noopener\">https:\/\/www.youtube.com\/watch?v=rngzhSGcf7A<\/a><\/p>\n<p><span style=\"font-style: italic;\">Film production supported by<br \/>\n<\/span>ESTONIAN FILM INSTITUTE<br \/>\nNATIONAL FILM CENTRE OF LATVIA<br \/>\nMEDIA<br \/>\nSHORTCUT<br \/>\nESTONIAN PUBLIC BROADCASTING<\/p>\n","protected":false},"excerpt":{"rendered":"<p>The film was made for the 100th anniversary of the Republic of Estonia Original title LOTTE JA KADUNUD LOHED English title LOTTE AND THE LOST DRAGONS Script Authors Janno P\u00f5ldma Heiki Ernits Andrus Kivir\u00e4hk Directors Janno P\u00f5ldma Heiki Ernits Production Designer Heiki Ernits Background Artists Laima Puntule Katri Haarde Composer Sven Gr\u00fcnberg Songs Sven Gr\u00fcnberg [&hellip;]<\/p>\n","protected":false},"author":1,"featured_media":0,"parent":55,"menu_order":0,"comment_status":"closed","ping_status":"closed","template":"","meta":{"ngg_post_thumbnail":0,"footnotes":""},"class_list":["post-2794","page","type-page","status-publish","hentry"],"yoast_head":"<!-- This site is optimized with the Yoast SEO plugin v27.4 - https:\/\/yoast.com\/product\/yoast-seo-wordpress\/ -->\n<title>LOTTE AND THE LOST DRAGONS - Joonisfilm<\/title>\n<meta name=\"robots\" content=\"index, follow, max-snippet:-1, max-image-preview:large, max-video-preview:-1\" \/>\n<link rel=\"canonical\" href=\"https:\/\/joonisfilm.ee\/en\/films\/lotte-and-the-lost-dragons\/\" \/>\n<meta property=\"og:locale\" content=\"en_US\" \/>\n<meta property=\"og:type\" content=\"article\" \/>\n<meta property=\"og:title\" content=\"LOTTE AND THE LOST DRAGONS - Joonisfilm\" \/>\n<meta property=\"og:description\" content=\"The film was made for the 100th anniversary of the Republic of Estonia Original title LOTTE JA KADUNUD LOHED English title LOTTE AND THE LOST DRAGONS Script Authors Janno P\u00f5ldma Heiki Ernits Andrus Kivir\u00e4hk Directors Janno P\u00f5ldma Heiki Ernits Production Designer Heiki Ernits Background Artists Laima Puntule Katri Haarde Composer Sven Gr\u00fcnberg Songs Sven Gr\u00fcnberg [&hellip;]\" \/>\n<meta property=\"og:url\" content=\"https:\/\/joonisfilm.ee\/en\/films\/lotte-and-the-lost-dragons\/\" \/>\n<meta property=\"og:site_name\" content=\"Joonisfilm\" \/>\n<meta property=\"article:publisher\" content=\"https:\/\/www.facebook.com\/Joonisfilm\/\" \/>\n<meta property=\"article:modified_time\" content=\"2024-07-09T09:25:14+00:00\" \/>\n<meta name=\"twitter:card\" content=\"summary_large_image\" \/>\n<meta name=\"twitter:label1\" content=\"Est. reading time\" \/>\n\t<meta name=\"twitter:data1\" content=\"1 minute\" \/>\n<script type=\"application\/ld+json\" class=\"yoast-schema-graph\">{\"@context\":\"https:\\\/\\\/schema.org\",\"@graph\":[{\"@type\":\"WebPage\",\"@id\":\"https:\\\/\\\/joonisfilm.ee\\\/en\\\/films\\\/lotte-and-the-lost-dragons\\\/\",\"url\":\"https:\\\/\\\/joonisfilm.ee\\\/en\\\/films\\\/lotte-and-the-lost-dragons\\\/\",\"name\":\"LOTTE AND THE LOST DRAGONS - Joonisfilm\",\"isPartOf\":{\"@id\":\"https:\\\/\\\/joonisfilm.ee\\\/en\\\/#website\"},\"datePublished\":\"2018-01-02T22:55:27+00:00\",\"dateModified\":\"2024-07-09T09:25:14+00:00\",\"breadcrumb\":{\"@id\":\"https:\\\/\\\/joonisfilm.ee\\\/en\\\/films\\\/lotte-and-the-lost-dragons\\\/#breadcrumb\"},\"inLanguage\":\"en-US\",\"potentialAction\":[{\"@type\":\"ReadAction\",\"target\":[\"https:\\\/\\\/joonisfilm.ee\\\/en\\\/films\\\/lotte-and-the-lost-dragons\\\/\"]}]},{\"@type\":\"BreadcrumbList\",\"@id\":\"https:\\\/\\\/joonisfilm.ee\\\/en\\\/films\\\/lotte-and-the-lost-dragons\\\/#breadcrumb\",\"itemListElement\":[{\"@type\":\"ListItem\",\"position\":1,\"name\":\"Home\",\"item\":\"https:\\\/\\\/joonisfilm.ee\\\/en\\\/\"},{\"@type\":\"ListItem\",\"position\":2,\"name\":\"FILMS\",\"item\":\"https:\\\/\\\/joonisfilm.ee\\\/en\\\/films\\\/\"},{\"@type\":\"ListItem\",\"position\":3,\"name\":\"LOTTE AND THE LOST DRAGONS\"}]},{\"@type\":\"WebSite\",\"@id\":\"https:\\\/\\\/joonisfilm.ee\\\/en\\\/#website\",\"url\":\"https:\\\/\\\/joonisfilm.ee\\\/en\\\/\",\"name\":\"Joonisfilm\",\"description\":\"Joonisfilmi koduleht\",\"publisher\":{\"@id\":\"https:\\\/\\\/joonisfilm.ee\\\/en\\\/#organization\"},\"potentialAction\":[{\"@type\":\"SearchAction\",\"target\":{\"@type\":\"EntryPoint\",\"urlTemplate\":\"https:\\\/\\\/joonisfilm.ee\\\/en\\\/?s={search_term_string}\"},\"query-input\":{\"@type\":\"PropertyValueSpecification\",\"valueRequired\":true,\"valueName\":\"search_term_string\"}}],\"inLanguage\":\"en-US\"},{\"@type\":\"Organization\",\"@id\":\"https:\\\/\\\/joonisfilm.ee\\\/en\\\/#organization\",\"name\":\"EESTI Joonisfilm\",\"url\":\"https:\\\/\\\/joonisfilm.ee\\\/en\\\/\",\"logo\":{\"@type\":\"ImageObject\",\"inLanguage\":\"en-US\",\"@id\":\"https:\\\/\\\/joonisfilm.ee\\\/en\\\/#\\\/schema\\\/logo\\\/image\\\/\",\"url\":\"https:\\\/\\\/joonisfilm.ee\\\/wp-content\\\/uploads\\\/2024\\\/06\\\/Eesti-Joonisfilm-logo-orig-foon-transparentne.png\",\"contentUrl\":\"https:\\\/\\\/joonisfilm.ee\\\/wp-content\\\/uploads\\\/2024\\\/06\\\/Eesti-Joonisfilm-logo-orig-foon-transparentne.png\",\"width\":1000,\"height\":754,\"caption\":\"EESTI Joonisfilm\"},\"image\":{\"@id\":\"https:\\\/\\\/joonisfilm.ee\\\/en\\\/#\\\/schema\\\/logo\\\/image\\\/\"},\"sameAs\":[\"https:\\\/\\\/www.facebook.com\\\/Joonisfilm\\\/\",\"https:\\\/\\\/www.instagram.com\\\/eesti_joonisfilm\\\/\",\"https:\\\/\\\/www.youtube.com\\\/channel\\\/UCOF_pU5vkvtuOsVnE4xjp-A\",\"https:\\\/\\\/vimeo.com\\\/joonisfilm\"]}]}<\/script>\n<!-- \/ Yoast SEO plugin. -->","yoast_head_json":{"title":"LOTTE AND THE LOST DRAGONS - Joonisfilm","robots":{"index":"index","follow":"follow","max-snippet":"max-snippet:-1","max-image-preview":"max-image-preview:large","max-video-preview":"max-video-preview:-1"},"canonical":"https:\/\/joonisfilm.ee\/en\/films\/lotte-and-the-lost-dragons\/","og_locale":"en_US","og_type":"article","og_title":"LOTTE AND THE LOST DRAGONS - Joonisfilm","og_description":"The film was made for the 100th anniversary of the Republic of Estonia Original title LOTTE JA KADUNUD LOHED English title LOTTE AND THE LOST DRAGONS Script Authors Janno P\u00f5ldma Heiki Ernits Andrus Kivir\u00e4hk Directors Janno P\u00f5ldma Heiki Ernits Production Designer Heiki Ernits Background Artists Laima Puntule Katri Haarde Composer Sven Gr\u00fcnberg Songs Sven Gr\u00fcnberg [&hellip;]","og_url":"https:\/\/joonisfilm.ee\/en\/films\/lotte-and-the-lost-dragons\/","og_site_name":"Joonisfilm","article_publisher":"https:\/\/www.facebook.com\/Joonisfilm\/","article_modified_time":"2024-07-09T09:25:14+00:00","twitter_card":"summary_large_image","twitter_misc":{"Est. reading time":"1 minute"},"schema":{"@context":"https:\/\/schema.org","@graph":[{"@type":"WebPage","@id":"https:\/\/joonisfilm.ee\/en\/films\/lotte-and-the-lost-dragons\/","url":"https:\/\/joonisfilm.ee\/en\/films\/lotte-and-the-lost-dragons\/","name":"LOTTE AND THE LOST DRAGONS - Joonisfilm","isPartOf":{"@id":"https:\/\/joonisfilm.ee\/en\/#website"},"datePublished":"2018-01-02T22:55:27+00:00","dateModified":"2024-07-09T09:25:14+00:00","breadcrumb":{"@id":"https:\/\/joonisfilm.ee\/en\/films\/lotte-and-the-lost-dragons\/#breadcrumb"},"inLanguage":"en-US","potentialAction":[{"@type":"ReadAction","target":["https:\/\/joonisfilm.ee\/en\/films\/lotte-and-the-lost-dragons\/"]}]},{"@type":"BreadcrumbList","@id":"https:\/\/joonisfilm.ee\/en\/films\/lotte-and-the-lost-dragons\/#breadcrumb","itemListElement":[{"@type":"ListItem","position":1,"name":"Home","item":"https:\/\/joonisfilm.ee\/en\/"},{"@type":"ListItem","position":2,"name":"FILMS","item":"https:\/\/joonisfilm.ee\/en\/films\/"},{"@type":"ListItem","position":3,"name":"LOTTE AND THE LOST DRAGONS"}]},{"@type":"WebSite","@id":"https:\/\/joonisfilm.ee\/en\/#website","url":"https:\/\/joonisfilm.ee\/en\/","name":"Joonisfilm","description":"Joonisfilmi koduleht","publisher":{"@id":"https:\/\/joonisfilm.ee\/en\/#organization"},"potentialAction":[{"@type":"SearchAction","target":{"@type":"EntryPoint","urlTemplate":"https:\/\/joonisfilm.ee\/en\/?s={search_term_string}"},"query-input":{"@type":"PropertyValueSpecification","valueRequired":true,"valueName":"search_term_string"}}],"inLanguage":"en-US"},{"@type":"Organization","@id":"https:\/\/joonisfilm.ee\/en\/#organization","name":"EESTI Joonisfilm","url":"https:\/\/joonisfilm.ee\/en\/","logo":{"@type":"ImageObject","inLanguage":"en-US","@id":"https:\/\/joonisfilm.ee\/en\/#\/schema\/logo\/image\/","url":"https:\/\/joonisfilm.ee\/wp-content\/uploads\/2024\/06\/Eesti-Joonisfilm-logo-orig-foon-transparentne.png","contentUrl":"https:\/\/joonisfilm.ee\/wp-content\/uploads\/2024\/06\/Eesti-Joonisfilm-logo-orig-foon-transparentne.png","width":1000,"height":754,"caption":"EESTI Joonisfilm"},"image":{"@id":"https:\/\/joonisfilm.ee\/en\/#\/schema\/logo\/image\/"},"sameAs":["https:\/\/www.facebook.com\/Joonisfilm\/","https:\/\/www.instagram.com\/eesti_joonisfilm\/","https:\/\/www.youtube.com\/channel\/UCOF_pU5vkvtuOsVnE4xjp-A","https:\/\/vimeo.com\/joonisfilm"]}]}},"_links":{"self":[{"href":"https:\/\/joonisfilm.ee\/en\/wp-json\/wp\/v2\/pages\/2794","targetHints":{"allow":["GET"]}}],"collection":[{"href":"https:\/\/joonisfilm.ee\/en\/wp-json\/wp\/v2\/pages"}],"about":[{"href":"https:\/\/joonisfilm.ee\/en\/wp-json\/wp\/v2\/types\/page"}],"author":[{"embeddable":true,"href":"https:\/\/joonisfilm.ee\/en\/wp-json\/wp\/v2\/users\/1"}],"replies":[{"embeddable":true,"href":"https:\/\/joonisfilm.ee\/en\/wp-json\/wp\/v2\/comments?post=2794"}],"version-history":[{"count":4,"href":"https:\/\/joonisfilm.ee\/en\/wp-json\/wp\/v2\/pages\/2794\/revisions"}],"predecessor-version":[{"id":7184,"href":"https:\/\/joonisfilm.ee\/en\/wp-json\/wp\/v2\/pages\/2794\/revisions\/7184"}],"up":[{"embeddable":true,"href":"https:\/\/joonisfilm.ee\/en\/wp-json\/wp\/v2\/pages\/55"}],"wp:attachment":[{"href":"https:\/\/joonisfilm.ee\/en\/wp-json\/wp\/v2\/media?parent=2794"}],"curies":[{"name":"wp","href":"https:\/\/api.w.org\/{rel}","templated":true}]}}