{"id":2831,"date":"2018-03-28T11:57:06","date_gmt":"2018-03-28T11:57:06","guid":{"rendered":"http:\/\/www.joonisfilm.ee"},"modified":"2024-07-09T09:24:38","modified_gmt":"2024-07-09T09:24:38","slug":"demonstration-of-brilliance-in-four-movements","status":"publish","type":"page","link":"https:\/\/joonisfilm.ee\/en\/films\/demonstration-of-brilliance-in-four-movements\/","title":{"rendered":"A DEMONSTRATION OF BRILLIANCE IN FOUR ACTS"},"content":{"rendered":"ngg_shortcode_0_placeholder\n<p>The people are waiting for someone special. And he arrives&#8230;<\/p>\n<table border=\"0\" class=\"mtr-table mtr-tr-td\">\n<tbody>\n<tr>\n<td data-mtr-content=\"Original title\" class=\"mtr-td-tag\"><div class=\"mtr-cell-content\">Original title<\/div><\/td>\n<td data-mtr-content=\"BRILJANTSUSE DEMONSTRATSIOON NELJAS VAATUSES\" class=\"mtr-td-tag\"><div class=\"mtr-cell-content\">BRILJANTSUSE DEMONSTRATSIOON NELJAS VAATUSES<\/div><\/td>\n<\/tr>\n<tr>\n<td data-mtr-content=\"Original title\" class=\"mtr-td-tag\"><div class=\"mtr-cell-content\">English title<\/div><\/td>\n<td data-mtr-content=\"BRILJANTSUSE DEMONSTRATSIOON NELJAS VAATUSES\" class=\"mtr-td-tag\"><div class=\"mtr-cell-content\">A DEMONSTRATION OF BRILLIANCE IN FOUR ACTS<\/div><\/td>\n<\/tr>\n<tr>\n<td data-mtr-content=\"Original title\" class=\"mtr-td-tag\"><div class=\"mtr-cell-content\"><\/div><\/td>\n<td data-mtr-content=\"BRILJANTSUSE DEMONSTRATSIOON NELJAS VAATUSES\" class=\"mtr-td-tag\"><div class=\"mtr-cell-content\"><\/div><\/td>\n<\/tr>\n<tr>\n<td data-mtr-content=\"Original title\" class=\"mtr-td-tag\"><div class=\"mtr-cell-content\">Script Author<\/div><\/td>\n<td data-mtr-content=\"BRILJANTSUSE DEMONSTRATSIOON NELJAS VAATUSES\" class=\"mtr-td-tag\"><div class=\"mtr-cell-content\">Morten T\u0161inakov<\/div><\/td>\n<\/tr>\n<tr>\n<td data-mtr-content=\"Original title\" class=\"mtr-td-tag\"><div class=\"mtr-cell-content\">Directors<\/div><\/td>\n<td data-mtr-content=\"BRILJANTSUSE DEMONSTRATSIOON NELJAS VAATUSES\" class=\"mtr-td-tag\"><div class=\"mtr-cell-content\">Morten T\u0161inakov<\/div><\/td>\n<\/tr>\n<tr>\n<td data-mtr-content=\"Original title\" class=\"mtr-td-tag\"><div class=\"mtr-cell-content\"><\/div><\/td>\n<td data-mtr-content=\"BRILJANTSUSE DEMONSTRATSIOON NELJAS VAATUSES\" class=\"mtr-td-tag\"><div class=\"mtr-cell-content\">Lucija Mrzljak<\/div><\/td>\n<\/tr>\n<tr>\n<td data-mtr-content=\"Original title\" class=\"mtr-td-tag\"><div class=\"mtr-cell-content\">Art Directors<\/div><\/td>\n<td data-mtr-content=\"BRILJANTSUSE DEMONSTRATSIOON NELJAS VAATUSES\" class=\"mtr-td-tag\"><div class=\"mtr-cell-content\">Morten T\u0161inakov<\/div><\/td>\n<\/tr>\n<tr>\n<td data-mtr-content=\"Original title\" class=\"mtr-td-tag\"><div class=\"mtr-cell-content\"><\/div><\/td>\n<td data-mtr-content=\"BRILJANTSUSE DEMONSTRATSIOON NELJAS VAATUSES\" class=\"mtr-td-tag\"><div class=\"mtr-cell-content\">Lucija Mrzljak<\/div><\/td>\n<\/tr>\n<tr>\n<td data-mtr-content=\"Original title\" class=\"mtr-td-tag\"><div class=\"mtr-cell-content\">Composer<\/div><\/td>\n<td data-mtr-content=\"BRILJANTSUSE DEMONSTRATSIOON NELJAS VAATUSES\" class=\"mtr-td-tag\"><div class=\"mtr-cell-content\">Kaspar Jancis<\/div><\/td>\n<\/tr>\n<tr>\n<td data-mtr-content=\"Original title\" class=\"mtr-td-tag\"><div class=\"mtr-cell-content\">Compositors<\/div><\/td>\n<td data-mtr-content=\"BRILJANTSUSE DEMONSTRATSIOON NELJAS VAATUSES\" class=\"mtr-td-tag\"><div class=\"mtr-cell-content\">Mattias M\u00e4lk<\/div><\/td>\n<\/tr>\n<tr>\n<td data-mtr-content=\"Original title\" class=\"mtr-td-tag\"><div class=\"mtr-cell-content\">Animators<\/div><\/td>\n<td data-mtr-content=\"BRILJANTSUSE DEMONSTRATSIOON NELJAS VAATUSES\" class=\"mtr-td-tag\"><div class=\"mtr-cell-content\">Marko Dje\u0161ka<\/div><\/td>\n<\/tr>\n<tr>\n<td data-mtr-content=\"Original title\" class=\"mtr-td-tag\"><div class=\"mtr-cell-content\"><\/div><\/td>\n<td data-mtr-content=\"BRILJANTSUSE DEMONSTRATSIOON NELJAS VAATUSES\" class=\"mtr-td-tag\"><div class=\"mtr-cell-content\">\u00dclle Metsur<\/div><\/td>\n<\/tr>\n<tr>\n<td data-mtr-content=\"Original title\" class=\"mtr-td-tag\"><div class=\"mtr-cell-content\"><\/div><\/td>\n<td data-mtr-content=\"BRILJANTSUSE DEMONSTRATSIOON NELJAS VAATUSES\" class=\"mtr-td-tag\"><div class=\"mtr-cell-content\">Lucija Mrzljak<\/div><\/td>\n<\/tr>\n<tr>\n<td data-mtr-content=\"Original title\" class=\"mtr-td-tag\"><div class=\"mtr-cell-content\"><\/div><\/td>\n<td data-mtr-content=\"BRILJANTSUSE DEMONSTRATSIOON NELJAS VAATUSES\" class=\"mtr-td-tag\"><div class=\"mtr-cell-content\">Chloe Roux<\/div><\/td>\n<\/tr>\n<tr>\n<td data-mtr-content=\"Original title\" class=\"mtr-td-tag\"><div class=\"mtr-cell-content\"><\/div><\/td>\n<td data-mtr-content=\"BRILJANTSUSE DEMONSTRATSIOON NELJAS VAATUSES\" class=\"mtr-td-tag\"><div class=\"mtr-cell-content\">Maiken Silla<\/div><\/td>\n<\/tr>\n<tr>\n<td data-mtr-content=\"Original title\" class=\"mtr-td-tag\"><div class=\"mtr-cell-content\"><\/div><\/td>\n<td data-mtr-content=\"BRILJANTSUSE DEMONSTRATSIOON NELJAS VAATUSES\" class=\"mtr-td-tag\"><div class=\"mtr-cell-content\">Morten T\u0161inakov<\/div><\/td>\n<\/tr>\n<tr>\n<td data-mtr-content=\"Original title\" class=\"mtr-td-tag\"><div class=\"mtr-cell-content\">Actor<\/div><\/td>\n<td data-mtr-content=\"BRILJANTSUSE DEMONSTRATSIOON NELJAS VAATUSES\" class=\"mtr-td-tag\"><div class=\"mtr-cell-content\">Kaspar Jancis<\/div><\/td>\n<\/tr>\n<tr>\n<td data-mtr-content=\"Original title\" class=\"mtr-td-tag\"><div class=\"mtr-cell-content\">Sound Design<\/div><\/td>\n<td data-mtr-content=\"BRILJANTSUSE DEMONSTRATSIOON NELJAS VAATUSES\" class=\"mtr-td-tag\"><div class=\"mtr-cell-content\">Horret Kuus<\/div><\/td>\n<\/tr>\n<tr>\n<td data-mtr-content=\"Original title\" class=\"mtr-td-tag\"><div class=\"mtr-cell-content\">Editors<\/div><\/td>\n<td data-mtr-content=\"BRILJANTSUSE DEMONSTRATSIOON NELJAS VAATUSES\" class=\"mtr-td-tag\"><div class=\"mtr-cell-content\">Morten T\u0161inakov<\/div><\/td>\n<\/tr>\n<tr>\n<td data-mtr-content=\"Original title\" class=\"mtr-td-tag\"><div class=\"mtr-cell-content\"><\/div><\/td>\n<td data-mtr-content=\"BRILJANTSUSE DEMONSTRATSIOON NELJAS VAATUSES\" class=\"mtr-td-tag\"><div class=\"mtr-cell-content\">Lucija Mrzljak<\/div><\/td>\n<\/tr>\n<tr>\n<td data-mtr-content=\"Original title\" class=\"mtr-td-tag\"><div class=\"mtr-cell-content\"><\/div><\/td>\n<td data-mtr-content=\"BRILJANTSUSE DEMONSTRATSIOON NELJAS VAATUSES\" class=\"mtr-td-tag\"><div class=\"mtr-cell-content\">Priit P\u00e4rn<\/div><\/td>\n<\/tr>\n<tr>\n<td data-mtr-content=\"Original title\" class=\"mtr-td-tag\"><div class=\"mtr-cell-content\"><\/div><\/td>\n<td data-mtr-content=\"BRILJANTSUSE DEMONSTRATSIOON NELJAS VAATUSES\" class=\"mtr-td-tag\"><div class=\"mtr-cell-content\">Olga P\u00e4rn<\/div><\/td>\n<\/tr>\n<tr>\n<td data-mtr-content=\"Original title\" class=\"mtr-td-tag\"><div class=\"mtr-cell-content\">Producers<\/div><\/td>\n<td data-mtr-content=\"BRILJANTSUSE DEMONSTRATSIOON NELJAS VAATUSES\" class=\"mtr-td-tag\"><div class=\"mtr-cell-content\">Kalev Tamm<\/div><\/td>\n<\/tr>\n<tr>\n<td data-mtr-content=\"Original title\" class=\"mtr-td-tag\"><div class=\"mtr-cell-content\"><\/div><\/td>\n<td data-mtr-content=\"BRILJANTSUSE DEMONSTRATSIOON NELJAS VAATUSES\" class=\"mtr-td-tag\"><div class=\"mtr-cell-content\">Dra\u0161ko Ivezi\u0107<\/div><\/td>\n<\/tr>\n<\/tbody>\n<\/table>\n<p>\u00a9 2018 Eesti Joonisfilm, Adriatic Animation<br \/>\n15&#8217;03&#8221; \/ DCP \/ 1,85:1 \/ colour\u00a0\/ 5.1<\/p>\n<p>The people are waiting for someone special. Someone special is born \u2013 a grown-up man in a suit. They follow the man and cheer for his theatrical but utterly pointless performances. In the middle of one performance he makes a mistake and the people who have so far adored him, leave. Left alone, he meets a woman who is made for him. The theatrical performances continue&#8230;<\/p>\n<p>Trailer: <a href=\"https:\/\/vimeo.com\/262963457\" target=\"_blank\" rel=\"noopener\">https:\/\/vimeo.com\/262963457<\/a><\/p>\n<p><em>Film production supported by<\/em><br \/>\nHRVATSKI AUDIOVIZUALNI CENTAR<br \/>\nESTONIAN\u00a0FILM INSTITUTE<br \/>\nESTONIAN CULTURAL ENDOWMENT<\/p>\n","protected":false},"excerpt":{"rendered":"<p>The people are waiting for someone special. And he arrives&#8230; Original title BRILJANTSUSE DEMONSTRATSIOON NELJAS VAATUSES English title A DEMONSTRATION OF BRILLIANCE IN FOUR ACTS Script Author Morten T\u0161inakov Directors Morten T\u0161inakov Lucija Mrzljak Art Directors Morten T\u0161inakov Lucija Mrzljak Composer Kaspar Jancis Compositors Mattias M\u00e4lk Animators Marko Dje\u0161ka \u00dclle Metsur Lucija Mrzljak Chloe Roux [&hellip;]<\/p>\n","protected":false},"author":1,"featured_media":0,"parent":55,"menu_order":0,"comment_status":"closed","ping_status":"closed","template":"","meta":{"ngg_post_thumbnail":0,"footnotes":""},"class_list":["post-2831","page","type-page","status-publish","hentry"],"yoast_head":"<!-- This site is optimized with the Yoast SEO plugin v27.4 - https:\/\/yoast.com\/product\/yoast-seo-wordpress\/ -->\n<title>A DEMONSTRATION OF BRILLIANCE IN FOUR ACTS - Joonisfilm<\/title>\n<meta name=\"robots\" content=\"index, follow, max-snippet:-1, max-image-preview:large, max-video-preview:-1\" \/>\n<link rel=\"canonical\" href=\"https:\/\/joonisfilm.ee\/en\/films\/demonstration-of-brilliance-in-four-movements\/\" \/>\n<meta property=\"og:locale\" content=\"en_US\" \/>\n<meta property=\"og:type\" content=\"article\" \/>\n<meta property=\"og:title\" content=\"A DEMONSTRATION OF BRILLIANCE IN FOUR ACTS - Joonisfilm\" \/>\n<meta property=\"og:description\" content=\"The people are waiting for someone special. And he arrives&#8230; Original title BRILJANTSUSE DEMONSTRATSIOON NELJAS VAATUSES English title A DEMONSTRATION OF BRILLIANCE IN FOUR ACTS Script Author Morten T\u0161inakov Directors Morten T\u0161inakov Lucija Mrzljak Art Directors Morten T\u0161inakov Lucija Mrzljak Composer Kaspar Jancis Compositors Mattias M\u00e4lk Animators Marko Dje\u0161ka \u00dclle Metsur Lucija Mrzljak Chloe Roux [&hellip;]\" \/>\n<meta property=\"og:url\" content=\"https:\/\/joonisfilm.ee\/en\/films\/demonstration-of-brilliance-in-four-movements\/\" \/>\n<meta property=\"og:site_name\" content=\"Joonisfilm\" \/>\n<meta property=\"article:publisher\" content=\"https:\/\/www.facebook.com\/Joonisfilm\/\" \/>\n<meta property=\"article:modified_time\" content=\"2024-07-09T09:24:38+00:00\" \/>\n<meta name=\"twitter:card\" content=\"summary_large_image\" \/>\n<meta name=\"twitter:label1\" content=\"Est. reading time\" \/>\n\t<meta name=\"twitter:data1\" content=\"1 minute\" \/>\n<script type=\"application\/ld+json\" class=\"yoast-schema-graph\">{\"@context\":\"https:\\\/\\\/schema.org\",\"@graph\":[{\"@type\":\"WebPage\",\"@id\":\"https:\\\/\\\/joonisfilm.ee\\\/en\\\/films\\\/demonstration-of-brilliance-in-four-movements\\\/\",\"url\":\"https:\\\/\\\/joonisfilm.ee\\\/en\\\/films\\\/demonstration-of-brilliance-in-four-movements\\\/\",\"name\":\"A DEMONSTRATION OF BRILLIANCE IN FOUR ACTS - Joonisfilm\",\"isPartOf\":{\"@id\":\"https:\\\/\\\/joonisfilm.ee\\\/en\\\/#website\"},\"datePublished\":\"2018-03-28T11:57:06+00:00\",\"dateModified\":\"2024-07-09T09:24:38+00:00\",\"breadcrumb\":{\"@id\":\"https:\\\/\\\/joonisfilm.ee\\\/en\\\/films\\\/demonstration-of-brilliance-in-four-movements\\\/#breadcrumb\"},\"inLanguage\":\"en-US\",\"potentialAction\":[{\"@type\":\"ReadAction\",\"target\":[\"https:\\\/\\\/joonisfilm.ee\\\/en\\\/films\\\/demonstration-of-brilliance-in-four-movements\\\/\"]}]},{\"@type\":\"BreadcrumbList\",\"@id\":\"https:\\\/\\\/joonisfilm.ee\\\/en\\\/films\\\/demonstration-of-brilliance-in-four-movements\\\/#breadcrumb\",\"itemListElement\":[{\"@type\":\"ListItem\",\"position\":1,\"name\":\"Home\",\"item\":\"https:\\\/\\\/joonisfilm.ee\\\/en\\\/\"},{\"@type\":\"ListItem\",\"position\":2,\"name\":\"FILMS\",\"item\":\"https:\\\/\\\/joonisfilm.ee\\\/en\\\/films\\\/\"},{\"@type\":\"ListItem\",\"position\":3,\"name\":\"A DEMONSTRATION OF BRILLIANCE IN FOUR ACTS\"}]},{\"@type\":\"WebSite\",\"@id\":\"https:\\\/\\\/joonisfilm.ee\\\/en\\\/#website\",\"url\":\"https:\\\/\\\/joonisfilm.ee\\\/en\\\/\",\"name\":\"Joonisfilm\",\"description\":\"Joonisfilmi koduleht\",\"publisher\":{\"@id\":\"https:\\\/\\\/joonisfilm.ee\\\/en\\\/#organization\"},\"potentialAction\":[{\"@type\":\"SearchAction\",\"target\":{\"@type\":\"EntryPoint\",\"urlTemplate\":\"https:\\\/\\\/joonisfilm.ee\\\/en\\\/?s={search_term_string}\"},\"query-input\":{\"@type\":\"PropertyValueSpecification\",\"valueRequired\":true,\"valueName\":\"search_term_string\"}}],\"inLanguage\":\"en-US\"},{\"@type\":\"Organization\",\"@id\":\"https:\\\/\\\/joonisfilm.ee\\\/en\\\/#organization\",\"name\":\"EESTI Joonisfilm\",\"url\":\"https:\\\/\\\/joonisfilm.ee\\\/en\\\/\",\"logo\":{\"@type\":\"ImageObject\",\"inLanguage\":\"en-US\",\"@id\":\"https:\\\/\\\/joonisfilm.ee\\\/en\\\/#\\\/schema\\\/logo\\\/image\\\/\",\"url\":\"https:\\\/\\\/joonisfilm.ee\\\/wp-content\\\/uploads\\\/2024\\\/06\\\/Eesti-Joonisfilm-logo-orig-foon-transparentne.png\",\"contentUrl\":\"https:\\\/\\\/joonisfilm.ee\\\/wp-content\\\/uploads\\\/2024\\\/06\\\/Eesti-Joonisfilm-logo-orig-foon-transparentne.png\",\"width\":1000,\"height\":754,\"caption\":\"EESTI Joonisfilm\"},\"image\":{\"@id\":\"https:\\\/\\\/joonisfilm.ee\\\/en\\\/#\\\/schema\\\/logo\\\/image\\\/\"},\"sameAs\":[\"https:\\\/\\\/www.facebook.com\\\/Joonisfilm\\\/\",\"https:\\\/\\\/www.instagram.com\\\/eesti_joonisfilm\\\/\",\"https:\\\/\\\/www.youtube.com\\\/channel\\\/UCOF_pU5vkvtuOsVnE4xjp-A\",\"https:\\\/\\\/vimeo.com\\\/joonisfilm\"]}]}<\/script>\n<!-- \/ Yoast SEO plugin. -->","yoast_head_json":{"title":"A DEMONSTRATION OF BRILLIANCE IN FOUR ACTS - Joonisfilm","robots":{"index":"index","follow":"follow","max-snippet":"max-snippet:-1","max-image-preview":"max-image-preview:large","max-video-preview":"max-video-preview:-1"},"canonical":"https:\/\/joonisfilm.ee\/en\/films\/demonstration-of-brilliance-in-four-movements\/","og_locale":"en_US","og_type":"article","og_title":"A DEMONSTRATION OF BRILLIANCE IN FOUR ACTS - Joonisfilm","og_description":"The people are waiting for someone special. And he arrives&#8230; Original title BRILJANTSUSE DEMONSTRATSIOON NELJAS VAATUSES English title A DEMONSTRATION OF BRILLIANCE IN FOUR ACTS Script Author Morten T\u0161inakov Directors Morten T\u0161inakov Lucija Mrzljak Art Directors Morten T\u0161inakov Lucija Mrzljak Composer Kaspar Jancis Compositors Mattias M\u00e4lk Animators Marko Dje\u0161ka \u00dclle Metsur Lucija Mrzljak Chloe Roux [&hellip;]","og_url":"https:\/\/joonisfilm.ee\/en\/films\/demonstration-of-brilliance-in-four-movements\/","og_site_name":"Joonisfilm","article_publisher":"https:\/\/www.facebook.com\/Joonisfilm\/","article_modified_time":"2024-07-09T09:24:38+00:00","twitter_card":"summary_large_image","twitter_misc":{"Est. reading time":"1 minute"},"schema":{"@context":"https:\/\/schema.org","@graph":[{"@type":"WebPage","@id":"https:\/\/joonisfilm.ee\/en\/films\/demonstration-of-brilliance-in-four-movements\/","url":"https:\/\/joonisfilm.ee\/en\/films\/demonstration-of-brilliance-in-four-movements\/","name":"A DEMONSTRATION OF BRILLIANCE IN FOUR ACTS - Joonisfilm","isPartOf":{"@id":"https:\/\/joonisfilm.ee\/en\/#website"},"datePublished":"2018-03-28T11:57:06+00:00","dateModified":"2024-07-09T09:24:38+00:00","breadcrumb":{"@id":"https:\/\/joonisfilm.ee\/en\/films\/demonstration-of-brilliance-in-four-movements\/#breadcrumb"},"inLanguage":"en-US","potentialAction":[{"@type":"ReadAction","target":["https:\/\/joonisfilm.ee\/en\/films\/demonstration-of-brilliance-in-four-movements\/"]}]},{"@type":"BreadcrumbList","@id":"https:\/\/joonisfilm.ee\/en\/films\/demonstration-of-brilliance-in-four-movements\/#breadcrumb","itemListElement":[{"@type":"ListItem","position":1,"name":"Home","item":"https:\/\/joonisfilm.ee\/en\/"},{"@type":"ListItem","position":2,"name":"FILMS","item":"https:\/\/joonisfilm.ee\/en\/films\/"},{"@type":"ListItem","position":3,"name":"A DEMONSTRATION OF BRILLIANCE IN FOUR ACTS"}]},{"@type":"WebSite","@id":"https:\/\/joonisfilm.ee\/en\/#website","url":"https:\/\/joonisfilm.ee\/en\/","name":"Joonisfilm","description":"Joonisfilmi koduleht","publisher":{"@id":"https:\/\/joonisfilm.ee\/en\/#organization"},"potentialAction":[{"@type":"SearchAction","target":{"@type":"EntryPoint","urlTemplate":"https:\/\/joonisfilm.ee\/en\/?s={search_term_string}"},"query-input":{"@type":"PropertyValueSpecification","valueRequired":true,"valueName":"search_term_string"}}],"inLanguage":"en-US"},{"@type":"Organization","@id":"https:\/\/joonisfilm.ee\/en\/#organization","name":"EESTI Joonisfilm","url":"https:\/\/joonisfilm.ee\/en\/","logo":{"@type":"ImageObject","inLanguage":"en-US","@id":"https:\/\/joonisfilm.ee\/en\/#\/schema\/logo\/image\/","url":"https:\/\/joonisfilm.ee\/wp-content\/uploads\/2024\/06\/Eesti-Joonisfilm-logo-orig-foon-transparentne.png","contentUrl":"https:\/\/joonisfilm.ee\/wp-content\/uploads\/2024\/06\/Eesti-Joonisfilm-logo-orig-foon-transparentne.png","width":1000,"height":754,"caption":"EESTI Joonisfilm"},"image":{"@id":"https:\/\/joonisfilm.ee\/en\/#\/schema\/logo\/image\/"},"sameAs":["https:\/\/www.facebook.com\/Joonisfilm\/","https:\/\/www.instagram.com\/eesti_joonisfilm\/","https:\/\/www.youtube.com\/channel\/UCOF_pU5vkvtuOsVnE4xjp-A","https:\/\/vimeo.com\/joonisfilm"]}]}},"_links":{"self":[{"href":"https:\/\/joonisfilm.ee\/en\/wp-json\/wp\/v2\/pages\/2831","targetHints":{"allow":["GET"]}}],"collection":[{"href":"https:\/\/joonisfilm.ee\/en\/wp-json\/wp\/v2\/pages"}],"about":[{"href":"https:\/\/joonisfilm.ee\/en\/wp-json\/wp\/v2\/types\/page"}],"author":[{"embeddable":true,"href":"https:\/\/joonisfilm.ee\/en\/wp-json\/wp\/v2\/users\/1"}],"replies":[{"embeddable":true,"href":"https:\/\/joonisfilm.ee\/en\/wp-json\/wp\/v2\/comments?post=2831"}],"version-history":[{"count":2,"href":"https:\/\/joonisfilm.ee\/en\/wp-json\/wp\/v2\/pages\/2831\/revisions"}],"predecessor-version":[{"id":7183,"href":"https:\/\/joonisfilm.ee\/en\/wp-json\/wp\/v2\/pages\/2831\/revisions\/7183"}],"up":[{"embeddable":true,"href":"https:\/\/joonisfilm.ee\/en\/wp-json\/wp\/v2\/pages\/55"}],"wp:attachment":[{"href":"https:\/\/joonisfilm.ee\/en\/wp-json\/wp\/v2\/media?parent=2831"}],"curies":[{"name":"wp","href":"https:\/\/api.w.org\/{rel}","templated":true}]}}