{"id":3640,"date":"2010-11-30T13:33:51","date_gmt":"2010-11-30T13:33:51","guid":{"rendered":"http:\/\/www.joonisfilm.ee\/uus"},"modified":"2024-07-09T09:02:22","modified_gmt":"2024-07-09T09:02:22","slug":"436-2","status":"publish","type":"page","link":"https:\/\/joonisfilm.ee\/en\/films\/436-2\/","title":{"rendered":"IN THE AIR"},"content":{"rendered":"ngg_shortcode_0_placeholder\n<table class=\"film-table mtr-table mtr-tr-td\" border=\"0\">\n<tbody>\n<tr>\n<td data-mtr-content=\"Original title\" class=\"mtr-td-tag\"><div class=\"mtr-cell-content\">Original title<\/div><\/td>\n<td data-mtr-content=\"\u00d5HUS\" class=\"mtr-td-tag\"><div class=\"mtr-cell-content\">\u00d5HUS<\/div><\/td>\n<\/tr>\n<tr>\n<td data-mtr-content=\"Original title\" class=\"mtr-td-tag\"><div class=\"mtr-cell-content\">English title<\/div><\/td>\n<td data-mtr-content=\"\u00d5HUS\" class=\"mtr-td-tag\"><div class=\"mtr-cell-content\">IN THE AIR<\/div><\/td>\n<\/tr>\n<tr>\n<td data-mtr-content=\"Original title\" class=\"mtr-td-tag\"><div class=\"mtr-cell-content\"><\/div><\/td>\n<td data-mtr-content=\"\u00d5HUS\" class=\"mtr-td-tag\"><div class=\"mtr-cell-content\"><\/div><\/td>\n<\/tr>\n<tr>\n<td data-mtr-content=\"Original title\" class=\"mtr-td-tag\"><div class=\"mtr-cell-content\">Script Author<\/div><\/td>\n<td data-mtr-content=\"\u00d5HUS\" class=\"mtr-td-tag\"><div class=\"mtr-cell-content\">Martinus Daane Klemet<\/div><\/td>\n<\/tr>\n<tr>\n<td data-mtr-content=\"Original title\" class=\"mtr-td-tag\"><div class=\"mtr-cell-content\">Director<\/div><\/td>\n<td data-mtr-content=\"\u00d5HUS\" class=\"mtr-td-tag\"><div class=\"mtr-cell-content\">Martinus Daane Klemet<\/div><\/td>\n<\/tr>\n<tr>\n<td data-mtr-content=\"Original title\" class=\"mtr-td-tag\"><div class=\"mtr-cell-content\">Art Director<\/div><\/td>\n<td data-mtr-content=\"\u00d5HUS\" class=\"mtr-td-tag\"><div class=\"mtr-cell-content\">Gerda M\u00e4rtens<\/div><\/td>\n<\/tr>\n<tr>\n<td data-mtr-content=\"Original title\" class=\"mtr-td-tag\"><div class=\"mtr-cell-content\">Composer<\/div><\/td>\n<td data-mtr-content=\"\u00d5HUS\" class=\"mtr-td-tag\"><div class=\"mtr-cell-content\">Vaiko Eplik<\/div><\/td>\n<\/tr>\n<tr>\n<td data-mtr-content=\"Original title\" class=\"mtr-td-tag\"><div class=\"mtr-cell-content\">Animators<\/div><\/td>\n<td data-mtr-content=\"\u00d5HUS\" class=\"mtr-td-tag\"><div class=\"mtr-cell-content\">Marje Ale<\/div><\/td>\n<\/tr>\n<tr>\n<td data-mtr-content=\"Original title\" class=\"mtr-td-tag\"><div class=\"mtr-cell-content\"><\/div><\/td>\n<td data-mtr-content=\"\u00d5HUS\" class=\"mtr-td-tag\"><div class=\"mtr-cell-content\">\u00dclle Metsur<\/div><\/td>\n<\/tr>\n<tr>\n<td data-mtr-content=\"Original title\" class=\"mtr-td-tag\"><div class=\"mtr-cell-content\"><\/div><\/td>\n<td data-mtr-content=\"\u00d5HUS\" class=\"mtr-td-tag\"><div class=\"mtr-cell-content\">Annely P\u00f5ldsar<\/div><\/td>\n<\/tr>\n<tr>\n<td data-mtr-content=\"Original title\" class=\"mtr-td-tag\"><div class=\"mtr-cell-content\"><\/div><\/td>\n<td data-mtr-content=\"\u00d5HUS\" class=\"mtr-td-tag\"><div class=\"mtr-cell-content\">Tiina Ubar<\/div><\/td>\n<\/tr>\n<tr>\n<td data-mtr-content=\"Original title\" class=\"mtr-td-tag\"><div class=\"mtr-cell-content\">Sound Design<\/div><\/td>\n<td data-mtr-content=\"\u00d5HUS\" class=\"mtr-td-tag\"><div class=\"mtr-cell-content\">Horret Kuus<\/div><\/td>\n<\/tr>\n<tr>\n<td data-mtr-content=\"Original title\" class=\"mtr-td-tag\"><div class=\"mtr-cell-content\">Editor<\/div><\/td>\n<td data-mtr-content=\"\u00d5HUS\" class=\"mtr-td-tag\"><div class=\"mtr-cell-content\">Martinus Daane Klemet<\/div><\/td>\n<\/tr>\n<tr>\n<td data-mtr-content=\"Original title\" class=\"mtr-td-tag\"><div class=\"mtr-cell-content\">Producer<\/div><\/td>\n<td data-mtr-content=\"\u00d5HUS\" class=\"mtr-td-tag\"><div class=\"mtr-cell-content\">Kalev Tamm<\/div><\/td>\n<\/tr>\n<\/tbody>\n<\/table>\n<p>\u00a9 2009 Eesti Joonisfilm<br \/>\n8\u201937\u2033 \/ 35mm\/ 1,85:1 \/ 1 reel \/ 269m \/ Beta SP 16:9 \/ HD-Cam \/ colour \/ Dolby Surround<\/p>\n<p>The telecommunication between the wolf and humans leads to a situation where the law of gravity changes to the unknown.<\/p>\n<p><em>Film production supported by<\/em><br \/>\nESTONIAN FILM FOUNDATION<br \/>\nESTONIAN CULTURAL ENDOWMENT<\/p>\n","protected":false},"excerpt":{"rendered":"<p>Original title \u00d5HUS English title IN THE AIR Script Author Martinus Daane Klemet Director Martinus Daane Klemet Art Director Gerda M\u00e4rtens Composer Vaiko Eplik Animators Marje Ale \u00dclle Metsur Annely P\u00f5ldsar Tiina Ubar Sound Design Horret Kuus Editor Martinus Daane Klemet Producer Kalev Tamm \u00a9 2009 Eesti Joonisfilm 8\u201937\u2033 \/ 35mm\/ 1,85:1 \/ 1 reel [&hellip;]<\/p>\n","protected":false},"author":1,"featured_media":0,"parent":55,"menu_order":0,"comment_status":"closed","ping_status":"closed","template":"","meta":{"ngg_post_thumbnail":0,"footnotes":""},"class_list":["post-3640","page","type-page","status-publish","hentry"],"yoast_head":"<!-- This site is optimized with the Yoast SEO plugin v27.3 - https:\/\/yoast.com\/product\/yoast-seo-wordpress\/ -->\n<title>IN THE AIR - Joonisfilm<\/title>\n<meta name=\"robots\" content=\"index, follow, max-snippet:-1, max-image-preview:large, max-video-preview:-1\" \/>\n<link rel=\"canonical\" href=\"https:\/\/joonisfilm.ee\/en\/films\/436-2\/\" \/>\n<meta property=\"og:locale\" content=\"en_US\" \/>\n<meta property=\"og:type\" content=\"article\" \/>\n<meta property=\"og:title\" content=\"IN THE AIR - Joonisfilm\" \/>\n<meta property=\"og:description\" content=\"Original title \u00d5HUS English title IN THE AIR Script Author Martinus Daane Klemet Director Martinus Daane Klemet Art Director Gerda M\u00e4rtens Composer Vaiko Eplik Animators Marje Ale \u00dclle Metsur Annely P\u00f5ldsar Tiina Ubar Sound Design Horret Kuus Editor Martinus Daane Klemet Producer Kalev Tamm \u00a9 2009 Eesti Joonisfilm 8\u201937\u2033 \/ 35mm\/ 1,85:1 \/ 1 reel [&hellip;]\" \/>\n<meta property=\"og:url\" content=\"https:\/\/joonisfilm.ee\/en\/films\/436-2\/\" \/>\n<meta property=\"og:site_name\" content=\"Joonisfilm\" \/>\n<meta property=\"article:publisher\" content=\"https:\/\/www.facebook.com\/Joonisfilm\/\" \/>\n<meta property=\"article:modified_time\" content=\"2024-07-09T09:02:22+00:00\" \/>\n<meta name=\"twitter:card\" content=\"summary_large_image\" \/>\n<meta name=\"twitter:label1\" content=\"Est. reading time\" \/>\n\t<meta name=\"twitter:data1\" content=\"1 minute\" \/>\n<script type=\"application\/ld+json\" class=\"yoast-schema-graph\">{\"@context\":\"https:\\\/\\\/schema.org\",\"@graph\":[{\"@type\":\"WebPage\",\"@id\":\"https:\\\/\\\/joonisfilm.ee\\\/en\\\/films\\\/436-2\\\/\",\"url\":\"https:\\\/\\\/joonisfilm.ee\\\/en\\\/films\\\/436-2\\\/\",\"name\":\"IN THE AIR - Joonisfilm\",\"isPartOf\":{\"@id\":\"https:\\\/\\\/joonisfilm.ee\\\/en\\\/#website\"},\"datePublished\":\"2010-11-30T13:33:51+00:00\",\"dateModified\":\"2024-07-09T09:02:22+00:00\",\"breadcrumb\":{\"@id\":\"https:\\\/\\\/joonisfilm.ee\\\/en\\\/films\\\/436-2\\\/#breadcrumb\"},\"inLanguage\":\"en-US\",\"potentialAction\":[{\"@type\":\"ReadAction\",\"target\":[\"https:\\\/\\\/joonisfilm.ee\\\/en\\\/films\\\/436-2\\\/\"]}]},{\"@type\":\"BreadcrumbList\",\"@id\":\"https:\\\/\\\/joonisfilm.ee\\\/en\\\/films\\\/436-2\\\/#breadcrumb\",\"itemListElement\":[{\"@type\":\"ListItem\",\"position\":1,\"name\":\"Home\",\"item\":\"https:\\\/\\\/joonisfilm.ee\\\/en\\\/\"},{\"@type\":\"ListItem\",\"position\":2,\"name\":\"FILMS\",\"item\":\"https:\\\/\\\/joonisfilm.ee\\\/en\\\/films\\\/\"},{\"@type\":\"ListItem\",\"position\":3,\"name\":\"IN THE AIR\"}]},{\"@type\":\"WebSite\",\"@id\":\"https:\\\/\\\/joonisfilm.ee\\\/en\\\/#website\",\"url\":\"https:\\\/\\\/joonisfilm.ee\\\/en\\\/\",\"name\":\"Joonisfilm\",\"description\":\"Joonisfilmi koduleht\",\"publisher\":{\"@id\":\"https:\\\/\\\/joonisfilm.ee\\\/en\\\/#organization\"},\"potentialAction\":[{\"@type\":\"SearchAction\",\"target\":{\"@type\":\"EntryPoint\",\"urlTemplate\":\"https:\\\/\\\/joonisfilm.ee\\\/en\\\/?s={search_term_string}\"},\"query-input\":{\"@type\":\"PropertyValueSpecification\",\"valueRequired\":true,\"valueName\":\"search_term_string\"}}],\"inLanguage\":\"en-US\"},{\"@type\":\"Organization\",\"@id\":\"https:\\\/\\\/joonisfilm.ee\\\/en\\\/#organization\",\"name\":\"EESTI Joonisfilm\",\"url\":\"https:\\\/\\\/joonisfilm.ee\\\/en\\\/\",\"logo\":{\"@type\":\"ImageObject\",\"inLanguage\":\"en-US\",\"@id\":\"https:\\\/\\\/joonisfilm.ee\\\/en\\\/#\\\/schema\\\/logo\\\/image\\\/\",\"url\":\"https:\\\/\\\/joonisfilm.ee\\\/wp-content\\\/uploads\\\/2024\\\/06\\\/Eesti-Joonisfilm-logo-orig-foon-transparentne.png\",\"contentUrl\":\"https:\\\/\\\/joonisfilm.ee\\\/wp-content\\\/uploads\\\/2024\\\/06\\\/Eesti-Joonisfilm-logo-orig-foon-transparentne.png\",\"width\":1000,\"height\":754,\"caption\":\"EESTI Joonisfilm\"},\"image\":{\"@id\":\"https:\\\/\\\/joonisfilm.ee\\\/en\\\/#\\\/schema\\\/logo\\\/image\\\/\"},\"sameAs\":[\"https:\\\/\\\/www.facebook.com\\\/Joonisfilm\\\/\",\"https:\\\/\\\/www.instagram.com\\\/eesti_joonisfilm\\\/\",\"https:\\\/\\\/www.youtube.com\\\/channel\\\/UCOF_pU5vkvtuOsVnE4xjp-A\",\"https:\\\/\\\/vimeo.com\\\/joonisfilm\"]}]}<\/script>\n<!-- \/ Yoast SEO plugin. -->","yoast_head_json":{"title":"IN THE AIR - Joonisfilm","robots":{"index":"index","follow":"follow","max-snippet":"max-snippet:-1","max-image-preview":"max-image-preview:large","max-video-preview":"max-video-preview:-1"},"canonical":"https:\/\/joonisfilm.ee\/en\/films\/436-2\/","og_locale":"en_US","og_type":"article","og_title":"IN THE AIR - Joonisfilm","og_description":"Original title \u00d5HUS English title IN THE AIR Script Author Martinus Daane Klemet Director Martinus Daane Klemet Art Director Gerda M\u00e4rtens Composer Vaiko Eplik Animators Marje Ale \u00dclle Metsur Annely P\u00f5ldsar Tiina Ubar Sound Design Horret Kuus Editor Martinus Daane Klemet Producer Kalev Tamm \u00a9 2009 Eesti Joonisfilm 8\u201937\u2033 \/ 35mm\/ 1,85:1 \/ 1 reel [&hellip;]","og_url":"https:\/\/joonisfilm.ee\/en\/films\/436-2\/","og_site_name":"Joonisfilm","article_publisher":"https:\/\/www.facebook.com\/Joonisfilm\/","article_modified_time":"2024-07-09T09:02:22+00:00","twitter_card":"summary_large_image","twitter_misc":{"Est. reading time":"1 minute"},"schema":{"@context":"https:\/\/schema.org","@graph":[{"@type":"WebPage","@id":"https:\/\/joonisfilm.ee\/en\/films\/436-2\/","url":"https:\/\/joonisfilm.ee\/en\/films\/436-2\/","name":"IN THE AIR - Joonisfilm","isPartOf":{"@id":"https:\/\/joonisfilm.ee\/en\/#website"},"datePublished":"2010-11-30T13:33:51+00:00","dateModified":"2024-07-09T09:02:22+00:00","breadcrumb":{"@id":"https:\/\/joonisfilm.ee\/en\/films\/436-2\/#breadcrumb"},"inLanguage":"en-US","potentialAction":[{"@type":"ReadAction","target":["https:\/\/joonisfilm.ee\/en\/films\/436-2\/"]}]},{"@type":"BreadcrumbList","@id":"https:\/\/joonisfilm.ee\/en\/films\/436-2\/#breadcrumb","itemListElement":[{"@type":"ListItem","position":1,"name":"Home","item":"https:\/\/joonisfilm.ee\/en\/"},{"@type":"ListItem","position":2,"name":"FILMS","item":"https:\/\/joonisfilm.ee\/en\/films\/"},{"@type":"ListItem","position":3,"name":"IN THE AIR"}]},{"@type":"WebSite","@id":"https:\/\/joonisfilm.ee\/en\/#website","url":"https:\/\/joonisfilm.ee\/en\/","name":"Joonisfilm","description":"Joonisfilmi koduleht","publisher":{"@id":"https:\/\/joonisfilm.ee\/en\/#organization"},"potentialAction":[{"@type":"SearchAction","target":{"@type":"EntryPoint","urlTemplate":"https:\/\/joonisfilm.ee\/en\/?s={search_term_string}"},"query-input":{"@type":"PropertyValueSpecification","valueRequired":true,"valueName":"search_term_string"}}],"inLanguage":"en-US"},{"@type":"Organization","@id":"https:\/\/joonisfilm.ee\/en\/#organization","name":"EESTI Joonisfilm","url":"https:\/\/joonisfilm.ee\/en\/","logo":{"@type":"ImageObject","inLanguage":"en-US","@id":"https:\/\/joonisfilm.ee\/en\/#\/schema\/logo\/image\/","url":"https:\/\/joonisfilm.ee\/wp-content\/uploads\/2024\/06\/Eesti-Joonisfilm-logo-orig-foon-transparentne.png","contentUrl":"https:\/\/joonisfilm.ee\/wp-content\/uploads\/2024\/06\/Eesti-Joonisfilm-logo-orig-foon-transparentne.png","width":1000,"height":754,"caption":"EESTI Joonisfilm"},"image":{"@id":"https:\/\/joonisfilm.ee\/en\/#\/schema\/logo\/image\/"},"sameAs":["https:\/\/www.facebook.com\/Joonisfilm\/","https:\/\/www.instagram.com\/eesti_joonisfilm\/","https:\/\/www.youtube.com\/channel\/UCOF_pU5vkvtuOsVnE4xjp-A","https:\/\/vimeo.com\/joonisfilm"]}]}},"_links":{"self":[{"href":"https:\/\/joonisfilm.ee\/en\/wp-json\/wp\/v2\/pages\/3640","targetHints":{"allow":["GET"]}}],"collection":[{"href":"https:\/\/joonisfilm.ee\/en\/wp-json\/wp\/v2\/pages"}],"about":[{"href":"https:\/\/joonisfilm.ee\/en\/wp-json\/wp\/v2\/types\/page"}],"author":[{"embeddable":true,"href":"https:\/\/joonisfilm.ee\/en\/wp-json\/wp\/v2\/users\/1"}],"replies":[{"embeddable":true,"href":"https:\/\/joonisfilm.ee\/en\/wp-json\/wp\/v2\/comments?post=3640"}],"version-history":[{"count":1,"href":"https:\/\/joonisfilm.ee\/en\/wp-json\/wp\/v2\/pages\/3640\/revisions"}],"predecessor-version":[{"id":6140,"href":"https:\/\/joonisfilm.ee\/en\/wp-json\/wp\/v2\/pages\/3640\/revisions\/6140"}],"up":[{"embeddable":true,"href":"https:\/\/joonisfilm.ee\/en\/wp-json\/wp\/v2\/pages\/55"}],"wp:attachment":[{"href":"https:\/\/joonisfilm.ee\/en\/wp-json\/wp\/v2\/media?parent=3640"}],"curies":[{"name":"wp","href":"https:\/\/api.w.org\/{rel}","templated":true}]}}