{"id":3650,"date":"2010-12-02T12:12:44","date_gmt":"2010-12-02T12:12:44","guid":{"rendered":"http:\/\/www.joonisfilm.ee\/uus"},"modified":"2024-07-09T08:12:30","modified_gmt":"2024-07-09T08:12:30","slug":"tom-fluffy","status":"publish","type":"page","link":"https:\/\/joonisfilm.ee\/en\/films\/tom-fluffy\/","title":{"rendered":"TOM &#038; FLUFFY"},"content":{"rendered":"ngg_shortcode_0_placeholder\n<table border=\"0\" class=\"mtr-table mtr-tr-td\">\n<tbody>\n<tr>\n<td data-mtr-content=\"Original title\" class=\"mtr-td-tag\"><div class=\"mtr-cell-content\">Original title<\/div><\/td>\n<td data-mtr-content=\"TOM JA FLUFFY\" class=\"mtr-td-tag\"><div class=\"mtr-cell-content\">TOM JA FLUFFY<\/div><\/td>\n<\/tr>\n<tr>\n<td data-mtr-content=\"Original title\" class=\"mtr-td-tag\"><div class=\"mtr-cell-content\">English title<\/div><\/td>\n<td data-mtr-content=\"TOM JA FLUFFY\" class=\"mtr-td-tag\"><div class=\"mtr-cell-content\">TOM &amp; FLUFFY<\/div><\/td>\n<\/tr>\n<tr>\n<td data-mtr-content=\"Original title\" class=\"mtr-td-tag\"><div class=\"mtr-cell-content\"><\/div><\/td>\n<td data-mtr-content=\"TOM JA FLUFFY\" class=\"mtr-td-tag\"><div class=\"mtr-cell-content\"><\/div><\/td>\n<\/tr>\n<tr>\n<td data-mtr-content=\"Original title\" class=\"mtr-td-tag\"><div class=\"mtr-cell-content\">Script Authors<\/div><\/td>\n<td data-mtr-content=\"TOM JA FLUFFY\" class=\"mtr-td-tag\"><div class=\"mtr-cell-content\">Janno P\u00f5ldma<\/div><\/td>\n<\/tr>\n<tr>\n<td data-mtr-content=\"Original title\" class=\"mtr-td-tag\"><div class=\"mtr-cell-content\"><\/div><\/td>\n<td data-mtr-content=\"TOM JA FLUFFY\" class=\"mtr-td-tag\"><div class=\"mtr-cell-content\">Heiki Ernits<\/div><\/td>\n<\/tr>\n<tr>\n<td data-mtr-content=\"Original title\" class=\"mtr-td-tag\"><div class=\"mtr-cell-content\"><\/div><\/td>\n<td data-mtr-content=\"TOM JA FLUFFY\" class=\"mtr-td-tag\"><div class=\"mtr-cell-content\">Andrus Kivir\u00e4hk<\/div><\/td>\n<\/tr>\n<tr>\n<td data-mtr-content=\"Original title\" class=\"mtr-td-tag\"><div class=\"mtr-cell-content\">Directors<\/div><\/td>\n<td data-mtr-content=\"TOM JA FLUFFY\" class=\"mtr-td-tag\"><div class=\"mtr-cell-content\">Janno P\u00f5ldma<\/div><\/td>\n<\/tr>\n<tr>\n<td data-mtr-content=\"Original title\" class=\"mtr-td-tag\"><div class=\"mtr-cell-content\"><\/div><\/td>\n<td data-mtr-content=\"TOM JA FLUFFY\" class=\"mtr-td-tag\"><div class=\"mtr-cell-content\">Heiki Ernits<\/div><\/td>\n<\/tr>\n<tr>\n<td data-mtr-content=\"Original title\" class=\"mtr-td-tag\"><div class=\"mtr-cell-content\"><\/div><\/td>\n<td data-mtr-content=\"TOM JA FLUFFY\" class=\"mtr-td-tag\"><div class=\"mtr-cell-content\">Leo L\u00e4tti<\/div><\/td>\n<\/tr>\n<tr>\n<td data-mtr-content=\"Original title\" class=\"mtr-td-tag\"><div class=\"mtr-cell-content\">Art Director<\/div><\/td>\n<td data-mtr-content=\"TOM JA FLUFFY\" class=\"mtr-td-tag\"><div class=\"mtr-cell-content\">Heiki Ernits<\/div><\/td>\n<\/tr>\n<tr>\n<td data-mtr-content=\"Original title\" class=\"mtr-td-tag\"><div class=\"mtr-cell-content\">Background Artist<\/div><\/td>\n<td data-mtr-content=\"TOM JA FLUFFY\" class=\"mtr-td-tag\"><div class=\"mtr-cell-content\">Regina Lukk<\/div><\/td>\n<\/tr>\n<tr>\n<td data-mtr-content=\"Original title\" class=\"mtr-td-tag\"><div class=\"mtr-cell-content\">Colour Design<\/div><\/td>\n<td data-mtr-content=\"TOM JA FLUFFY\" class=\"mtr-td-tag\"><div class=\"mtr-cell-content\">Krista Lepland<\/div><\/td>\n<\/tr>\n<tr>\n<td data-mtr-content=\"Original title\" class=\"mtr-td-tag\"><div class=\"mtr-cell-content\">Narrators<\/div><\/td>\n<td data-mtr-content=\"TOM JA FLUFFY\" class=\"mtr-td-tag\"><div class=\"mtr-cell-content\">J\u00fcri Krjukov<\/div><\/td>\n<\/tr>\n<tr>\n<td data-mtr-content=\"Original title\" class=\"mtr-td-tag\"><div class=\"mtr-cell-content\"><\/div><\/td>\n<td data-mtr-content=\"TOM JA FLUFFY\" class=\"mtr-td-tag\"><div class=\"mtr-cell-content\">Anu Lamp<\/div><\/td>\n<\/tr>\n<tr>\n<td data-mtr-content=\"Original title\" class=\"mtr-td-tag\"><div class=\"mtr-cell-content\">Composer<\/div><\/td>\n<td data-mtr-content=\"TOM JA FLUFFY\" class=\"mtr-td-tag\"><div class=\"mtr-cell-content\">Olav Ehala<\/div><\/td>\n<\/tr>\n<tr>\n<td data-mtr-content=\"Original title\" class=\"mtr-td-tag\"><div class=\"mtr-cell-content\">Photography<\/div><\/td>\n<td data-mtr-content=\"TOM JA FLUFFY\" class=\"mtr-td-tag\"><div class=\"mtr-cell-content\">Ruth-Helene Kaasik<\/div><\/td>\n<\/tr>\n<tr>\n<td data-mtr-content=\"Original title\" class=\"mtr-td-tag\"><div class=\"mtr-cell-content\">Animators<\/div><\/td>\n<td data-mtr-content=\"TOM JA FLUFFY\" class=\"mtr-td-tag\"><div class=\"mtr-cell-content\">Marje Ale<\/div><\/td>\n<\/tr>\n<tr>\n<td data-mtr-content=\"Original title\" class=\"mtr-td-tag\"><div class=\"mtr-cell-content\"><\/div><\/td>\n<td data-mtr-content=\"TOM JA FLUFFY\" class=\"mtr-td-tag\"><div class=\"mtr-cell-content\">Mariann Joa<\/div><\/td>\n<\/tr>\n<tr>\n<td data-mtr-content=\"Original title\" class=\"mtr-td-tag\"><div class=\"mtr-cell-content\"><\/div><\/td>\n<td data-mtr-content=\"TOM JA FLUFFY\" class=\"mtr-td-tag\"><div class=\"mtr-cell-content\">Raul Lunia<\/div><\/td>\n<\/tr>\n<tr>\n<td data-mtr-content=\"Original title\" class=\"mtr-td-tag\"><div class=\"mtr-cell-content\"><\/div><\/td>\n<td data-mtr-content=\"TOM JA FLUFFY\" class=\"mtr-td-tag\"><div class=\"mtr-cell-content\">Leo L\u00e4tti<\/div><\/td>\n<\/tr>\n<tr>\n<td data-mtr-content=\"Original title\" class=\"mtr-td-tag\"><div class=\"mtr-cell-content\"><\/div><\/td>\n<td data-mtr-content=\"TOM JA FLUFFY\" class=\"mtr-td-tag\"><div class=\"mtr-cell-content\">\u00dclle Metsur<\/div><\/td>\n<\/tr>\n<tr>\n<td data-mtr-content=\"Original title\" class=\"mtr-td-tag\"><div class=\"mtr-cell-content\"><\/div><\/td>\n<td data-mtr-content=\"TOM JA FLUFFY\" class=\"mtr-td-tag\"><div class=\"mtr-cell-content\">Ruslan Piterja<\/div><\/td>\n<\/tr>\n<tr>\n<td data-mtr-content=\"Original title\" class=\"mtr-td-tag\"><div class=\"mtr-cell-content\"><\/div><\/td>\n<td data-mtr-content=\"TOM JA FLUFFY\" class=\"mtr-td-tag\"><div class=\"mtr-cell-content\">Evelin Temmin<\/div><\/td>\n<\/tr>\n<tr>\n<td data-mtr-content=\"Original title\" class=\"mtr-td-tag\"><div class=\"mtr-cell-content\"><\/div><\/td>\n<td data-mtr-content=\"TOM JA FLUFFY\" class=\"mtr-td-tag\"><div class=\"mtr-cell-content\">Priit Tender<\/div><\/td>\n<\/tr>\n<tr>\n<td data-mtr-content=\"Original title\" class=\"mtr-td-tag\"><div class=\"mtr-cell-content\"><\/div><\/td>\n<td data-mtr-content=\"TOM JA FLUFFY\" class=\"mtr-td-tag\"><div class=\"mtr-cell-content\">Ebe Tramberg<\/div><\/td>\n<\/tr>\n<tr>\n<td data-mtr-content=\"Original title\" class=\"mtr-td-tag\"><div class=\"mtr-cell-content\"><\/div><\/td>\n<td data-mtr-content=\"TOM JA FLUFFY\" class=\"mtr-td-tag\"><div class=\"mtr-cell-content\">Tarmo Vaarmets<\/div><\/td>\n<\/tr>\n<tr>\n<td data-mtr-content=\"Original title\" class=\"mtr-td-tag\"><div class=\"mtr-cell-content\">Sound Design<\/div><\/td>\n<td data-mtr-content=\"TOM JA FLUFFY\" class=\"mtr-td-tag\"><div class=\"mtr-cell-content\">Mati Sch\u00f6nberg<\/div><\/td>\n<\/tr>\n<tr>\n<td data-mtr-content=\"Original title\" class=\"mtr-td-tag\"><div class=\"mtr-cell-content\">Editor<\/div><\/td>\n<td data-mtr-content=\"TOM JA FLUFFY\" class=\"mtr-td-tag\"><div class=\"mtr-cell-content\">Kersti Miilen<\/div><\/td>\n<\/tr>\n<tr>\n<td data-mtr-content=\"Original title\" class=\"mtr-td-tag\"><div class=\"mtr-cell-content\">Producer<\/div><\/td>\n<td data-mtr-content=\"TOM JA FLUFFY\" class=\"mtr-td-tag\"><div class=\"mtr-cell-content\">Kalev Tamm<\/div><\/td>\n<\/tr>\n<tr>\n<td data-mtr-content=\"Original title\" class=\"mtr-td-tag\"><div class=\"mtr-cell-content\"><\/div><\/td>\n<td data-mtr-content=\"TOM JA FLUFFY\" class=\"mtr-td-tag\"><div class=\"mtr-cell-content\">Linda Sade<\/div><\/td>\n<\/tr>\n<tr>\n<td data-mtr-content=\"Original title\" class=\"mtr-td-tag\"><div class=\"mtr-cell-content\">Co-producers YLE<\/div><\/td>\n<td data-mtr-content=\"TOM JA FLUFFY\" class=\"mtr-td-tag\"><div class=\"mtr-cell-content\">Juha Vakkuri<\/div><\/td>\n<\/tr>\n<tr>\n<td data-mtr-content=\"Original title\" class=\"mtr-td-tag\"><div class=\"mtr-cell-content\"><\/div><\/td>\n<td data-mtr-content=\"TOM JA FLUFFY\" class=\"mtr-td-tag\"><div class=\"mtr-cell-content\">Ulla Salonen<\/div><\/td>\n<\/tr>\n<\/tbody>\n<\/table>\n<p>\u00a9 1997 Eesti Joonisfilm<br \/>\n\u00a9 1997 YLE &#8211; Finnish Broadcasting Company<br \/>\n13 x 6\u201900 \/ Beta SP 4:3 \/ colour \/ stereo<br \/>\n73\u201900\u201c \/ Beta SP 4:3 \/ colour \/ stereo<\/p>\n<p>V\u00e4ike k\u00fcla suure mere \u00e4\u00e4res. Kaks noort koera, Tom ja Fluffy, on  armunud teineteisesse. Nende s\u00f5ber, leiutajast koer Oskar, on \u00e4sja  leiutanud suhkrumasina. K\u00fclla p\u00f6\u00f6rdub tagasi \u00fcmbermaailmareisilt vana  koer Klaus. Nemad neli, lisaks veel kass Julius ja tiigis elunev  \u00e4rahellitatud lohe Otto; rott Leo ja v\u00e4ike valge hiireneiu Julia; j\u00e4nes  James, kes ei ole sugugi veendunud, et ta on ikka j\u00e4nes; v\u00e4ikesed  salap\u00e4rased mehikesed ja helesinised liblikad; putukaema Anna oma kolme  vallatu putukalapsega &#8211; k\u00f5ik nad kokku ongi tegelasteks lastele m\u00f5eldud  humoorikas joonisfilmiseriaalis \u201cTom ja Fluffy\u201d.<\/p>\n<p><em>Production of this film supported by<br \/>\n<\/em>ESTONIAN FILM FOUNDATION<em><br \/>\n<\/em>ESTONIAN CULTURAL ENDOWMENT<\/p>\n<p>Available on DVD<\/p>\n","protected":false},"excerpt":{"rendered":"<p>Original title TOM JA FLUFFY English title TOM &amp; FLUFFY Script Authors Janno P\u00f5ldma Heiki Ernits Andrus Kivir\u00e4hk Directors Janno P\u00f5ldma Heiki Ernits Leo L\u00e4tti Art Director Heiki Ernits Background Artist Regina Lukk Colour Design Krista Lepland Narrators J\u00fcri Krjukov Anu Lamp Composer Olav Ehala Photography Ruth-Helene Kaasik Animators Marje Ale Mariann Joa Raul Lunia [&hellip;]<\/p>\n","protected":false},"author":1,"featured_media":0,"parent":55,"menu_order":0,"comment_status":"closed","ping_status":"closed","template":"","meta":{"ngg_post_thumbnail":0,"footnotes":""},"class_list":["post-3650","page","type-page","status-publish","hentry"],"yoast_head":"<!-- This site is optimized with the Yoast SEO plugin v27.4 - https:\/\/yoast.com\/product\/yoast-seo-wordpress\/ -->\n<title>TOM &amp; FLUFFY - Joonisfilm<\/title>\n<meta name=\"robots\" content=\"index, follow, max-snippet:-1, max-image-preview:large, max-video-preview:-1\" \/>\n<link rel=\"canonical\" href=\"https:\/\/joonisfilm.ee\/en\/films\/tom-fluffy\/\" \/>\n<meta property=\"og:locale\" content=\"en_US\" \/>\n<meta property=\"og:type\" content=\"article\" \/>\n<meta property=\"og:title\" content=\"TOM &amp; FLUFFY - Joonisfilm\" \/>\n<meta property=\"og:description\" content=\"Original title TOM JA FLUFFY English title TOM &amp; FLUFFY Script Authors Janno P\u00f5ldma Heiki Ernits Andrus Kivir\u00e4hk Directors Janno P\u00f5ldma Heiki Ernits Leo L\u00e4tti Art Director Heiki Ernits Background Artist Regina Lukk Colour Design Krista Lepland Narrators J\u00fcri Krjukov Anu Lamp Composer Olav Ehala Photography Ruth-Helene Kaasik Animators Marje Ale Mariann Joa Raul Lunia [&hellip;]\" \/>\n<meta property=\"og:url\" content=\"https:\/\/joonisfilm.ee\/en\/films\/tom-fluffy\/\" \/>\n<meta property=\"og:site_name\" content=\"Joonisfilm\" \/>\n<meta property=\"article:publisher\" content=\"https:\/\/www.facebook.com\/Joonisfilm\/\" \/>\n<meta property=\"article:modified_time\" content=\"2024-07-09T08:12:30+00:00\" \/>\n<meta name=\"twitter:card\" content=\"summary_large_image\" \/>\n<meta name=\"twitter:label1\" content=\"Est. reading time\" \/>\n\t<meta name=\"twitter:data1\" content=\"1 minute\" \/>\n<script type=\"application\/ld+json\" class=\"yoast-schema-graph\">{\"@context\":\"https:\\\/\\\/schema.org\",\"@graph\":[{\"@type\":\"WebPage\",\"@id\":\"https:\\\/\\\/joonisfilm.ee\\\/en\\\/films\\\/tom-fluffy\\\/\",\"url\":\"https:\\\/\\\/joonisfilm.ee\\\/en\\\/films\\\/tom-fluffy\\\/\",\"name\":\"TOM & FLUFFY - Joonisfilm\",\"isPartOf\":{\"@id\":\"https:\\\/\\\/joonisfilm.ee\\\/en\\\/#website\"},\"datePublished\":\"2010-12-02T12:12:44+00:00\",\"dateModified\":\"2024-07-09T08:12:30+00:00\",\"breadcrumb\":{\"@id\":\"https:\\\/\\\/joonisfilm.ee\\\/en\\\/films\\\/tom-fluffy\\\/#breadcrumb\"},\"inLanguage\":\"en-US\",\"potentialAction\":[{\"@type\":\"ReadAction\",\"target\":[\"https:\\\/\\\/joonisfilm.ee\\\/en\\\/films\\\/tom-fluffy\\\/\"]}]},{\"@type\":\"BreadcrumbList\",\"@id\":\"https:\\\/\\\/joonisfilm.ee\\\/en\\\/films\\\/tom-fluffy\\\/#breadcrumb\",\"itemListElement\":[{\"@type\":\"ListItem\",\"position\":1,\"name\":\"Home\",\"item\":\"https:\\\/\\\/joonisfilm.ee\\\/en\\\/\"},{\"@type\":\"ListItem\",\"position\":2,\"name\":\"FILMS\",\"item\":\"https:\\\/\\\/joonisfilm.ee\\\/en\\\/films\\\/\"},{\"@type\":\"ListItem\",\"position\":3,\"name\":\"TOM &#038; FLUFFY\"}]},{\"@type\":\"WebSite\",\"@id\":\"https:\\\/\\\/joonisfilm.ee\\\/en\\\/#website\",\"url\":\"https:\\\/\\\/joonisfilm.ee\\\/en\\\/\",\"name\":\"Joonisfilm\",\"description\":\"Joonisfilmi koduleht\",\"publisher\":{\"@id\":\"https:\\\/\\\/joonisfilm.ee\\\/en\\\/#organization\"},\"potentialAction\":[{\"@type\":\"SearchAction\",\"target\":{\"@type\":\"EntryPoint\",\"urlTemplate\":\"https:\\\/\\\/joonisfilm.ee\\\/en\\\/?s={search_term_string}\"},\"query-input\":{\"@type\":\"PropertyValueSpecification\",\"valueRequired\":true,\"valueName\":\"search_term_string\"}}],\"inLanguage\":\"en-US\"},{\"@type\":\"Organization\",\"@id\":\"https:\\\/\\\/joonisfilm.ee\\\/en\\\/#organization\",\"name\":\"EESTI Joonisfilm\",\"url\":\"https:\\\/\\\/joonisfilm.ee\\\/en\\\/\",\"logo\":{\"@type\":\"ImageObject\",\"inLanguage\":\"en-US\",\"@id\":\"https:\\\/\\\/joonisfilm.ee\\\/en\\\/#\\\/schema\\\/logo\\\/image\\\/\",\"url\":\"https:\\\/\\\/joonisfilm.ee\\\/wp-content\\\/uploads\\\/2024\\\/06\\\/Eesti-Joonisfilm-logo-orig-foon-transparentne.png\",\"contentUrl\":\"https:\\\/\\\/joonisfilm.ee\\\/wp-content\\\/uploads\\\/2024\\\/06\\\/Eesti-Joonisfilm-logo-orig-foon-transparentne.png\",\"width\":1000,\"height\":754,\"caption\":\"EESTI Joonisfilm\"},\"image\":{\"@id\":\"https:\\\/\\\/joonisfilm.ee\\\/en\\\/#\\\/schema\\\/logo\\\/image\\\/\"},\"sameAs\":[\"https:\\\/\\\/www.facebook.com\\\/Joonisfilm\\\/\",\"https:\\\/\\\/www.instagram.com\\\/eesti_joonisfilm\\\/\",\"https:\\\/\\\/www.youtube.com\\\/channel\\\/UCOF_pU5vkvtuOsVnE4xjp-A\",\"https:\\\/\\\/vimeo.com\\\/joonisfilm\"]}]}<\/script>\n<!-- \/ Yoast SEO plugin. -->","yoast_head_json":{"title":"TOM & FLUFFY - Joonisfilm","robots":{"index":"index","follow":"follow","max-snippet":"max-snippet:-1","max-image-preview":"max-image-preview:large","max-video-preview":"max-video-preview:-1"},"canonical":"https:\/\/joonisfilm.ee\/en\/films\/tom-fluffy\/","og_locale":"en_US","og_type":"article","og_title":"TOM & FLUFFY - Joonisfilm","og_description":"Original title TOM JA FLUFFY English title TOM &amp; FLUFFY Script Authors Janno P\u00f5ldma Heiki Ernits Andrus Kivir\u00e4hk Directors Janno P\u00f5ldma Heiki Ernits Leo L\u00e4tti Art Director Heiki Ernits Background Artist Regina Lukk Colour Design Krista Lepland Narrators J\u00fcri Krjukov Anu Lamp Composer Olav Ehala Photography Ruth-Helene Kaasik Animators Marje Ale Mariann Joa Raul Lunia [&hellip;]","og_url":"https:\/\/joonisfilm.ee\/en\/films\/tom-fluffy\/","og_site_name":"Joonisfilm","article_publisher":"https:\/\/www.facebook.com\/Joonisfilm\/","article_modified_time":"2024-07-09T08:12:30+00:00","twitter_card":"summary_large_image","twitter_misc":{"Est. reading time":"1 minute"},"schema":{"@context":"https:\/\/schema.org","@graph":[{"@type":"WebPage","@id":"https:\/\/joonisfilm.ee\/en\/films\/tom-fluffy\/","url":"https:\/\/joonisfilm.ee\/en\/films\/tom-fluffy\/","name":"TOM & FLUFFY - Joonisfilm","isPartOf":{"@id":"https:\/\/joonisfilm.ee\/en\/#website"},"datePublished":"2010-12-02T12:12:44+00:00","dateModified":"2024-07-09T08:12:30+00:00","breadcrumb":{"@id":"https:\/\/joonisfilm.ee\/en\/films\/tom-fluffy\/#breadcrumb"},"inLanguage":"en-US","potentialAction":[{"@type":"ReadAction","target":["https:\/\/joonisfilm.ee\/en\/films\/tom-fluffy\/"]}]},{"@type":"BreadcrumbList","@id":"https:\/\/joonisfilm.ee\/en\/films\/tom-fluffy\/#breadcrumb","itemListElement":[{"@type":"ListItem","position":1,"name":"Home","item":"https:\/\/joonisfilm.ee\/en\/"},{"@type":"ListItem","position":2,"name":"FILMS","item":"https:\/\/joonisfilm.ee\/en\/films\/"},{"@type":"ListItem","position":3,"name":"TOM &#038; FLUFFY"}]},{"@type":"WebSite","@id":"https:\/\/joonisfilm.ee\/en\/#website","url":"https:\/\/joonisfilm.ee\/en\/","name":"Joonisfilm","description":"Joonisfilmi koduleht","publisher":{"@id":"https:\/\/joonisfilm.ee\/en\/#organization"},"potentialAction":[{"@type":"SearchAction","target":{"@type":"EntryPoint","urlTemplate":"https:\/\/joonisfilm.ee\/en\/?s={search_term_string}"},"query-input":{"@type":"PropertyValueSpecification","valueRequired":true,"valueName":"search_term_string"}}],"inLanguage":"en-US"},{"@type":"Organization","@id":"https:\/\/joonisfilm.ee\/en\/#organization","name":"EESTI Joonisfilm","url":"https:\/\/joonisfilm.ee\/en\/","logo":{"@type":"ImageObject","inLanguage":"en-US","@id":"https:\/\/joonisfilm.ee\/en\/#\/schema\/logo\/image\/","url":"https:\/\/joonisfilm.ee\/wp-content\/uploads\/2024\/06\/Eesti-Joonisfilm-logo-orig-foon-transparentne.png","contentUrl":"https:\/\/joonisfilm.ee\/wp-content\/uploads\/2024\/06\/Eesti-Joonisfilm-logo-orig-foon-transparentne.png","width":1000,"height":754,"caption":"EESTI Joonisfilm"},"image":{"@id":"https:\/\/joonisfilm.ee\/en\/#\/schema\/logo\/image\/"},"sameAs":["https:\/\/www.facebook.com\/Joonisfilm\/","https:\/\/www.instagram.com\/eesti_joonisfilm\/","https:\/\/www.youtube.com\/channel\/UCOF_pU5vkvtuOsVnE4xjp-A","https:\/\/vimeo.com\/joonisfilm"]}]}},"_links":{"self":[{"href":"https:\/\/joonisfilm.ee\/en\/wp-json\/wp\/v2\/pages\/3650","targetHints":{"allow":["GET"]}}],"collection":[{"href":"https:\/\/joonisfilm.ee\/en\/wp-json\/wp\/v2\/pages"}],"about":[{"href":"https:\/\/joonisfilm.ee\/en\/wp-json\/wp\/v2\/types\/page"}],"author":[{"embeddable":true,"href":"https:\/\/joonisfilm.ee\/en\/wp-json\/wp\/v2\/users\/1"}],"replies":[{"embeddable":true,"href":"https:\/\/joonisfilm.ee\/en\/wp-json\/wp\/v2\/comments?post=3650"}],"version-history":[{"count":3,"href":"https:\/\/joonisfilm.ee\/en\/wp-json\/wp\/v2\/pages\/3650\/revisions"}],"predecessor-version":[{"id":7155,"href":"https:\/\/joonisfilm.ee\/en\/wp-json\/wp\/v2\/pages\/3650\/revisions\/7155"}],"up":[{"embeddable":true,"href":"https:\/\/joonisfilm.ee\/en\/wp-json\/wp\/v2\/pages\/55"}],"wp:attachment":[{"href":"https:\/\/joonisfilm.ee\/en\/wp-json\/wp\/v2\/media?parent=3650"}],"curies":[{"name":"wp","href":"https:\/\/api.w.org\/{rel}","templated":true}]}}