{"id":3709,"date":"2022-08-09T09:49:39","date_gmt":"2022-08-09T09:49:39","guid":{"rendered":"https:\/\/www.joonisfilm.ee"},"modified":"2024-10-10T06:59:21","modified_gmt":"2024-10-10T06:59:21","slug":"eeva-2","status":"publish","type":"page","link":"https:\/\/joonisfilm.ee\/en\/films\/eeva-2\/","title":{"rendered":"EEVA"},"content":{"rendered":"<p>ngg_shortcode_0_placeholderA sad day in Eva\u2019s life&#8230;<\/p>\n<table border=\"0\" class=\"mtr-table mtr-tr-td\">\n<tbody>\n<tr>\n<td data-mtr-content=\"Original title\" class=\"mtr-td-tag\"><div class=\"mtr-cell-content\">Original title<\/div><\/td>\n<td data-mtr-content=\"EEVA\" class=\"mtr-td-tag\"><div class=\"mtr-cell-content\">EEVA<\/div><\/td>\n<\/tr>\n<tr>\n<td data-mtr-content=\"Original title\" class=\"mtr-td-tag\"><div class=\"mtr-cell-content\">English title<\/div><\/td>\n<td data-mtr-content=\"EEVA\" class=\"mtr-td-tag\"><div class=\"mtr-cell-content\">EEVA<\/div><\/td>\n<\/tr>\n<tr>\n<td data-mtr-content=\"Original title\" class=\"mtr-td-tag\"><div class=\"mtr-cell-content\">\u00a0<\/div><\/td>\n<td data-mtr-content=\"EEVA\" class=\"mtr-td-tag\"><div class=\"mtr-cell-content\">\u00a0<\/div><\/td>\n<\/tr>\n<tr>\n<td data-mtr-content=\"Original title\" class=\"mtr-td-tag\"><div class=\"mtr-cell-content\">Script Author<\/div><\/td>\n<td data-mtr-content=\"EEVA\" class=\"mtr-td-tag\"><div class=\"mtr-cell-content\">Morten T\u0161inakov<\/div><\/td>\n<\/tr>\n<tr>\n<td data-mtr-content=\"Original title\" class=\"mtr-td-tag\"><div class=\"mtr-cell-content\">Directors<\/div><\/td>\n<td data-mtr-content=\"EEVA\" class=\"mtr-td-tag\"><div class=\"mtr-cell-content\">Morten T\u0161inakov<\/div><\/td>\n<\/tr>\n<tr>\n<td data-mtr-content=\"Original title\" class=\"mtr-td-tag\"><div class=\"mtr-cell-content\">\u00a0<\/div><\/td>\n<td data-mtr-content=\"EEVA\" class=\"mtr-td-tag\"><div class=\"mtr-cell-content\">Lucija Mrzljak<\/div><\/td>\n<\/tr>\n<tr>\n<td data-mtr-content=\"Original title\" class=\"mtr-td-tag\"><div class=\"mtr-cell-content\">Art Directors<\/div><\/td>\n<td data-mtr-content=\"EEVA\" class=\"mtr-td-tag\"><div class=\"mtr-cell-content\">Lucija Mrzljak<\/div><\/td>\n<\/tr>\n<tr>\n<td data-mtr-content=\"Original title\" class=\"mtr-td-tag\"><div class=\"mtr-cell-content\">\u00a0<\/div><\/td>\n<td data-mtr-content=\"EEVA\" class=\"mtr-td-tag\"><div class=\"mtr-cell-content\">Morten T\u0161inakov<\/div><\/td>\n<\/tr>\n<tr>\n<td data-mtr-content=\"Original title\" class=\"mtr-td-tag\"><div class=\"mtr-cell-content\">Composer<\/div><\/td>\n<td data-mtr-content=\"EEVA\" class=\"mtr-td-tag\"><div class=\"mtr-cell-content\">Morten T\u0161inakov<\/div><\/td>\n<\/tr>\n<tr>\n<td data-mtr-content=\"Original title\" class=\"mtr-td-tag\"><div class=\"mtr-cell-content\">Compositor<\/div><\/td>\n<td data-mtr-content=\"EEVA\" class=\"mtr-td-tag\"><div class=\"mtr-cell-content\">Morten T\u0161inakov<\/div><\/td>\n<\/tr>\n<tr>\n<td data-mtr-content=\"Original title\" class=\"mtr-td-tag\"><div class=\"mtr-cell-content\">Animators<\/div><\/td>\n<td data-mtr-content=\"EEVA\" class=\"mtr-td-tag\"><div class=\"mtr-cell-content\">Egert Kesa<\/div><\/td>\n<\/tr>\n<tr>\n<td data-mtr-content=\"Original title\" class=\"mtr-td-tag\"><div class=\"mtr-cell-content\">\u00a0<\/div><\/td>\n<td data-mtr-content=\"EEVA\" class=\"mtr-td-tag\"><div class=\"mtr-cell-content\">Goran Stojni\u0107<\/div><\/td>\n<\/tr>\n<tr>\n<td data-mtr-content=\"Original title\" class=\"mtr-td-tag\"><div class=\"mtr-cell-content\">\u00a0<\/div><\/td>\n<td data-mtr-content=\"EEVA\" class=\"mtr-td-tag\"><div class=\"mtr-cell-content\">Morten T\u0161inakov<\/div><\/td>\n<\/tr>\n<tr>\n<td data-mtr-content=\"Original title\" class=\"mtr-td-tag\"><div class=\"mtr-cell-content\">\u00a0<\/div><\/td>\n<td data-mtr-content=\"EEVA\" class=\"mtr-td-tag\"><div class=\"mtr-cell-content\">Lucija Mrzljak<\/div><\/td>\n<\/tr>\n<tr>\n<td data-mtr-content=\"Original title\" class=\"mtr-td-tag\"><div class=\"mtr-cell-content\">\u00a0<\/div><\/td>\n<td data-mtr-content=\"EEVA\" class=\"mtr-td-tag\"><div class=\"mtr-cell-content\">Tarmo Vaarmets<\/div><\/td>\n<\/tr>\n<tr>\n<td data-mtr-content=\"Original title\" class=\"mtr-td-tag\"><div class=\"mtr-cell-content\">\u00a0<\/div><\/td>\n<td data-mtr-content=\"EEVA\" class=\"mtr-td-tag\"><div class=\"mtr-cell-content\">Noemi Ribi\u0107<\/div><\/td>\n<\/tr>\n<tr>\n<td data-mtr-content=\"Original title\" class=\"mtr-td-tag\"><div class=\"mtr-cell-content\">Actor<\/div><\/td>\n<td data-mtr-content=\"EEVA\" class=\"mtr-td-tag\"><div class=\"mtr-cell-content\">Lucija Mrzljak<\/div><\/td>\n<\/tr>\n<tr>\n<td data-mtr-content=\"Original title\" class=\"mtr-td-tag\"><div class=\"mtr-cell-content\">\u00a0<\/div><\/td>\n<td data-mtr-content=\"EEVA\" class=\"mtr-td-tag\"><div class=\"mtr-cell-content\">Kaspar Jancis<\/div><\/td>\n<\/tr>\n<tr>\n<td data-mtr-content=\"Original title\" class=\"mtr-td-tag\"><div class=\"mtr-cell-content\">\u00a0<\/div><\/td>\n<td data-mtr-content=\"EEVA\" class=\"mtr-td-tag\"><div class=\"mtr-cell-content\">Dra\u0161ko Ivezi\u0107<\/div><\/td>\n<\/tr>\n<tr>\n<td data-mtr-content=\"Original title\" class=\"mtr-td-tag\"><div class=\"mtr-cell-content\">Sound Design<\/div><\/td>\n<td data-mtr-content=\"EEVA\" class=\"mtr-td-tag\"><div class=\"mtr-cell-content\">Jure Buljevi\u0107<\/div><\/td>\n<\/tr>\n<tr>\n<td data-mtr-content=\"Original title\" class=\"mtr-td-tag\"><div class=\"mtr-cell-content\">Final Mix<\/div><\/td>\n<td data-mtr-content=\"EEVA\" class=\"mtr-td-tag\"><div class=\"mtr-cell-content\">Borna Buljevi\u0107<\/div><\/td>\n<\/tr>\n<tr>\n<td data-mtr-content=\"Original title\" class=\"mtr-td-tag\"><div class=\"mtr-cell-content\">Editors<\/div><\/td>\n<td data-mtr-content=\"EEVA\" class=\"mtr-td-tag\"><div class=\"mtr-cell-content\">Morten T\u0161inakov<\/div><\/td>\n<\/tr>\n<tr>\n<td data-mtr-content=\"Original title\" class=\"mtr-td-tag\"><div class=\"mtr-cell-content\">\u00a0<\/div><\/td>\n<td data-mtr-content=\"EEVA\" class=\"mtr-td-tag\"><div class=\"mtr-cell-content\">Lucija Mrzljak<\/div><\/td>\n<\/tr>\n<tr>\n<td data-mtr-content=\"Original title\" class=\"mtr-td-tag\"><div class=\"mtr-cell-content\">Producers<\/div><\/td>\n<td data-mtr-content=\"EEVA\" class=\"mtr-td-tag\"><div class=\"mtr-cell-content\">Kalev Tamm<\/div><\/td>\n<\/tr>\n<tr>\n<td data-mtr-content=\"Original title\" class=\"mtr-td-tag\"><div class=\"mtr-cell-content\">\u00a0<\/div><\/td>\n<td data-mtr-content=\"EEVA\" class=\"mtr-td-tag\"><div class=\"mtr-cell-content\">Dra\u0161ko Ivezi\u0107<\/div><\/td>\n<\/tr>\n<\/tbody>\n<\/table>\n<p>\u00a9 2022 Eesti Joonisfilm &amp; Adriatic Animation<br \/>\n15&#8217;58&#8221; \/ DCP \/ 1,85:1 \/ colour&nbsp;\/ 5.1<\/p>\n<p>It\u2019s pouring down with rain at the funeral. There\u2019s a lot of crying, too much wine, several woodpeckers and a couple of dreams that fill in the gaps.<\/p>\n<p>&nbsp;<\/p>\n<p><iframe title=\"Eeva || Trailer\" width=\"1300\" height=\"731\" src=\"https:\/\/www.youtube.com\/embed\/5ZdEv3Xxr8E?feature=oembed\" frameborder=\"0\" allow=\"accelerometer; autoplay; clipboard-write; encrypted-media; gyroscope; picture-in-picture; web-share\" referrerpolicy=\"strict-origin-when-cross-origin\" allowfullscreen><\/iframe><\/p>\n<p>Film production supported by<br \/>\nESTONIAN&nbsp;FILM INSTITUTE<br \/>\nHRVATSKI AUDIOVIZUALNI CENTAR<br \/>\nESTONIAN CULTURAL ENDOWMENT<\/p>\n","protected":false},"excerpt":{"rendered":"<p>A sad day in Eva\u2019s life&#8230; Original title EEVA English title EEVA \u00a0 \u00a0 Script Author Morten T\u0161inakov Directors Morten T\u0161inakov \u00a0 Lucija Mrzljak Art Directors Lucija Mrzljak \u00a0 Morten T\u0161inakov Composer Morten T\u0161inakov Compositor Morten T\u0161inakov Animators Egert Kesa \u00a0 Goran Stojni\u0107 \u00a0 Morten T\u0161inakov \u00a0 Lucija Mrzljak \u00a0 Tarmo Vaarmets \u00a0 Noemi Ribi\u0107 [&hellip;]<\/p>\n","protected":false},"author":1,"featured_media":0,"parent":55,"menu_order":0,"comment_status":"closed","ping_status":"closed","template":"","meta":{"ngg_post_thumbnail":0,"footnotes":""},"class_list":["post-3709","page","type-page","status-publish","hentry"],"yoast_head":"<!-- This site is optimized with the Yoast SEO plugin v27.3 - https:\/\/yoast.com\/product\/yoast-seo-wordpress\/ -->\n<title>EEVA - Joonisfilm<\/title>\n<meta name=\"robots\" content=\"index, follow, max-snippet:-1, max-image-preview:large, max-video-preview:-1\" \/>\n<link rel=\"canonical\" href=\"https:\/\/joonisfilm.ee\/en\/films\/eeva-2\/\" \/>\n<meta property=\"og:locale\" content=\"en_US\" \/>\n<meta property=\"og:type\" content=\"article\" \/>\n<meta property=\"og:title\" content=\"EEVA - Joonisfilm\" \/>\n<meta property=\"og:description\" content=\"A sad day in Eva\u2019s life&#8230; Original title EEVA English title EEVA \u00a0 \u00a0 Script Author Morten T\u0161inakov Directors Morten T\u0161inakov \u00a0 Lucija Mrzljak Art Directors Lucija Mrzljak \u00a0 Morten T\u0161inakov Composer Morten T\u0161inakov Compositor Morten T\u0161inakov Animators Egert Kesa \u00a0 Goran Stojni\u0107 \u00a0 Morten T\u0161inakov \u00a0 Lucija Mrzljak \u00a0 Tarmo Vaarmets \u00a0 Noemi Ribi\u0107 [&hellip;]\" \/>\n<meta property=\"og:url\" content=\"https:\/\/joonisfilm.ee\/en\/films\/eeva-2\/\" \/>\n<meta property=\"og:site_name\" content=\"Joonisfilm\" \/>\n<meta property=\"article:publisher\" content=\"https:\/\/www.facebook.com\/Joonisfilm\/\" \/>\n<meta property=\"article:modified_time\" content=\"2024-10-10T06:59:21+00:00\" \/>\n<meta name=\"twitter:card\" content=\"summary_large_image\" \/>\n<meta name=\"twitter:label1\" content=\"Est. reading time\" \/>\n\t<meta name=\"twitter:data1\" content=\"1 minute\" \/>\n<script type=\"application\/ld+json\" class=\"yoast-schema-graph\">{\"@context\":\"https:\\\/\\\/schema.org\",\"@graph\":[{\"@type\":\"WebPage\",\"@id\":\"https:\\\/\\\/joonisfilm.ee\\\/en\\\/films\\\/eeva-2\\\/\",\"url\":\"https:\\\/\\\/joonisfilm.ee\\\/en\\\/films\\\/eeva-2\\\/\",\"name\":\"EEVA - Joonisfilm\",\"isPartOf\":{\"@id\":\"https:\\\/\\\/joonisfilm.ee\\\/en\\\/#website\"},\"datePublished\":\"2022-08-09T09:49:39+00:00\",\"dateModified\":\"2024-10-10T06:59:21+00:00\",\"breadcrumb\":{\"@id\":\"https:\\\/\\\/joonisfilm.ee\\\/en\\\/films\\\/eeva-2\\\/#breadcrumb\"},\"inLanguage\":\"en-US\",\"potentialAction\":[{\"@type\":\"ReadAction\",\"target\":[\"https:\\\/\\\/joonisfilm.ee\\\/en\\\/films\\\/eeva-2\\\/\"]}]},{\"@type\":\"BreadcrumbList\",\"@id\":\"https:\\\/\\\/joonisfilm.ee\\\/en\\\/films\\\/eeva-2\\\/#breadcrumb\",\"itemListElement\":[{\"@type\":\"ListItem\",\"position\":1,\"name\":\"Home\",\"item\":\"https:\\\/\\\/joonisfilm.ee\\\/en\\\/\"},{\"@type\":\"ListItem\",\"position\":2,\"name\":\"FILMS\",\"item\":\"https:\\\/\\\/joonisfilm.ee\\\/en\\\/films\\\/\"},{\"@type\":\"ListItem\",\"position\":3,\"name\":\"EEVA\"}]},{\"@type\":\"WebSite\",\"@id\":\"https:\\\/\\\/joonisfilm.ee\\\/en\\\/#website\",\"url\":\"https:\\\/\\\/joonisfilm.ee\\\/en\\\/\",\"name\":\"Joonisfilm\",\"description\":\"Joonisfilmi koduleht\",\"publisher\":{\"@id\":\"https:\\\/\\\/joonisfilm.ee\\\/en\\\/#organization\"},\"potentialAction\":[{\"@type\":\"SearchAction\",\"target\":{\"@type\":\"EntryPoint\",\"urlTemplate\":\"https:\\\/\\\/joonisfilm.ee\\\/en\\\/?s={search_term_string}\"},\"query-input\":{\"@type\":\"PropertyValueSpecification\",\"valueRequired\":true,\"valueName\":\"search_term_string\"}}],\"inLanguage\":\"en-US\"},{\"@type\":\"Organization\",\"@id\":\"https:\\\/\\\/joonisfilm.ee\\\/en\\\/#organization\",\"name\":\"EESTI Joonisfilm\",\"url\":\"https:\\\/\\\/joonisfilm.ee\\\/en\\\/\",\"logo\":{\"@type\":\"ImageObject\",\"inLanguage\":\"en-US\",\"@id\":\"https:\\\/\\\/joonisfilm.ee\\\/en\\\/#\\\/schema\\\/logo\\\/image\\\/\",\"url\":\"https:\\\/\\\/joonisfilm.ee\\\/wp-content\\\/uploads\\\/2024\\\/06\\\/Eesti-Joonisfilm-logo-orig-foon-transparentne.png\",\"contentUrl\":\"https:\\\/\\\/joonisfilm.ee\\\/wp-content\\\/uploads\\\/2024\\\/06\\\/Eesti-Joonisfilm-logo-orig-foon-transparentne.png\",\"width\":1000,\"height\":754,\"caption\":\"EESTI Joonisfilm\"},\"image\":{\"@id\":\"https:\\\/\\\/joonisfilm.ee\\\/en\\\/#\\\/schema\\\/logo\\\/image\\\/\"},\"sameAs\":[\"https:\\\/\\\/www.facebook.com\\\/Joonisfilm\\\/\",\"https:\\\/\\\/www.instagram.com\\\/eesti_joonisfilm\\\/\",\"https:\\\/\\\/www.youtube.com\\\/channel\\\/UCOF_pU5vkvtuOsVnE4xjp-A\",\"https:\\\/\\\/vimeo.com\\\/joonisfilm\"]}]}<\/script>\n<!-- \/ Yoast SEO plugin. -->","yoast_head_json":{"title":"EEVA - Joonisfilm","robots":{"index":"index","follow":"follow","max-snippet":"max-snippet:-1","max-image-preview":"max-image-preview:large","max-video-preview":"max-video-preview:-1"},"canonical":"https:\/\/joonisfilm.ee\/en\/films\/eeva-2\/","og_locale":"en_US","og_type":"article","og_title":"EEVA - Joonisfilm","og_description":"A sad day in Eva\u2019s life&#8230; Original title EEVA English title EEVA \u00a0 \u00a0 Script Author Morten T\u0161inakov Directors Morten T\u0161inakov \u00a0 Lucija Mrzljak Art Directors Lucija Mrzljak \u00a0 Morten T\u0161inakov Composer Morten T\u0161inakov Compositor Morten T\u0161inakov Animators Egert Kesa \u00a0 Goran Stojni\u0107 \u00a0 Morten T\u0161inakov \u00a0 Lucija Mrzljak \u00a0 Tarmo Vaarmets \u00a0 Noemi Ribi\u0107 [&hellip;]","og_url":"https:\/\/joonisfilm.ee\/en\/films\/eeva-2\/","og_site_name":"Joonisfilm","article_publisher":"https:\/\/www.facebook.com\/Joonisfilm\/","article_modified_time":"2024-10-10T06:59:21+00:00","twitter_card":"summary_large_image","twitter_misc":{"Est. reading time":"1 minute"},"schema":{"@context":"https:\/\/schema.org","@graph":[{"@type":"WebPage","@id":"https:\/\/joonisfilm.ee\/en\/films\/eeva-2\/","url":"https:\/\/joonisfilm.ee\/en\/films\/eeva-2\/","name":"EEVA - Joonisfilm","isPartOf":{"@id":"https:\/\/joonisfilm.ee\/en\/#website"},"datePublished":"2022-08-09T09:49:39+00:00","dateModified":"2024-10-10T06:59:21+00:00","breadcrumb":{"@id":"https:\/\/joonisfilm.ee\/en\/films\/eeva-2\/#breadcrumb"},"inLanguage":"en-US","potentialAction":[{"@type":"ReadAction","target":["https:\/\/joonisfilm.ee\/en\/films\/eeva-2\/"]}]},{"@type":"BreadcrumbList","@id":"https:\/\/joonisfilm.ee\/en\/films\/eeva-2\/#breadcrumb","itemListElement":[{"@type":"ListItem","position":1,"name":"Home","item":"https:\/\/joonisfilm.ee\/en\/"},{"@type":"ListItem","position":2,"name":"FILMS","item":"https:\/\/joonisfilm.ee\/en\/films\/"},{"@type":"ListItem","position":3,"name":"EEVA"}]},{"@type":"WebSite","@id":"https:\/\/joonisfilm.ee\/en\/#website","url":"https:\/\/joonisfilm.ee\/en\/","name":"Joonisfilm","description":"Joonisfilmi koduleht","publisher":{"@id":"https:\/\/joonisfilm.ee\/en\/#organization"},"potentialAction":[{"@type":"SearchAction","target":{"@type":"EntryPoint","urlTemplate":"https:\/\/joonisfilm.ee\/en\/?s={search_term_string}"},"query-input":{"@type":"PropertyValueSpecification","valueRequired":true,"valueName":"search_term_string"}}],"inLanguage":"en-US"},{"@type":"Organization","@id":"https:\/\/joonisfilm.ee\/en\/#organization","name":"EESTI Joonisfilm","url":"https:\/\/joonisfilm.ee\/en\/","logo":{"@type":"ImageObject","inLanguage":"en-US","@id":"https:\/\/joonisfilm.ee\/en\/#\/schema\/logo\/image\/","url":"https:\/\/joonisfilm.ee\/wp-content\/uploads\/2024\/06\/Eesti-Joonisfilm-logo-orig-foon-transparentne.png","contentUrl":"https:\/\/joonisfilm.ee\/wp-content\/uploads\/2024\/06\/Eesti-Joonisfilm-logo-orig-foon-transparentne.png","width":1000,"height":754,"caption":"EESTI Joonisfilm"},"image":{"@id":"https:\/\/joonisfilm.ee\/en\/#\/schema\/logo\/image\/"},"sameAs":["https:\/\/www.facebook.com\/Joonisfilm\/","https:\/\/www.instagram.com\/eesti_joonisfilm\/","https:\/\/www.youtube.com\/channel\/UCOF_pU5vkvtuOsVnE4xjp-A","https:\/\/vimeo.com\/joonisfilm"]}]}},"_links":{"self":[{"href":"https:\/\/joonisfilm.ee\/en\/wp-json\/wp\/v2\/pages\/3709","targetHints":{"allow":["GET"]}}],"collection":[{"href":"https:\/\/joonisfilm.ee\/en\/wp-json\/wp\/v2\/pages"}],"about":[{"href":"https:\/\/joonisfilm.ee\/en\/wp-json\/wp\/v2\/types\/page"}],"author":[{"embeddable":true,"href":"https:\/\/joonisfilm.ee\/en\/wp-json\/wp\/v2\/users\/1"}],"replies":[{"embeddable":true,"href":"https:\/\/joonisfilm.ee\/en\/wp-json\/wp\/v2\/comments?post=3709"}],"version-history":[{"count":8,"href":"https:\/\/joonisfilm.ee\/en\/wp-json\/wp\/v2\/pages\/3709\/revisions"}],"predecessor-version":[{"id":7270,"href":"https:\/\/joonisfilm.ee\/en\/wp-json\/wp\/v2\/pages\/3709\/revisions\/7270"}],"up":[{"embeddable":true,"href":"https:\/\/joonisfilm.ee\/en\/wp-json\/wp\/v2\/pages\/55"}],"wp:attachment":[{"href":"https:\/\/joonisfilm.ee\/en\/wp-json\/wp\/v2\/media?parent=3709"}],"curies":[{"name":"wp","href":"https:\/\/api.w.org\/{rel}","templated":true}]}}