{"id":514,"date":"2010-12-01T17:44:03","date_gmt":"2010-12-01T17:44:03","guid":{"rendered":"http:\/\/www.joonisfilm.ee\/uus"},"modified":"2024-07-09T08:30:23","modified_gmt":"2024-07-09T08:30:23","slug":"life-without-gabriella-ferri","status":"publish","type":"page","link":"https:\/\/joonisfilm.ee\/en\/films\/life-without-gabriella-ferri\/","title":{"rendered":"LIFE WITHOUT GABRIELLA FERRI"},"content":{"rendered":"ngg_shortcode_0_placeholder\n<table border=\"0\" class=\"mtr-table mtr-tr-td\">\n<tbody>\n<tr>\n<td data-mtr-content=\"Original title\" class=\"mtr-td-tag\"><div class=\"mtr-cell-content\">Original title<\/div><\/td>\n<td data-mtr-content=\"ELU ILMA GABRIELLA FERRITA\" class=\"mtr-td-tag\"><div class=\"mtr-cell-content\">ELU ILMA GABRIELLA FERRITA<\/div><\/td>\n<\/tr>\n<tr>\n<td data-mtr-content=\"Original title\" class=\"mtr-td-tag\"><div class=\"mtr-cell-content\">English title<\/div><\/td>\n<td data-mtr-content=\"ELU ILMA GABRIELLA FERRITA\" class=\"mtr-td-tag\"><div class=\"mtr-cell-content\">LIFE WITHOUT GABRIELLA FERRI<\/div><\/td>\n<\/tr>\n<tr>\n<td data-mtr-content=\"Original title\" class=\"mtr-td-tag\"><div class=\"mtr-cell-content\"><\/div><\/td>\n<td data-mtr-content=\"ELU ILMA GABRIELLA FERRITA\" class=\"mtr-td-tag\"><div class=\"mtr-cell-content\"><\/div><\/td>\n<\/tr>\n<tr>\n<td data-mtr-content=\"Original title\" class=\"mtr-td-tag\"><div class=\"mtr-cell-content\">Script Author<\/div><\/td>\n<td data-mtr-content=\"ELU ILMA GABRIELLA FERRITA\" class=\"mtr-td-tag\"><div class=\"mtr-cell-content\">Priit P\u00e4rn<\/div><\/td>\n<\/tr>\n<tr>\n<td data-mtr-content=\"Original title\" class=\"mtr-td-tag\"><div class=\"mtr-cell-content\">Directors<\/div><\/td>\n<td data-mtr-content=\"ELU ILMA GABRIELLA FERRITA\" class=\"mtr-td-tag\"><div class=\"mtr-cell-content\">Priit P\u00e4rn<\/div><\/td>\n<\/tr>\n<tr>\n<td data-mtr-content=\"Original title\" class=\"mtr-td-tag\"><div class=\"mtr-cell-content\"><\/div><\/td>\n<td data-mtr-content=\"ELU ILMA GABRIELLA FERRITA\" class=\"mtr-td-tag\"><div class=\"mtr-cell-content\">Olga P\u00e4rn<\/div><\/td>\n<\/tr>\n<tr>\n<td data-mtr-content=\"Original title\" class=\"mtr-td-tag\"><div class=\"mtr-cell-content\">Art Directors<\/div><\/td>\n<td data-mtr-content=\"ELU ILMA GABRIELLA FERRITA\" class=\"mtr-td-tag\"><div class=\"mtr-cell-content\">Priit P\u00e4rn<\/div><\/td>\n<\/tr>\n<tr>\n<td data-mtr-content=\"Original title\" class=\"mtr-td-tag\"><div class=\"mtr-cell-content\"><\/div><\/td>\n<td data-mtr-content=\"ELU ILMA GABRIELLA FERRITA\" class=\"mtr-td-tag\"><div class=\"mtr-cell-content\">Olga P\u00e4rn<\/div><\/td>\n<\/tr>\n<tr>\n<td data-mtr-content=\"Original title\" class=\"mtr-td-tag\"><div class=\"mtr-cell-content\">Characters Design<\/div><\/td>\n<td data-mtr-content=\"ELU ILMA GABRIELLA FERRITA\" class=\"mtr-td-tag\"><div class=\"mtr-cell-content\">Priit P\u00e4rn<\/div><\/td>\n<\/tr>\n<tr>\n<td data-mtr-content=\"Original title\" class=\"mtr-td-tag\"><div class=\"mtr-cell-content\">Backgrounds and Colours Design<\/div><\/td>\n<td data-mtr-content=\"ELU ILMA GABRIELLA FERRITA\" class=\"mtr-td-tag\"><div class=\"mtr-cell-content\">Priit P\u00e4rn<\/div><\/td>\n<\/tr>\n<tr>\n<td data-mtr-content=\"Original title\" class=\"mtr-td-tag\"><div class=\"mtr-cell-content\"><\/div><\/td>\n<td data-mtr-content=\"ELU ILMA GABRIELLA FERRITA\" class=\"mtr-td-tag\"><div class=\"mtr-cell-content\">Olga P\u00e4rn<\/div><\/td>\n<\/tr>\n<tr>\n<td data-mtr-content=\"Original title\" class=\"mtr-td-tag\"><div class=\"mtr-cell-content\">Composer<\/div><\/td>\n<td data-mtr-content=\"ELU ILMA GABRIELLA FERRITA\" class=\"mtr-td-tag\"><div class=\"mtr-cell-content\">Erkki-Sven T\u00fc\u00fcr<\/div><\/td>\n<\/tr>\n<tr>\n<td data-mtr-content=\"Original title\" class=\"mtr-td-tag\"><div class=\"mtr-cell-content\">Animators<\/div><\/td>\n<td data-mtr-content=\"ELU ILMA GABRIELLA FERRITA\" class=\"mtr-td-tag\"><div class=\"mtr-cell-content\">Tarmo Vaarmets<\/div><\/td>\n<\/tr>\n<tr>\n<td data-mtr-content=\"Original title\" class=\"mtr-td-tag\"><div class=\"mtr-cell-content\"><\/div><\/td>\n<td data-mtr-content=\"ELU ILMA GABRIELLA FERRITA\" class=\"mtr-td-tag\"><div class=\"mtr-cell-content\">Marje Ale<\/div><\/td>\n<\/tr>\n<tr>\n<td data-mtr-content=\"Original title\" class=\"mtr-td-tag\"><div class=\"mtr-cell-content\"><\/div><\/td>\n<td data-mtr-content=\"ELU ILMA GABRIELLA FERRITA\" class=\"mtr-td-tag\"><div class=\"mtr-cell-content\">\u00dclle Metsur<\/div><\/td>\n<\/tr>\n<tr>\n<td data-mtr-content=\"Original title\" class=\"mtr-td-tag\"><div class=\"mtr-cell-content\"><\/div><\/td>\n<td data-mtr-content=\"ELU ILMA GABRIELLA FERRITA\" class=\"mtr-td-tag\"><div class=\"mtr-cell-content\">Annely P\u00f5ldsaar<\/div><\/td>\n<\/tr>\n<tr>\n<td data-mtr-content=\"Original title\" class=\"mtr-td-tag\"><div class=\"mtr-cell-content\"><\/div><\/td>\n<td data-mtr-content=\"ELU ILMA GABRIELLA FERRITA\" class=\"mtr-td-tag\"><div class=\"mtr-cell-content\">Tiina Ubar<\/div><\/td>\n<\/tr>\n<tr>\n<td data-mtr-content=\"Original title\" class=\"mtr-td-tag\"><div class=\"mtr-cell-content\">Sound Design<\/div><\/td>\n<td data-mtr-content=\"ELU ILMA GABRIELLA FERRITA\" class=\"mtr-td-tag\"><div class=\"mtr-cell-content\">Horet Kuus<\/div><\/td>\n<\/tr>\n<tr>\n<td data-mtr-content=\"Original title\" class=\"mtr-td-tag\"><div class=\"mtr-cell-content\">Editors<\/div><\/td>\n<td data-mtr-content=\"ELU ILMA GABRIELLA FERRITA\" class=\"mtr-td-tag\"><div class=\"mtr-cell-content\">Priit P\u00e4rn<\/div><\/td>\n<\/tr>\n<tr>\n<td data-mtr-content=\"Original title\" class=\"mtr-td-tag\"><div class=\"mtr-cell-content\"><\/div><\/td>\n<td data-mtr-content=\"ELU ILMA GABRIELLA FERRITA\" class=\"mtr-td-tag\"><div class=\"mtr-cell-content\">Olga P\u00e4rn<\/div><\/td>\n<\/tr>\n<tr>\n<td data-mtr-content=\"Original title\" class=\"mtr-td-tag\"><div class=\"mtr-cell-content\">Producer<\/div><\/td>\n<td data-mtr-content=\"ELU ILMA GABRIELLA FERRITA\" class=\"mtr-td-tag\"><div class=\"mtr-cell-content\">Kalev Tamm<\/div><\/td>\n<\/tr>\n<\/tbody>\n<\/table>\n<p>\u00a9 2008 Eesti Joonisfilm<br \/>\n43\u201945\u201d \/ 35mm \/ 1,85:1 \/ 3 reels \/ 1261,8m \/ Beta SP 16:9 \/ HD Cam \/ colour \/ Dolby Surround<\/p>\n<p>A dramatic story about love, locked doors, an unsightly thief, a wounded stork, a lost laptop, and the virtual prostitutes the O\u2019Key sisters&#8230; Gabriella Ferri is not in the film, but it almost has a happy ending.<\/p>\n<p><em>Film production supported by<\/em><br \/>\nESTONIAN FILM FOUNDATION<br \/>\nESTONIAN CULTURAL ENDOWMENT<\/p>\n","protected":false},"excerpt":{"rendered":"<p>Original title ELU ILMA GABRIELLA FERRITA English title LIFE WITHOUT GABRIELLA FERRI Script Author Priit P\u00e4rn Directors Priit P\u00e4rn Olga P\u00e4rn Art Directors Priit P\u00e4rn Olga P\u00e4rn Characters Design Priit P\u00e4rn Backgrounds and Colours Design Priit P\u00e4rn Olga P\u00e4rn Composer Erkki-Sven T\u00fc\u00fcr Animators Tarmo Vaarmets Marje Ale \u00dclle Metsur Annely P\u00f5ldsaar Tiina Ubar Sound Design [&hellip;]<\/p>\n","protected":false},"author":1,"featured_media":0,"parent":55,"menu_order":0,"comment_status":"closed","ping_status":"closed","template":"","meta":{"ngg_post_thumbnail":0,"footnotes":""},"class_list":["post-514","page","type-page","status-publish","hentry"],"yoast_head":"<!-- This site is optimized with the Yoast SEO plugin v27.3 - https:\/\/yoast.com\/product\/yoast-seo-wordpress\/ -->\n<title>LIFE WITHOUT GABRIELLA FERRI - Joonisfilm<\/title>\n<meta name=\"robots\" content=\"index, follow, max-snippet:-1, max-image-preview:large, max-video-preview:-1\" \/>\n<link rel=\"canonical\" href=\"https:\/\/joonisfilm.ee\/en\/films\/life-without-gabriella-ferri\/\" \/>\n<meta property=\"og:locale\" content=\"en_US\" \/>\n<meta property=\"og:type\" content=\"article\" \/>\n<meta property=\"og:title\" content=\"LIFE WITHOUT GABRIELLA FERRI - Joonisfilm\" \/>\n<meta property=\"og:description\" content=\"Original title ELU ILMA GABRIELLA FERRITA English title LIFE WITHOUT GABRIELLA FERRI Script Author Priit P\u00e4rn Directors Priit P\u00e4rn Olga P\u00e4rn Art Directors Priit P\u00e4rn Olga P\u00e4rn Characters Design Priit P\u00e4rn Backgrounds and Colours Design Priit P\u00e4rn Olga P\u00e4rn Composer Erkki-Sven T\u00fc\u00fcr Animators Tarmo Vaarmets Marje Ale \u00dclle Metsur Annely P\u00f5ldsaar Tiina Ubar Sound Design [&hellip;]\" \/>\n<meta property=\"og:url\" content=\"https:\/\/joonisfilm.ee\/en\/films\/life-without-gabriella-ferri\/\" \/>\n<meta property=\"og:site_name\" content=\"Joonisfilm\" \/>\n<meta property=\"article:publisher\" content=\"https:\/\/www.facebook.com\/Joonisfilm\/\" \/>\n<meta property=\"article:modified_time\" content=\"2024-07-09T08:30:23+00:00\" \/>\n<meta name=\"twitter:card\" content=\"summary_large_image\" \/>\n<meta name=\"twitter:label1\" content=\"Est. reading time\" \/>\n\t<meta name=\"twitter:data1\" content=\"1 minute\" \/>\n<script type=\"application\/ld+json\" class=\"yoast-schema-graph\">{\"@context\":\"https:\\\/\\\/schema.org\",\"@graph\":[{\"@type\":\"WebPage\",\"@id\":\"https:\\\/\\\/joonisfilm.ee\\\/en\\\/films\\\/life-without-gabriella-ferri\\\/\",\"url\":\"https:\\\/\\\/joonisfilm.ee\\\/en\\\/films\\\/life-without-gabriella-ferri\\\/\",\"name\":\"LIFE WITHOUT GABRIELLA FERRI - Joonisfilm\",\"isPartOf\":{\"@id\":\"https:\\\/\\\/joonisfilm.ee\\\/en\\\/#website\"},\"datePublished\":\"2010-12-01T17:44:03+00:00\",\"dateModified\":\"2024-07-09T08:30:23+00:00\",\"breadcrumb\":{\"@id\":\"https:\\\/\\\/joonisfilm.ee\\\/en\\\/films\\\/life-without-gabriella-ferri\\\/#breadcrumb\"},\"inLanguage\":\"en-US\",\"potentialAction\":[{\"@type\":\"ReadAction\",\"target\":[\"https:\\\/\\\/joonisfilm.ee\\\/en\\\/films\\\/life-without-gabriella-ferri\\\/\"]}]},{\"@type\":\"BreadcrumbList\",\"@id\":\"https:\\\/\\\/joonisfilm.ee\\\/en\\\/films\\\/life-without-gabriella-ferri\\\/#breadcrumb\",\"itemListElement\":[{\"@type\":\"ListItem\",\"position\":1,\"name\":\"Home\",\"item\":\"https:\\\/\\\/joonisfilm.ee\\\/en\\\/\"},{\"@type\":\"ListItem\",\"position\":2,\"name\":\"FILMS\",\"item\":\"https:\\\/\\\/joonisfilm.ee\\\/en\\\/films\\\/\"},{\"@type\":\"ListItem\",\"position\":3,\"name\":\"LIFE WITHOUT GABRIELLA FERRI\"}]},{\"@type\":\"WebSite\",\"@id\":\"https:\\\/\\\/joonisfilm.ee\\\/en\\\/#website\",\"url\":\"https:\\\/\\\/joonisfilm.ee\\\/en\\\/\",\"name\":\"Joonisfilm\",\"description\":\"Joonisfilmi koduleht\",\"publisher\":{\"@id\":\"https:\\\/\\\/joonisfilm.ee\\\/en\\\/#organization\"},\"potentialAction\":[{\"@type\":\"SearchAction\",\"target\":{\"@type\":\"EntryPoint\",\"urlTemplate\":\"https:\\\/\\\/joonisfilm.ee\\\/en\\\/?s={search_term_string}\"},\"query-input\":{\"@type\":\"PropertyValueSpecification\",\"valueRequired\":true,\"valueName\":\"search_term_string\"}}],\"inLanguage\":\"en-US\"},{\"@type\":\"Organization\",\"@id\":\"https:\\\/\\\/joonisfilm.ee\\\/en\\\/#organization\",\"name\":\"EESTI Joonisfilm\",\"url\":\"https:\\\/\\\/joonisfilm.ee\\\/en\\\/\",\"logo\":{\"@type\":\"ImageObject\",\"inLanguage\":\"en-US\",\"@id\":\"https:\\\/\\\/joonisfilm.ee\\\/en\\\/#\\\/schema\\\/logo\\\/image\\\/\",\"url\":\"https:\\\/\\\/joonisfilm.ee\\\/wp-content\\\/uploads\\\/2024\\\/06\\\/Eesti-Joonisfilm-logo-orig-foon-transparentne.png\",\"contentUrl\":\"https:\\\/\\\/joonisfilm.ee\\\/wp-content\\\/uploads\\\/2024\\\/06\\\/Eesti-Joonisfilm-logo-orig-foon-transparentne.png\",\"width\":1000,\"height\":754,\"caption\":\"EESTI Joonisfilm\"},\"image\":{\"@id\":\"https:\\\/\\\/joonisfilm.ee\\\/en\\\/#\\\/schema\\\/logo\\\/image\\\/\"},\"sameAs\":[\"https:\\\/\\\/www.facebook.com\\\/Joonisfilm\\\/\",\"https:\\\/\\\/www.instagram.com\\\/eesti_joonisfilm\\\/\",\"https:\\\/\\\/www.youtube.com\\\/channel\\\/UCOF_pU5vkvtuOsVnE4xjp-A\",\"https:\\\/\\\/vimeo.com\\\/joonisfilm\"]}]}<\/script>\n<!-- \/ Yoast SEO plugin. -->","yoast_head_json":{"title":"LIFE WITHOUT GABRIELLA FERRI - Joonisfilm","robots":{"index":"index","follow":"follow","max-snippet":"max-snippet:-1","max-image-preview":"max-image-preview:large","max-video-preview":"max-video-preview:-1"},"canonical":"https:\/\/joonisfilm.ee\/en\/films\/life-without-gabriella-ferri\/","og_locale":"en_US","og_type":"article","og_title":"LIFE WITHOUT GABRIELLA FERRI - Joonisfilm","og_description":"Original title ELU ILMA GABRIELLA FERRITA English title LIFE WITHOUT GABRIELLA FERRI Script Author Priit P\u00e4rn Directors Priit P\u00e4rn Olga P\u00e4rn Art Directors Priit P\u00e4rn Olga P\u00e4rn Characters Design Priit P\u00e4rn Backgrounds and Colours Design Priit P\u00e4rn Olga P\u00e4rn Composer Erkki-Sven T\u00fc\u00fcr Animators Tarmo Vaarmets Marje Ale \u00dclle Metsur Annely P\u00f5ldsaar Tiina Ubar Sound Design [&hellip;]","og_url":"https:\/\/joonisfilm.ee\/en\/films\/life-without-gabriella-ferri\/","og_site_name":"Joonisfilm","article_publisher":"https:\/\/www.facebook.com\/Joonisfilm\/","article_modified_time":"2024-07-09T08:30:23+00:00","twitter_card":"summary_large_image","twitter_misc":{"Est. reading time":"1 minute"},"schema":{"@context":"https:\/\/schema.org","@graph":[{"@type":"WebPage","@id":"https:\/\/joonisfilm.ee\/en\/films\/life-without-gabriella-ferri\/","url":"https:\/\/joonisfilm.ee\/en\/films\/life-without-gabriella-ferri\/","name":"LIFE WITHOUT GABRIELLA FERRI - Joonisfilm","isPartOf":{"@id":"https:\/\/joonisfilm.ee\/en\/#website"},"datePublished":"2010-12-01T17:44:03+00:00","dateModified":"2024-07-09T08:30:23+00:00","breadcrumb":{"@id":"https:\/\/joonisfilm.ee\/en\/films\/life-without-gabriella-ferri\/#breadcrumb"},"inLanguage":"en-US","potentialAction":[{"@type":"ReadAction","target":["https:\/\/joonisfilm.ee\/en\/films\/life-without-gabriella-ferri\/"]}]},{"@type":"BreadcrumbList","@id":"https:\/\/joonisfilm.ee\/en\/films\/life-without-gabriella-ferri\/#breadcrumb","itemListElement":[{"@type":"ListItem","position":1,"name":"Home","item":"https:\/\/joonisfilm.ee\/en\/"},{"@type":"ListItem","position":2,"name":"FILMS","item":"https:\/\/joonisfilm.ee\/en\/films\/"},{"@type":"ListItem","position":3,"name":"LIFE WITHOUT GABRIELLA FERRI"}]},{"@type":"WebSite","@id":"https:\/\/joonisfilm.ee\/en\/#website","url":"https:\/\/joonisfilm.ee\/en\/","name":"Joonisfilm","description":"Joonisfilmi koduleht","publisher":{"@id":"https:\/\/joonisfilm.ee\/en\/#organization"},"potentialAction":[{"@type":"SearchAction","target":{"@type":"EntryPoint","urlTemplate":"https:\/\/joonisfilm.ee\/en\/?s={search_term_string}"},"query-input":{"@type":"PropertyValueSpecification","valueRequired":true,"valueName":"search_term_string"}}],"inLanguage":"en-US"},{"@type":"Organization","@id":"https:\/\/joonisfilm.ee\/en\/#organization","name":"EESTI Joonisfilm","url":"https:\/\/joonisfilm.ee\/en\/","logo":{"@type":"ImageObject","inLanguage":"en-US","@id":"https:\/\/joonisfilm.ee\/en\/#\/schema\/logo\/image\/","url":"https:\/\/joonisfilm.ee\/wp-content\/uploads\/2024\/06\/Eesti-Joonisfilm-logo-orig-foon-transparentne.png","contentUrl":"https:\/\/joonisfilm.ee\/wp-content\/uploads\/2024\/06\/Eesti-Joonisfilm-logo-orig-foon-transparentne.png","width":1000,"height":754,"caption":"EESTI Joonisfilm"},"image":{"@id":"https:\/\/joonisfilm.ee\/en\/#\/schema\/logo\/image\/"},"sameAs":["https:\/\/www.facebook.com\/Joonisfilm\/","https:\/\/www.instagram.com\/eesti_joonisfilm\/","https:\/\/www.youtube.com\/channel\/UCOF_pU5vkvtuOsVnE4xjp-A","https:\/\/vimeo.com\/joonisfilm"]}]}},"_links":{"self":[{"href":"https:\/\/joonisfilm.ee\/en\/wp-json\/wp\/v2\/pages\/514","targetHints":{"allow":["GET"]}}],"collection":[{"href":"https:\/\/joonisfilm.ee\/en\/wp-json\/wp\/v2\/pages"}],"about":[{"href":"https:\/\/joonisfilm.ee\/en\/wp-json\/wp\/v2\/types\/page"}],"author":[{"embeddable":true,"href":"https:\/\/joonisfilm.ee\/en\/wp-json\/wp\/v2\/users\/1"}],"replies":[{"embeddable":true,"href":"https:\/\/joonisfilm.ee\/en\/wp-json\/wp\/v2\/comments?post=514"}],"version-history":[{"count":3,"href":"https:\/\/joonisfilm.ee\/en\/wp-json\/wp\/v2\/pages\/514\/revisions"}],"predecessor-version":[{"id":7168,"href":"https:\/\/joonisfilm.ee\/en\/wp-json\/wp\/v2\/pages\/514\/revisions\/7168"}],"up":[{"embeddable":true,"href":"https:\/\/joonisfilm.ee\/en\/wp-json\/wp\/v2\/pages\/55"}],"wp:attachment":[{"href":"https:\/\/joonisfilm.ee\/en\/wp-json\/wp\/v2\/media?parent=514"}],"curies":[{"name":"wp","href":"https:\/\/api.w.org\/{rel}","templated":true}]}}