{"id":5854,"date":"2019-02-16T20:47:48","date_gmt":"2019-02-16T20:47:48","guid":{"rendered":"https:\/\/www.joonisfilm.ee"},"modified":"2024-07-09T09:03:55","modified_gmt":"2024-07-09T09:03:55","slug":"lotte-and-the-moonstone-secre","status":"publish","type":"page","link":"https:\/\/joonisfilm.ee\/en\/films\/lotte-and-the-moonstone-secre\/","title":{"rendered":"LOTTE AND THE MOONSTONE SECRE"},"content":{"rendered":"ngg_shortcode_0_placeholder\n<table border=\"0\" class=\"mtr-table mtr-tr-td\">\n<tbody>\n<tr>\n<td data-mtr-content=\"Original title\" class=\"mtr-td-tag\"><div class=\"mtr-cell-content\">Original title<\/div><\/td>\n<td data-mtr-content=\"LOTTE JA KUUKIVI SALADUS\" class=\"mtr-td-tag\"><div class=\"mtr-cell-content\">LOTTE JA KUUKIVI SALADUS<\/div><\/td>\n<\/tr>\n<tr>\n<td data-mtr-content=\"Original title\" class=\"mtr-td-tag\"><div class=\"mtr-cell-content\">English title<\/div><\/td>\n<td data-mtr-content=\"LOTTE JA KUUKIVI SALADUS\" class=\"mtr-td-tag\"><div class=\"mtr-cell-content\">LOTTE AND THE MOONSTONE SECRET<\/div><\/td>\n<\/tr>\n<tr>\n<td data-mtr-content=\"Original title\" class=\"mtr-td-tag\"><div class=\"mtr-cell-content\"><\/div><\/td>\n<td data-mtr-content=\"LOTTE JA KUUKIVI SALADUS\" class=\"mtr-td-tag\"><div class=\"mtr-cell-content\"><\/div><\/td>\n<\/tr>\n<tr>\n<td data-mtr-content=\"Original title\" class=\"mtr-td-tag\"><div class=\"mtr-cell-content\">Script Authors<\/div><\/td>\n<td data-mtr-content=\"LOTTE JA KUUKIVI SALADUS\" class=\"mtr-td-tag\"><div class=\"mtr-cell-content\">Janno P\u00f5ldma<\/div><\/td>\n<\/tr>\n<tr>\n<td data-mtr-content=\"Original title\" class=\"mtr-td-tag\"><div class=\"mtr-cell-content\"><\/div><\/td>\n<td data-mtr-content=\"LOTTE JA KUUKIVI SALADUS\" class=\"mtr-td-tag\"><div class=\"mtr-cell-content\">Heiki Ernits<\/div><\/td>\n<\/tr>\n<tr>\n<td data-mtr-content=\"Original title\" class=\"mtr-td-tag\"><div class=\"mtr-cell-content\"><\/div><\/td>\n<td data-mtr-content=\"LOTTE JA KUUKIVI SALADUS\" class=\"mtr-td-tag\"><div class=\"mtr-cell-content\">Andrus Kivir\u00e4hk<\/div><\/td>\n<\/tr>\n<tr>\n<td data-mtr-content=\"Original title\" class=\"mtr-td-tag\"><div class=\"mtr-cell-content\">Directors<\/div><\/td>\n<td data-mtr-content=\"LOTTE JA KUUKIVI SALADUS\" class=\"mtr-td-tag\"><div class=\"mtr-cell-content\">Janno P\u00f5ldma<\/div><\/td>\n<\/tr>\n<tr>\n<td data-mtr-content=\"Original title\" class=\"mtr-td-tag\"><div class=\"mtr-cell-content\"><\/div><\/td>\n<td data-mtr-content=\"LOTTE JA KUUKIVI SALADUS\" class=\"mtr-td-tag\"><div class=\"mtr-cell-content\">Heiki Ernits<\/div><\/td>\n<\/tr>\n<tr>\n<td data-mtr-content=\"Original title\" class=\"mtr-td-tag\"><div class=\"mtr-cell-content\">Production Designer<\/div><\/td>\n<td data-mtr-content=\"LOTTE JA KUUKIVI SALADUS\" class=\"mtr-td-tag\"><div class=\"mtr-cell-content\">Heiki Ernits<\/div><\/td>\n<\/tr>\n<tr>\n<td data-mtr-content=\"Original title\" class=\"mtr-td-tag\"><div class=\"mtr-cell-content\">Background Artists<\/div><\/td>\n<td data-mtr-content=\"LOTTE JA KUUKIVI SALADUS\" class=\"mtr-td-tag\"><div class=\"mtr-cell-content\">Katri Haarde<\/div><\/td>\n<\/tr>\n<tr>\n<td data-mtr-content=\"Original title\" class=\"mtr-td-tag\"><div class=\"mtr-cell-content\"><\/div><\/td>\n<td data-mtr-content=\"LOTTE JA KUUKIVI SALADUS\" class=\"mtr-td-tag\"><div class=\"mtr-cell-content\">Laima Puntule<\/div><\/td>\n<\/tr>\n<tr>\n<td data-mtr-content=\"Original title\" class=\"mtr-td-tag\"><div class=\"mtr-cell-content\">Composer<\/div><\/td>\n<td data-mtr-content=\"LOTTE JA KUUKIVI SALADUS\" class=\"mtr-td-tag\"><div class=\"mtr-cell-content\">Sven Gr\u00fcnberg<\/div><\/td>\n<\/tr>\n<tr>\n<td data-mtr-content=\"Original title\" class=\"mtr-td-tag\"><div class=\"mtr-cell-content\">Songs<\/div><\/td>\n<td data-mtr-content=\"LOTTE JA KUUKIVI SALADUS\" class=\"mtr-td-tag\"><div class=\"mtr-cell-content\">Sven Gr\u00fcnberg<\/div><\/td>\n<\/tr>\n<tr>\n<td data-mtr-content=\"Original title\" class=\"mtr-td-tag\"><div class=\"mtr-cell-content\"><\/div><\/td>\n<td data-mtr-content=\"LOTTE JA KUUKIVI SALADUS\" class=\"mtr-td-tag\"><div class=\"mtr-cell-content\">Ren\u0101rs Kaupers<\/div><\/td>\n<\/tr>\n<tr>\n<td data-mtr-content=\"Original title\" class=\"mtr-td-tag\"><div class=\"mtr-cell-content\">Sound Design<\/div><\/td>\n<td data-mtr-content=\"LOTTE JA KUUKIVI SALADUS\" class=\"mtr-td-tag\"><div class=\"mtr-cell-content\">Horret Kuus<\/div><\/td>\n<\/tr>\n<tr>\n<td data-mtr-content=\"Original title\" class=\"mtr-td-tag\"><div class=\"mtr-cell-content\">Editor<\/div><\/td>\n<td data-mtr-content=\"LOTTE JA KUUKIVI SALADUS\" class=\"mtr-td-tag\"><div class=\"mtr-cell-content\">Janno P\u00f5ldma<\/div><\/td>\n<\/tr>\n<tr>\n<td data-mtr-content=\"Original title\" class=\"mtr-td-tag\"><div class=\"mtr-cell-content\">Producers<\/div><\/td>\n<td data-mtr-content=\"LOTTE JA KUUKIVI SALADUS\" class=\"mtr-td-tag\"><div class=\"mtr-cell-content\">Kalev Tamm<\/div><\/td>\n<\/tr>\n<tr>\n<td data-mtr-content=\"Original title\" class=\"mtr-td-tag\"><div class=\"mtr-cell-content\"><\/div><\/td>\n<td data-mtr-content=\"LOTTE JA KUUKIVI SALADUS\" class=\"mtr-td-tag\"><div class=\"mtr-cell-content\">Riina Sildos<\/div><\/td>\n<\/tr>\n<tr>\n<td data-mtr-content=\"Original title\" class=\"mtr-td-tag\"><div class=\"mtr-cell-content\">Co-producer<\/div><\/td>\n<td data-mtr-content=\"LOTTE JA KUUKIVI SALADUS\" class=\"mtr-td-tag\"><div class=\"mtr-cell-content\">Vilnis Kalnaellis<\/div><\/td>\n<\/tr>\n<\/tbody>\n<\/table>\n<p>\u00a9 2011 Eesti Joonisfilm, Rija Films<br \/>\n75&#8217;23&#8221; \/ 35 mm \/ 1,85:1 \/ colour\/ Dolby Digital<\/p>\n<p>One night two strangers creep into Gadgetville, searching for a suitcase belonging to the old traveller dog Klaus. Girl puppy Lotte surprises the strangers who become frightened and flee, dropping the yellow stone they had taken from the suitcase. Klaus found the stone on his last journey in the mountains. Actually there were three stones; the other two were left to Klaus&#8217;s friends, the dogs Fred and Ville. Lotte discovers that this is not an ordinary stone. There is a complicated mechanism inside it. Klaus and Lotte decide to find Fred and Ville in order to get the other two stones and solve the mystery. Two strangers follow them. Soon there is another competitor interested in the stones \u2013 Paul the Cat. Lotte soon realises that this is much more serious than an ordinary exiting adventure.<\/p>\n<p>Trailer:<br \/>\n<a href=\"https:\/\/vimeo.com\/89651581\" target=\"_blank\" rel=\"noopener\">https:\/\/vimeo.com\/89651581<\/a><a href=\"https:\/\/vimeo.com\/288709212\" target=\"_blank\" rel=\"noopener\"><br \/>\n<\/a><a href=\"https:\/\/www.youtube.com\/watch?v=iBTqCIibZFM\" target=\"_blank\" rel=\"noopener\">https:\/\/www.youtube.com\/watch?v=iBTqCIibZFM<\/a><\/p>\n<p><em>Film production supported by<br \/>\n<\/em>ESTONIAN FILM FOUNDATION<br \/>\nNATIONAL FILM CENTRE OF LATVIA<br \/>\nMINISTRY OF CULTURE OF THE REPUBLIC OF ESTONIA<br \/>\nCULTURAL ENDOWMENT OF ESTONIA<br \/>\nMEDIA 2007<br \/>\nCULTURE CAPITAL FOUNDATION OF LATVIA<br \/>\nESTONIAN PUBLIC BROADCASTING<\/p>\n","protected":false},"excerpt":{"rendered":"<p>Original title LOTTE JA KUUKIVI SALADUS English title LOTTE AND THE MOONSTONE SECRET Script Authors Janno P\u00f5ldma Heiki Ernits Andrus Kivir\u00e4hk Directors Janno P\u00f5ldma Heiki Ernits Production Designer Heiki Ernits Background Artists Katri Haarde Laima Puntule Composer Sven Gr\u00fcnberg Songs Sven Gr\u00fcnberg Ren\u0101rs Kaupers Sound Design Horret Kuus Editor Janno P\u00f5ldma Producers Kalev Tamm Riina [&hellip;]<\/p>\n","protected":false},"author":1,"featured_media":0,"parent":55,"menu_order":0,"comment_status":"closed","ping_status":"closed","template":"","meta":{"ngg_post_thumbnail":0,"footnotes":""},"class_list":["post-5854","page","type-page","status-publish","hentry"],"yoast_head":"<!-- This site is optimized with the Yoast SEO plugin v27.3 - https:\/\/yoast.com\/product\/yoast-seo-wordpress\/ -->\n<title>LOTTE AND THE MOONSTONE SECRE - Joonisfilm<\/title>\n<meta name=\"robots\" content=\"index, follow, max-snippet:-1, max-image-preview:large, max-video-preview:-1\" \/>\n<link rel=\"canonical\" href=\"https:\/\/joonisfilm.ee\/en\/films\/lotte-and-the-moonstone-secre\/\" \/>\n<meta property=\"og:locale\" content=\"en_US\" \/>\n<meta property=\"og:type\" content=\"article\" \/>\n<meta property=\"og:title\" content=\"LOTTE AND THE MOONSTONE SECRE - Joonisfilm\" \/>\n<meta property=\"og:description\" content=\"Original title LOTTE JA KUUKIVI SALADUS English title LOTTE AND THE MOONSTONE SECRET Script Authors Janno P\u00f5ldma Heiki Ernits Andrus Kivir\u00e4hk Directors Janno P\u00f5ldma Heiki Ernits Production Designer Heiki Ernits Background Artists Katri Haarde Laima Puntule Composer Sven Gr\u00fcnberg Songs Sven Gr\u00fcnberg Ren\u0101rs Kaupers Sound Design Horret Kuus Editor Janno P\u00f5ldma Producers Kalev Tamm Riina [&hellip;]\" \/>\n<meta property=\"og:url\" content=\"https:\/\/joonisfilm.ee\/en\/films\/lotte-and-the-moonstone-secre\/\" \/>\n<meta property=\"og:site_name\" content=\"Joonisfilm\" \/>\n<meta property=\"article:publisher\" content=\"https:\/\/www.facebook.com\/Joonisfilm\/\" \/>\n<meta property=\"article:modified_time\" content=\"2024-07-09T09:03:55+00:00\" \/>\n<meta name=\"twitter:card\" content=\"summary_large_image\" \/>\n<meta name=\"twitter:label1\" content=\"Est. reading time\" \/>\n\t<meta name=\"twitter:data1\" content=\"2 minutes\" \/>\n<script type=\"application\/ld+json\" class=\"yoast-schema-graph\">{\"@context\":\"https:\\\/\\\/schema.org\",\"@graph\":[{\"@type\":\"WebPage\",\"@id\":\"https:\\\/\\\/joonisfilm.ee\\\/en\\\/films\\\/lotte-and-the-moonstone-secre\\\/\",\"url\":\"https:\\\/\\\/joonisfilm.ee\\\/en\\\/films\\\/lotte-and-the-moonstone-secre\\\/\",\"name\":\"LOTTE AND THE MOONSTONE SECRE - Joonisfilm\",\"isPartOf\":{\"@id\":\"https:\\\/\\\/joonisfilm.ee\\\/en\\\/#website\"},\"datePublished\":\"2019-02-16T20:47:48+00:00\",\"dateModified\":\"2024-07-09T09:03:55+00:00\",\"breadcrumb\":{\"@id\":\"https:\\\/\\\/joonisfilm.ee\\\/en\\\/films\\\/lotte-and-the-moonstone-secre\\\/#breadcrumb\"},\"inLanguage\":\"en-US\",\"potentialAction\":[{\"@type\":\"ReadAction\",\"target\":[\"https:\\\/\\\/joonisfilm.ee\\\/en\\\/films\\\/lotte-and-the-moonstone-secre\\\/\"]}]},{\"@type\":\"BreadcrumbList\",\"@id\":\"https:\\\/\\\/joonisfilm.ee\\\/en\\\/films\\\/lotte-and-the-moonstone-secre\\\/#breadcrumb\",\"itemListElement\":[{\"@type\":\"ListItem\",\"position\":1,\"name\":\"Home\",\"item\":\"https:\\\/\\\/joonisfilm.ee\\\/en\\\/\"},{\"@type\":\"ListItem\",\"position\":2,\"name\":\"FILMS\",\"item\":\"https:\\\/\\\/joonisfilm.ee\\\/en\\\/films\\\/\"},{\"@type\":\"ListItem\",\"position\":3,\"name\":\"LOTTE AND THE MOONSTONE SECRE\"}]},{\"@type\":\"WebSite\",\"@id\":\"https:\\\/\\\/joonisfilm.ee\\\/en\\\/#website\",\"url\":\"https:\\\/\\\/joonisfilm.ee\\\/en\\\/\",\"name\":\"Joonisfilm\",\"description\":\"Joonisfilmi koduleht\",\"publisher\":{\"@id\":\"https:\\\/\\\/joonisfilm.ee\\\/en\\\/#organization\"},\"potentialAction\":[{\"@type\":\"SearchAction\",\"target\":{\"@type\":\"EntryPoint\",\"urlTemplate\":\"https:\\\/\\\/joonisfilm.ee\\\/en\\\/?s={search_term_string}\"},\"query-input\":{\"@type\":\"PropertyValueSpecification\",\"valueRequired\":true,\"valueName\":\"search_term_string\"}}],\"inLanguage\":\"en-US\"},{\"@type\":\"Organization\",\"@id\":\"https:\\\/\\\/joonisfilm.ee\\\/en\\\/#organization\",\"name\":\"EESTI Joonisfilm\",\"url\":\"https:\\\/\\\/joonisfilm.ee\\\/en\\\/\",\"logo\":{\"@type\":\"ImageObject\",\"inLanguage\":\"en-US\",\"@id\":\"https:\\\/\\\/joonisfilm.ee\\\/en\\\/#\\\/schema\\\/logo\\\/image\\\/\",\"url\":\"https:\\\/\\\/joonisfilm.ee\\\/wp-content\\\/uploads\\\/2024\\\/06\\\/Eesti-Joonisfilm-logo-orig-foon-transparentne.png\",\"contentUrl\":\"https:\\\/\\\/joonisfilm.ee\\\/wp-content\\\/uploads\\\/2024\\\/06\\\/Eesti-Joonisfilm-logo-orig-foon-transparentne.png\",\"width\":1000,\"height\":754,\"caption\":\"EESTI Joonisfilm\"},\"image\":{\"@id\":\"https:\\\/\\\/joonisfilm.ee\\\/en\\\/#\\\/schema\\\/logo\\\/image\\\/\"},\"sameAs\":[\"https:\\\/\\\/www.facebook.com\\\/Joonisfilm\\\/\",\"https:\\\/\\\/www.instagram.com\\\/eesti_joonisfilm\\\/\",\"https:\\\/\\\/www.youtube.com\\\/channel\\\/UCOF_pU5vkvtuOsVnE4xjp-A\",\"https:\\\/\\\/vimeo.com\\\/joonisfilm\"]}]}<\/script>\n<!-- \/ Yoast SEO plugin. -->","yoast_head_json":{"title":"LOTTE AND THE MOONSTONE SECRE - Joonisfilm","robots":{"index":"index","follow":"follow","max-snippet":"max-snippet:-1","max-image-preview":"max-image-preview:large","max-video-preview":"max-video-preview:-1"},"canonical":"https:\/\/joonisfilm.ee\/en\/films\/lotte-and-the-moonstone-secre\/","og_locale":"en_US","og_type":"article","og_title":"LOTTE AND THE MOONSTONE SECRE - Joonisfilm","og_description":"Original title LOTTE JA KUUKIVI SALADUS English title LOTTE AND THE MOONSTONE SECRET Script Authors Janno P\u00f5ldma Heiki Ernits Andrus Kivir\u00e4hk Directors Janno P\u00f5ldma Heiki Ernits Production Designer Heiki Ernits Background Artists Katri Haarde Laima Puntule Composer Sven Gr\u00fcnberg Songs Sven Gr\u00fcnberg Ren\u0101rs Kaupers Sound Design Horret Kuus Editor Janno P\u00f5ldma Producers Kalev Tamm Riina [&hellip;]","og_url":"https:\/\/joonisfilm.ee\/en\/films\/lotte-and-the-moonstone-secre\/","og_site_name":"Joonisfilm","article_publisher":"https:\/\/www.facebook.com\/Joonisfilm\/","article_modified_time":"2024-07-09T09:03:55+00:00","twitter_card":"summary_large_image","twitter_misc":{"Est. reading time":"2 minutes"},"schema":{"@context":"https:\/\/schema.org","@graph":[{"@type":"WebPage","@id":"https:\/\/joonisfilm.ee\/en\/films\/lotte-and-the-moonstone-secre\/","url":"https:\/\/joonisfilm.ee\/en\/films\/lotte-and-the-moonstone-secre\/","name":"LOTTE AND THE MOONSTONE SECRE - Joonisfilm","isPartOf":{"@id":"https:\/\/joonisfilm.ee\/en\/#website"},"datePublished":"2019-02-16T20:47:48+00:00","dateModified":"2024-07-09T09:03:55+00:00","breadcrumb":{"@id":"https:\/\/joonisfilm.ee\/en\/films\/lotte-and-the-moonstone-secre\/#breadcrumb"},"inLanguage":"en-US","potentialAction":[{"@type":"ReadAction","target":["https:\/\/joonisfilm.ee\/en\/films\/lotte-and-the-moonstone-secre\/"]}]},{"@type":"BreadcrumbList","@id":"https:\/\/joonisfilm.ee\/en\/films\/lotte-and-the-moonstone-secre\/#breadcrumb","itemListElement":[{"@type":"ListItem","position":1,"name":"Home","item":"https:\/\/joonisfilm.ee\/en\/"},{"@type":"ListItem","position":2,"name":"FILMS","item":"https:\/\/joonisfilm.ee\/en\/films\/"},{"@type":"ListItem","position":3,"name":"LOTTE AND THE MOONSTONE SECRE"}]},{"@type":"WebSite","@id":"https:\/\/joonisfilm.ee\/en\/#website","url":"https:\/\/joonisfilm.ee\/en\/","name":"Joonisfilm","description":"Joonisfilmi koduleht","publisher":{"@id":"https:\/\/joonisfilm.ee\/en\/#organization"},"potentialAction":[{"@type":"SearchAction","target":{"@type":"EntryPoint","urlTemplate":"https:\/\/joonisfilm.ee\/en\/?s={search_term_string}"},"query-input":{"@type":"PropertyValueSpecification","valueRequired":true,"valueName":"search_term_string"}}],"inLanguage":"en-US"},{"@type":"Organization","@id":"https:\/\/joonisfilm.ee\/en\/#organization","name":"EESTI Joonisfilm","url":"https:\/\/joonisfilm.ee\/en\/","logo":{"@type":"ImageObject","inLanguage":"en-US","@id":"https:\/\/joonisfilm.ee\/en\/#\/schema\/logo\/image\/","url":"https:\/\/joonisfilm.ee\/wp-content\/uploads\/2024\/06\/Eesti-Joonisfilm-logo-orig-foon-transparentne.png","contentUrl":"https:\/\/joonisfilm.ee\/wp-content\/uploads\/2024\/06\/Eesti-Joonisfilm-logo-orig-foon-transparentne.png","width":1000,"height":754,"caption":"EESTI Joonisfilm"},"image":{"@id":"https:\/\/joonisfilm.ee\/en\/#\/schema\/logo\/image\/"},"sameAs":["https:\/\/www.facebook.com\/Joonisfilm\/","https:\/\/www.instagram.com\/eesti_joonisfilm\/","https:\/\/www.youtube.com\/channel\/UCOF_pU5vkvtuOsVnE4xjp-A","https:\/\/vimeo.com\/joonisfilm"]}]}},"_links":{"self":[{"href":"https:\/\/joonisfilm.ee\/en\/wp-json\/wp\/v2\/pages\/5854","targetHints":{"allow":["GET"]}}],"collection":[{"href":"https:\/\/joonisfilm.ee\/en\/wp-json\/wp\/v2\/pages"}],"about":[{"href":"https:\/\/joonisfilm.ee\/en\/wp-json\/wp\/v2\/types\/page"}],"author":[{"embeddable":true,"href":"https:\/\/joonisfilm.ee\/en\/wp-json\/wp\/v2\/users\/1"}],"replies":[{"embeddable":true,"href":"https:\/\/joonisfilm.ee\/en\/wp-json\/wp\/v2\/comments?post=5854"}],"version-history":[{"count":2,"href":"https:\/\/joonisfilm.ee\/en\/wp-json\/wp\/v2\/pages\/5854\/revisions"}],"predecessor-version":[{"id":7169,"href":"https:\/\/joonisfilm.ee\/en\/wp-json\/wp\/v2\/pages\/5854\/revisions\/7169"}],"up":[{"embeddable":true,"href":"https:\/\/joonisfilm.ee\/en\/wp-json\/wp\/v2\/pages\/55"}],"wp:attachment":[{"href":"https:\/\/joonisfilm.ee\/en\/wp-json\/wp\/v2\/media?parent=5854"}],"curies":[{"name":"wp","href":"https:\/\/api.w.org\/{rel}","templated":true}]}}