{"id":686,"date":"2010-12-02T09:00:26","date_gmt":"2010-12-02T09:00:26","guid":{"rendered":"http:\/\/www.joonisfilm.ee\/uus"},"modified":"2024-07-09T08:17:59","modified_gmt":"2024-07-09T08:17:59","slug":"ladybirds-christmas","status":"publish","type":"page","link":"https:\/\/joonisfilm.ee\/en\/films\/ladybirds-christmas\/","title":{"rendered":"LADYBIRDS&#8217; CHRISTMAS"},"content":{"rendered":"ngg_shortcode_0_placeholder\n<table border=\"0\" class=\"mtr-table mtr-tr-td\">\n<tbody>\n<tr>\n<td data-mtr-content=\"Original title\" class=\"mtr-td-tag\"><div class=\"mtr-cell-content\">Original title<\/div><\/td>\n<td data-mtr-content=\"LEPATRIINUDE J\u00d5ULUD\" class=\"mtr-td-tag\"><div class=\"mtr-cell-content\">LEPATRIINUDE J\u00d5ULUD<\/div><\/td>\n<\/tr>\n<tr>\n<td data-mtr-content=\"Original title\" class=\"mtr-td-tag\"><div class=\"mtr-cell-content\">English title<\/div><\/td>\n<td data-mtr-content=\"LEPATRIINUDE J\u00d5ULUD\" class=\"mtr-td-tag\"><div class=\"mtr-cell-content\">LADYBIRDS\u2019 CHRISTMAS<\/div><\/td>\n<\/tr>\n<tr>\n<td data-mtr-content=\"Original title\" class=\"mtr-td-tag\"><div class=\"mtr-cell-content\"><\/div><\/td>\n<td data-mtr-content=\"LEPATRIINUDE J\u00d5ULUD\" class=\"mtr-td-tag\"><div class=\"mtr-cell-content\"><\/div><\/td>\n<\/tr>\n<tr>\n<td data-mtr-content=\"Original title\" class=\"mtr-td-tag\"><div class=\"mtr-cell-content\">Script Authors<\/div><\/td>\n<td data-mtr-content=\"LEPATRIINUDE J\u00d5ULUD\" class=\"mtr-td-tag\"><div class=\"mtr-cell-content\">Heiki Ernits<\/div><\/td>\n<\/tr>\n<tr>\n<td data-mtr-content=\"Original title\" class=\"mtr-td-tag\"><div class=\"mtr-cell-content\"><\/div><\/td>\n<td data-mtr-content=\"LEPATRIINUDE J\u00d5ULUD\" class=\"mtr-td-tag\"><div class=\"mtr-cell-content\">Janno P\u00f5ldma<\/div><\/td>\n<\/tr>\n<tr>\n<td data-mtr-content=\"Original title\" class=\"mtr-td-tag\"><div class=\"mtr-cell-content\"><\/div><\/td>\n<td data-mtr-content=\"LEPATRIINUDE J\u00d5ULUD\" class=\"mtr-td-tag\"><div class=\"mtr-cell-content\">Andrus Kivir\u00e4hk<\/div><\/td>\n<\/tr>\n<tr>\n<td data-mtr-content=\"Original title\" class=\"mtr-td-tag\"><div class=\"mtr-cell-content\">Directors<\/div><\/td>\n<td data-mtr-content=\"LEPATRIINUDE J\u00d5ULUD\" class=\"mtr-td-tag\"><div class=\"mtr-cell-content\">Janno P\u00f5ldma<\/div><\/td>\n<\/tr>\n<tr>\n<td data-mtr-content=\"Original title\" class=\"mtr-td-tag\"><div class=\"mtr-cell-content\"><\/div><\/td>\n<td data-mtr-content=\"LEPATRIINUDE J\u00d5ULUD\" class=\"mtr-td-tag\"><div class=\"mtr-cell-content\">Heiki Ernits<\/div><\/td>\n<\/tr>\n<tr>\n<td data-mtr-content=\"Original title\" class=\"mtr-td-tag\"><div class=\"mtr-cell-content\">Art Director<\/div><\/td>\n<td data-mtr-content=\"LEPATRIINUDE J\u00d5ULUD\" class=\"mtr-td-tag\"><div class=\"mtr-cell-content\">Heiki Ernits<\/div><\/td>\n<\/tr>\n<tr>\n<td data-mtr-content=\"Original title\" class=\"mtr-td-tag\"><div class=\"mtr-cell-content\">Background Artists<\/div><\/td>\n<td data-mtr-content=\"LEPATRIINUDE J\u00d5ULUD\" class=\"mtr-td-tag\"><div class=\"mtr-cell-content\">Heiki Ernits<\/div><\/td>\n<\/tr>\n<tr>\n<td data-mtr-content=\"Original title\" class=\"mtr-td-tag\"><div class=\"mtr-cell-content\"><\/div><\/td>\n<td data-mtr-content=\"LEPATRIINUDE J\u00d5ULUD\" class=\"mtr-td-tag\"><div class=\"mtr-cell-content\">Krista Lepland<\/div><\/td>\n<\/tr>\n<tr>\n<td data-mtr-content=\"Original title\" class=\"mtr-td-tag\"><div class=\"mtr-cell-content\"><\/div><\/td>\n<td data-mtr-content=\"LEPATRIINUDE J\u00d5ULUD\" class=\"mtr-td-tag\"><div class=\"mtr-cell-content\">Mati K\u00fctt<\/div><\/td>\n<\/tr>\n<tr>\n<td data-mtr-content=\"Original title\" class=\"mtr-td-tag\"><div class=\"mtr-cell-content\">Composer<\/div><\/td>\n<td data-mtr-content=\"LEPATRIINUDE J\u00d5ULUD\" class=\"mtr-td-tag\"><div class=\"mtr-cell-content\">Sven Gr\u00fcnberg<\/div><\/td>\n<\/tr>\n<tr>\n<td data-mtr-content=\"Original title\" class=\"mtr-td-tag\"><div class=\"mtr-cell-content\">Animators<\/div><\/td>\n<td data-mtr-content=\"LEPATRIINUDE J\u00d5ULUD\" class=\"mtr-td-tag\"><div class=\"mtr-cell-content\">Marje Ale<\/div><\/td>\n<\/tr>\n<tr>\n<td data-mtr-content=\"Original title\" class=\"mtr-td-tag\"><div class=\"mtr-cell-content\"><\/div><\/td>\n<td data-mtr-content=\"LEPATRIINUDE J\u00d5ULUD\" class=\"mtr-td-tag\"><div class=\"mtr-cell-content\">\u00dclle Metsur<\/div><\/td>\n<\/tr>\n<tr>\n<td data-mtr-content=\"Original title\" class=\"mtr-td-tag\"><div class=\"mtr-cell-content\"><\/div><\/td>\n<td data-mtr-content=\"LEPATRIINUDE J\u00d5ULUD\" class=\"mtr-td-tag\"><div class=\"mtr-cell-content\">Antanas Povilionis<\/div><\/td>\n<\/tr>\n<tr>\n<td data-mtr-content=\"Original title\" class=\"mtr-td-tag\"><div class=\"mtr-cell-content\"><\/div><\/td>\n<td data-mtr-content=\"LEPATRIINUDE J\u00d5ULUD\" class=\"mtr-td-tag\"><div class=\"mtr-cell-content\">Ruslan Piterja<\/div><\/td>\n<\/tr>\n<tr>\n<td data-mtr-content=\"Original title\" class=\"mtr-td-tag\"><div class=\"mtr-cell-content\"><\/div><\/td>\n<td data-mtr-content=\"LEPATRIINUDE J\u00d5ULUD\" class=\"mtr-td-tag\"><div class=\"mtr-cell-content\">Tarmo Vaarmets<\/div><\/td>\n<\/tr>\n<tr>\n<td data-mtr-content=\"Original title\" class=\"mtr-td-tag\"><div class=\"mtr-cell-content\">Cast<\/div><\/td>\n<td data-mtr-content=\"LEPATRIINUDE J\u00d5ULUD\" class=\"mtr-td-tag\"><div class=\"mtr-cell-content\">Frank Boyle<\/div><\/td>\n<\/tr>\n<tr>\n<td data-mtr-content=\"Original title\" class=\"mtr-td-tag\"><div class=\"mtr-cell-content\"><\/div><\/td>\n<td data-mtr-content=\"LEPATRIINUDE J\u00d5ULUD\" class=\"mtr-td-tag\"><div class=\"mtr-cell-content\">Anu Lamp<\/div><\/td>\n<\/tr>\n<tr>\n<td data-mtr-content=\"Original title\" class=\"mtr-td-tag\"><div class=\"mtr-cell-content\"><\/div><\/td>\n<td data-mtr-content=\"LEPATRIINUDE J\u00d5ULUD\" class=\"mtr-td-tag\"><div class=\"mtr-cell-content\">Jaak Teppart<\/div><\/td>\n<\/tr>\n<tr>\n<td data-mtr-content=\"Original title\" class=\"mtr-td-tag\"><div class=\"mtr-cell-content\"><\/div><\/td>\n<td data-mtr-content=\"LEPATRIINUDE J\u00d5ULUD\" class=\"mtr-td-tag\"><div class=\"mtr-cell-content\">Peeter Oja<\/div><\/td>\n<\/tr>\n<tr>\n<td data-mtr-content=\"Original title\" class=\"mtr-td-tag\"><div class=\"mtr-cell-content\"><\/div><\/td>\n<td data-mtr-content=\"LEPATRIINUDE J\u00d5ULUD\" class=\"mtr-td-tag\"><div class=\"mtr-cell-content\">Marko Matvere<\/div><\/td>\n<\/tr>\n<tr>\n<td data-mtr-content=\"Original title\" class=\"mtr-td-tag\"><div class=\"mtr-cell-content\"><\/div><\/td>\n<td data-mtr-content=\"LEPATRIINUDE J\u00d5ULUD\" class=\"mtr-td-tag\"><div class=\"mtr-cell-content\">Jan Uusp\u00f5ld<\/div><\/td>\n<\/tr>\n<tr>\n<td data-mtr-content=\"Original title\" class=\"mtr-td-tag\"><div class=\"mtr-cell-content\"><\/div><\/td>\n<td data-mtr-content=\"LEPATRIINUDE J\u00d5ULUD\" class=\"mtr-td-tag\"><div class=\"mtr-cell-content\">Tarmo M\u00e4nnard<\/div><\/td>\n<\/tr>\n<tr>\n<td data-mtr-content=\"Original title\" class=\"mtr-td-tag\"><div class=\"mtr-cell-content\"><\/div><\/td>\n<td data-mtr-content=\"LEPATRIINUDE J\u00d5ULUD\" class=\"mtr-td-tag\"><div class=\"mtr-cell-content\">Elina Reinold<\/div><\/td>\n<\/tr>\n<tr>\n<td data-mtr-content=\"Original title\" class=\"mtr-td-tag\"><div class=\"mtr-cell-content\"><\/div><\/td>\n<td data-mtr-content=\"LEPATRIINUDE J\u00d5ULUD\" class=\"mtr-td-tag\"><div class=\"mtr-cell-content\">Lembit Ulfsak<\/div><\/td>\n<\/tr>\n<tr>\n<td data-mtr-content=\"Original title\" class=\"mtr-td-tag\"><div class=\"mtr-cell-content\"><\/div><\/td>\n<td data-mtr-content=\"LEPATRIINUDE J\u00d5ULUD\" class=\"mtr-td-tag\"><div class=\"mtr-cell-content\">Margus Tabor<\/div><\/td>\n<\/tr>\n<tr>\n<td data-mtr-content=\"Original title\" class=\"mtr-td-tag\"><div class=\"mtr-cell-content\">Sound Design<\/div><\/td>\n<td data-mtr-content=\"LEPATRIINUDE J\u00d5ULUD\" class=\"mtr-td-tag\"><div class=\"mtr-cell-content\">Tiina Andreas<\/div><\/td>\n<\/tr>\n<tr>\n<td data-mtr-content=\"Original title\" class=\"mtr-td-tag\"><div class=\"mtr-cell-content\"><\/div><\/td>\n<td data-mtr-content=\"LEPATRIINUDE J\u00d5ULUD\" class=\"mtr-td-tag\"><div class=\"mtr-cell-content\">Horret Kuus<\/div><\/td>\n<\/tr>\n<tr>\n<td data-mtr-content=\"Original title\" class=\"mtr-td-tag\"><div class=\"mtr-cell-content\">Editor<\/div><\/td>\n<td data-mtr-content=\"LEPATRIINUDE J\u00d5ULUD\" class=\"mtr-td-tag\"><div class=\"mtr-cell-content\">Janno P\u00f5ldma<\/div><\/td>\n<\/tr>\n<tr>\n<td data-mtr-content=\"Original title\" class=\"mtr-td-tag\"><div class=\"mtr-cell-content\">Producer<\/div><\/td>\n<td data-mtr-content=\"LEPATRIINUDE J\u00d5ULUD\" class=\"mtr-td-tag\"><div class=\"mtr-cell-content\">Kalev Tamm<\/div><\/td>\n<\/tr>\n<\/tbody>\n<\/table>\n<p>\u00a9 2001 Eesti Joonisfilm<br \/>\n50\u201934\u201d \/ 35mm \/ 1,37:1 \/ 1,85:1 \/ 3 reels \/ 1460,0m \/ Beta SP 4:3 \/ colour \/ Dolby Surround<\/p>\n<p>Two young ladybirds Tim and Mia are unexpectedly taken into a human family&#8217;s house together with a Christmas tree on Christmas Eve.\u00a0 Tim and Mia set about seeking the way back to the forest.\u00a0 The animated film LADYBIRDS&#8217; CHRISTMAS is made for school age children.<\/p>\n<p><em>Production of this film supported by<br \/>\n<\/em>ESTONIAN FILM FOUNDATION<em><br \/>\n<\/em>ESTONIAN CULTURAL ENDOWMENT<br \/>\nESTONIAN MINISTRY OF CULTURE<\/p>\n<p>Available on DVD<\/p>\n","protected":false},"excerpt":{"rendered":"<p>Original title LEPATRIINUDE J\u00d5ULUD English title LADYBIRDS\u2019 CHRISTMAS Script Authors Heiki Ernits Janno P\u00f5ldma Andrus Kivir\u00e4hk Directors Janno P\u00f5ldma Heiki Ernits Art Director Heiki Ernits Background Artists Heiki Ernits Krista Lepland Mati K\u00fctt Composer Sven Gr\u00fcnberg Animators Marje Ale \u00dclle Metsur Antanas Povilionis Ruslan Piterja Tarmo Vaarmets Cast Frank Boyle Anu Lamp Jaak Teppart Peeter [&hellip;]<\/p>\n","protected":false},"author":1,"featured_media":0,"parent":55,"menu_order":0,"comment_status":"closed","ping_status":"closed","template":"","meta":{"ngg_post_thumbnail":0,"footnotes":""},"class_list":["post-686","page","type-page","status-publish","hentry"],"yoast_head":"<!-- This site is optimized with the Yoast SEO plugin v27.4 - https:\/\/yoast.com\/product\/yoast-seo-wordpress\/ -->\n<title>LADYBIRDS&#039; CHRISTMAS - Joonisfilm<\/title>\n<meta name=\"robots\" content=\"index, follow, max-snippet:-1, max-image-preview:large, max-video-preview:-1\" \/>\n<link rel=\"canonical\" href=\"https:\/\/joonisfilm.ee\/en\/films\/ladybirds-christmas\/\" \/>\n<meta property=\"og:locale\" content=\"en_US\" \/>\n<meta property=\"og:type\" content=\"article\" \/>\n<meta property=\"og:title\" content=\"LADYBIRDS&#039; CHRISTMAS - Joonisfilm\" \/>\n<meta property=\"og:description\" content=\"Original title LEPATRIINUDE J\u00d5ULUD English title LADYBIRDS\u2019 CHRISTMAS Script Authors Heiki Ernits Janno P\u00f5ldma Andrus Kivir\u00e4hk Directors Janno P\u00f5ldma Heiki Ernits Art Director Heiki Ernits Background Artists Heiki Ernits Krista Lepland Mati K\u00fctt Composer Sven Gr\u00fcnberg Animators Marje Ale \u00dclle Metsur Antanas Povilionis Ruslan Piterja Tarmo Vaarmets Cast Frank Boyle Anu Lamp Jaak Teppart Peeter [&hellip;]\" \/>\n<meta property=\"og:url\" content=\"https:\/\/joonisfilm.ee\/en\/films\/ladybirds-christmas\/\" \/>\n<meta property=\"og:site_name\" content=\"Joonisfilm\" \/>\n<meta property=\"article:publisher\" content=\"https:\/\/www.facebook.com\/Joonisfilm\/\" \/>\n<meta property=\"article:modified_time\" content=\"2024-07-09T08:17:59+00:00\" \/>\n<meta name=\"twitter:card\" content=\"summary_large_image\" \/>\n<meta name=\"twitter:label1\" content=\"Est. reading time\" \/>\n\t<meta name=\"twitter:data1\" content=\"1 minute\" \/>\n<script type=\"application\/ld+json\" class=\"yoast-schema-graph\">{\"@context\":\"https:\\\/\\\/schema.org\",\"@graph\":[{\"@type\":\"WebPage\",\"@id\":\"https:\\\/\\\/joonisfilm.ee\\\/en\\\/films\\\/ladybirds-christmas\\\/\",\"url\":\"https:\\\/\\\/joonisfilm.ee\\\/en\\\/films\\\/ladybirds-christmas\\\/\",\"name\":\"LADYBIRDS' CHRISTMAS - Joonisfilm\",\"isPartOf\":{\"@id\":\"https:\\\/\\\/joonisfilm.ee\\\/en\\\/#website\"},\"datePublished\":\"2010-12-02T09:00:26+00:00\",\"dateModified\":\"2024-07-09T08:17:59+00:00\",\"breadcrumb\":{\"@id\":\"https:\\\/\\\/joonisfilm.ee\\\/en\\\/films\\\/ladybirds-christmas\\\/#breadcrumb\"},\"inLanguage\":\"en-US\",\"potentialAction\":[{\"@type\":\"ReadAction\",\"target\":[\"https:\\\/\\\/joonisfilm.ee\\\/en\\\/films\\\/ladybirds-christmas\\\/\"]}]},{\"@type\":\"BreadcrumbList\",\"@id\":\"https:\\\/\\\/joonisfilm.ee\\\/en\\\/films\\\/ladybirds-christmas\\\/#breadcrumb\",\"itemListElement\":[{\"@type\":\"ListItem\",\"position\":1,\"name\":\"Home\",\"item\":\"https:\\\/\\\/joonisfilm.ee\\\/en\\\/\"},{\"@type\":\"ListItem\",\"position\":2,\"name\":\"FILMS\",\"item\":\"https:\\\/\\\/joonisfilm.ee\\\/en\\\/films\\\/\"},{\"@type\":\"ListItem\",\"position\":3,\"name\":\"LADYBIRDS&#8217; CHRISTMAS\"}]},{\"@type\":\"WebSite\",\"@id\":\"https:\\\/\\\/joonisfilm.ee\\\/en\\\/#website\",\"url\":\"https:\\\/\\\/joonisfilm.ee\\\/en\\\/\",\"name\":\"Joonisfilm\",\"description\":\"Joonisfilmi koduleht\",\"publisher\":{\"@id\":\"https:\\\/\\\/joonisfilm.ee\\\/en\\\/#organization\"},\"potentialAction\":[{\"@type\":\"SearchAction\",\"target\":{\"@type\":\"EntryPoint\",\"urlTemplate\":\"https:\\\/\\\/joonisfilm.ee\\\/en\\\/?s={search_term_string}\"},\"query-input\":{\"@type\":\"PropertyValueSpecification\",\"valueRequired\":true,\"valueName\":\"search_term_string\"}}],\"inLanguage\":\"en-US\"},{\"@type\":\"Organization\",\"@id\":\"https:\\\/\\\/joonisfilm.ee\\\/en\\\/#organization\",\"name\":\"EESTI Joonisfilm\",\"url\":\"https:\\\/\\\/joonisfilm.ee\\\/en\\\/\",\"logo\":{\"@type\":\"ImageObject\",\"inLanguage\":\"en-US\",\"@id\":\"https:\\\/\\\/joonisfilm.ee\\\/en\\\/#\\\/schema\\\/logo\\\/image\\\/\",\"url\":\"https:\\\/\\\/joonisfilm.ee\\\/wp-content\\\/uploads\\\/2024\\\/06\\\/Eesti-Joonisfilm-logo-orig-foon-transparentne.png\",\"contentUrl\":\"https:\\\/\\\/joonisfilm.ee\\\/wp-content\\\/uploads\\\/2024\\\/06\\\/Eesti-Joonisfilm-logo-orig-foon-transparentne.png\",\"width\":1000,\"height\":754,\"caption\":\"EESTI Joonisfilm\"},\"image\":{\"@id\":\"https:\\\/\\\/joonisfilm.ee\\\/en\\\/#\\\/schema\\\/logo\\\/image\\\/\"},\"sameAs\":[\"https:\\\/\\\/www.facebook.com\\\/Joonisfilm\\\/\",\"https:\\\/\\\/www.instagram.com\\\/eesti_joonisfilm\\\/\",\"https:\\\/\\\/www.youtube.com\\\/channel\\\/UCOF_pU5vkvtuOsVnE4xjp-A\",\"https:\\\/\\\/vimeo.com\\\/joonisfilm\"]}]}<\/script>\n<!-- \/ Yoast SEO plugin. -->","yoast_head_json":{"title":"LADYBIRDS' CHRISTMAS - Joonisfilm","robots":{"index":"index","follow":"follow","max-snippet":"max-snippet:-1","max-image-preview":"max-image-preview:large","max-video-preview":"max-video-preview:-1"},"canonical":"https:\/\/joonisfilm.ee\/en\/films\/ladybirds-christmas\/","og_locale":"en_US","og_type":"article","og_title":"LADYBIRDS' CHRISTMAS - Joonisfilm","og_description":"Original title LEPATRIINUDE J\u00d5ULUD English title LADYBIRDS\u2019 CHRISTMAS Script Authors Heiki Ernits Janno P\u00f5ldma Andrus Kivir\u00e4hk Directors Janno P\u00f5ldma Heiki Ernits Art Director Heiki Ernits Background Artists Heiki Ernits Krista Lepland Mati K\u00fctt Composer Sven Gr\u00fcnberg Animators Marje Ale \u00dclle Metsur Antanas Povilionis Ruslan Piterja Tarmo Vaarmets Cast Frank Boyle Anu Lamp Jaak Teppart Peeter [&hellip;]","og_url":"https:\/\/joonisfilm.ee\/en\/films\/ladybirds-christmas\/","og_site_name":"Joonisfilm","article_publisher":"https:\/\/www.facebook.com\/Joonisfilm\/","article_modified_time":"2024-07-09T08:17:59+00:00","twitter_card":"summary_large_image","twitter_misc":{"Est. reading time":"1 minute"},"schema":{"@context":"https:\/\/schema.org","@graph":[{"@type":"WebPage","@id":"https:\/\/joonisfilm.ee\/en\/films\/ladybirds-christmas\/","url":"https:\/\/joonisfilm.ee\/en\/films\/ladybirds-christmas\/","name":"LADYBIRDS' CHRISTMAS - Joonisfilm","isPartOf":{"@id":"https:\/\/joonisfilm.ee\/en\/#website"},"datePublished":"2010-12-02T09:00:26+00:00","dateModified":"2024-07-09T08:17:59+00:00","breadcrumb":{"@id":"https:\/\/joonisfilm.ee\/en\/films\/ladybirds-christmas\/#breadcrumb"},"inLanguage":"en-US","potentialAction":[{"@type":"ReadAction","target":["https:\/\/joonisfilm.ee\/en\/films\/ladybirds-christmas\/"]}]},{"@type":"BreadcrumbList","@id":"https:\/\/joonisfilm.ee\/en\/films\/ladybirds-christmas\/#breadcrumb","itemListElement":[{"@type":"ListItem","position":1,"name":"Home","item":"https:\/\/joonisfilm.ee\/en\/"},{"@type":"ListItem","position":2,"name":"FILMS","item":"https:\/\/joonisfilm.ee\/en\/films\/"},{"@type":"ListItem","position":3,"name":"LADYBIRDS&#8217; CHRISTMAS"}]},{"@type":"WebSite","@id":"https:\/\/joonisfilm.ee\/en\/#website","url":"https:\/\/joonisfilm.ee\/en\/","name":"Joonisfilm","description":"Joonisfilmi koduleht","publisher":{"@id":"https:\/\/joonisfilm.ee\/en\/#organization"},"potentialAction":[{"@type":"SearchAction","target":{"@type":"EntryPoint","urlTemplate":"https:\/\/joonisfilm.ee\/en\/?s={search_term_string}"},"query-input":{"@type":"PropertyValueSpecification","valueRequired":true,"valueName":"search_term_string"}}],"inLanguage":"en-US"},{"@type":"Organization","@id":"https:\/\/joonisfilm.ee\/en\/#organization","name":"EESTI Joonisfilm","url":"https:\/\/joonisfilm.ee\/en\/","logo":{"@type":"ImageObject","inLanguage":"en-US","@id":"https:\/\/joonisfilm.ee\/en\/#\/schema\/logo\/image\/","url":"https:\/\/joonisfilm.ee\/wp-content\/uploads\/2024\/06\/Eesti-Joonisfilm-logo-orig-foon-transparentne.png","contentUrl":"https:\/\/joonisfilm.ee\/wp-content\/uploads\/2024\/06\/Eesti-Joonisfilm-logo-orig-foon-transparentne.png","width":1000,"height":754,"caption":"EESTI Joonisfilm"},"image":{"@id":"https:\/\/joonisfilm.ee\/en\/#\/schema\/logo\/image\/"},"sameAs":["https:\/\/www.facebook.com\/Joonisfilm\/","https:\/\/www.instagram.com\/eesti_joonisfilm\/","https:\/\/www.youtube.com\/channel\/UCOF_pU5vkvtuOsVnE4xjp-A","https:\/\/vimeo.com\/joonisfilm"]}]}},"_links":{"self":[{"href":"https:\/\/joonisfilm.ee\/en\/wp-json\/wp\/v2\/pages\/686","targetHints":{"allow":["GET"]}}],"collection":[{"href":"https:\/\/joonisfilm.ee\/en\/wp-json\/wp\/v2\/pages"}],"about":[{"href":"https:\/\/joonisfilm.ee\/en\/wp-json\/wp\/v2\/types\/page"}],"author":[{"embeddable":true,"href":"https:\/\/joonisfilm.ee\/en\/wp-json\/wp\/v2\/users\/1"}],"replies":[{"embeddable":true,"href":"https:\/\/joonisfilm.ee\/en\/wp-json\/wp\/v2\/comments?post=686"}],"version-history":[{"count":2,"href":"https:\/\/joonisfilm.ee\/en\/wp-json\/wp\/v2\/pages\/686\/revisions"}],"predecessor-version":[{"id":6106,"href":"https:\/\/joonisfilm.ee\/en\/wp-json\/wp\/v2\/pages\/686\/revisions\/6106"}],"up":[{"embeddable":true,"href":"https:\/\/joonisfilm.ee\/en\/wp-json\/wp\/v2\/pages\/55"}],"wp:attachment":[{"href":"https:\/\/joonisfilm.ee\/en\/wp-json\/wp\/v2\/media?parent=686"}],"curies":[{"name":"wp","href":"https:\/\/api.w.org\/{rel}","templated":true}]}}