{"id":6922,"date":"2024-07-08T17:22:25","date_gmt":"2024-07-08T17:22:25","guid":{"rendered":"https:\/\/joonisfilm.ee\/?page_id=6922"},"modified":"2025-02-27T10:44:31","modified_gmt":"2025-02-27T10:44:31","slug":"top-10-things-to-see","status":"publish","type":"page","link":"https:\/\/joonisfilm.ee\/en\/top-10-things-to-see\/","title":{"rendered":"TOP 10 THINGS TO SEE"},"content":{"rendered":"<p>ngg_shortcode_0_placeholderGather at 11:00 in front of the ship. Guided tour in the Old Town. Departure.<\/p>\n<table border=\"0\" class=\"mtr-table mtr-tr-td\">\n<tbody>\n<tr>\n<td data-mtr-content=\"Original title\" class=\"mtr-td-tag\"><div class=\"mtr-cell-content\">Original title<\/div><\/td>\n<td data-mtr-content=\"10 AINULAADSET PAIKA MIDA KINDLASTI K\u00dcLASTADA\" class=\"mtr-td-tag\"><div class=\"mtr-cell-content\">10 AINULAADSET PAIKA MIDA KINDLASTI K\u00dcLASTADA<\/div><\/td>\n<\/tr>\n<tr>\n<td data-mtr-content=\"Original title\" class=\"mtr-td-tag\"><div class=\"mtr-cell-content\">English title<\/div><\/td>\n<td data-mtr-content=\"10 AINULAADSET PAIKA MIDA KINDLASTI K\u00dcLASTADA\" class=\"mtr-td-tag\"><div class=\"mtr-cell-content\">TOP 10 THINGS TO SEE<\/div><\/td>\n<\/tr>\n<tr>\n<td data-mtr-content=\"Original title\" class=\"mtr-td-tag\"><div class=\"mtr-cell-content\">\u00a0<\/div><\/td>\n<td data-mtr-content=\"10 AINULAADSET PAIKA MIDA KINDLASTI K\u00dcLASTADA\" class=\"mtr-td-tag\"><div class=\"mtr-cell-content\">\u00a0<\/div><\/td>\n<\/tr>\n<tr>\n<td data-mtr-content=\"Original title\" class=\"mtr-td-tag\"><div class=\"mtr-cell-content\">Script Author<\/div><\/td>\n<td data-mtr-content=\"10 AINULAADSET PAIKA MIDA KINDLASTI K\u00dcLASTADA\" class=\"mtr-td-tag\"><div class=\"mtr-cell-content\">Mihkel Reha<\/div><\/td>\n<\/tr>\n<tr>\n<td data-mtr-content=\"Original title\" class=\"mtr-td-tag\"><div class=\"mtr-cell-content\">Director<\/div><\/td>\n<td data-mtr-content=\"10 AINULAADSET PAIKA MIDA KINDLASTI K\u00dcLASTADA\" class=\"mtr-td-tag\"><div class=\"mtr-cell-content\">Mihkel Reha<\/div><\/td>\n<\/tr>\n<tr>\n<td data-mtr-content=\"Original title\" class=\"mtr-td-tag\"><div class=\"mtr-cell-content\">Art Director<\/div><\/td>\n<td data-mtr-content=\"10 AINULAADSET PAIKA MIDA KINDLASTI K\u00dcLASTADA\" class=\"mtr-td-tag\"><div class=\"mtr-cell-content\">Mihkel Reha<\/div><\/td>\n<\/tr>\n<tr>\n<td data-mtr-content=\"Original title\" class=\"mtr-td-tag\"><div class=\"mtr-cell-content\">Backround Artist<\/div><\/td>\n<td data-mtr-content=\"10 AINULAADSET PAIKA MIDA KINDLASTI K\u00dcLASTADA\" class=\"mtr-td-tag\"><div class=\"mtr-cell-content\">Reinis P\u0113tersons<\/div><\/td>\n<\/tr>\n<tr>\n<td data-mtr-content=\"Original title\" class=\"mtr-td-tag\"><div class=\"mtr-cell-content\">Storyboard and Background Details<\/div><\/td>\n<td data-mtr-content=\"10 AINULAADSET PAIKA MIDA KINDLASTI K\u00dcLASTADA\" class=\"mtr-td-tag\"><div class=\"mtr-cell-content\">Janis Kalni\u0146\u0161<\/div><\/td>\n<\/tr>\n<tr>\n<td data-mtr-content=\"Original title\" class=\"mtr-td-tag\"><div class=\"mtr-cell-content\">Composer<\/div><\/td>\n<td data-mtr-content=\"10 AINULAADSET PAIKA MIDA KINDLASTI K\u00dcLASTADA\" class=\"mtr-td-tag\"><div class=\"mtr-cell-content\">Kaspar Jancis<\/div><\/td>\n<\/tr>\n<tr>\n<td data-mtr-content=\"Original title\" class=\"mtr-td-tag\"><div class=\"mtr-cell-content\">Compositor<\/div><\/td>\n<td data-mtr-content=\"10 AINULAADSET PAIKA MIDA KINDLASTI K\u00dcLASTADA\" class=\"mtr-td-tag\"><div class=\"mtr-cell-content\">Sofja Gorelova<\/div><\/td>\n<\/tr>\n<tr>\n<td data-mtr-content=\"Original title\" class=\"mtr-td-tag\"><div class=\"mtr-cell-content\">Animators<\/div><\/td>\n<td data-mtr-content=\"10 AINULAADSET PAIKA MIDA KINDLASTI K\u00dcLASTADA\" class=\"mtr-td-tag\"><div class=\"mtr-cell-content\">Marje Ale<\/div><\/td>\n<\/tr>\n<tr>\n<td data-mtr-content=\"Original title\" class=\"mtr-td-tag\"><div class=\"mtr-cell-content\">\u00a0<\/div><\/td>\n<td data-mtr-content=\"10 AINULAADSET PAIKA MIDA KINDLASTI K\u00dcLASTADA\" class=\"mtr-td-tag\"><div class=\"mtr-cell-content\">Tarmo Vaarmets<\/div><\/td>\n<\/tr>\n<tr>\n<td data-mtr-content=\"Original title\" class=\"mtr-td-tag\"><div class=\"mtr-cell-content\">\u00a0<\/div><\/td>\n<td data-mtr-content=\"10 AINULAADSET PAIKA MIDA KINDLASTI K\u00dcLASTADA\" class=\"mtr-td-tag\"><div class=\"mtr-cell-content\">Kaia Sinilaid<\/div><\/td>\n<\/tr>\n<tr>\n<td data-mtr-content=\"Original title\" class=\"mtr-td-tag\"><div class=\"mtr-cell-content\">\u00a0<\/div><\/td>\n<td data-mtr-content=\"10 AINULAADSET PAIKA MIDA KINDLASTI K\u00dcLASTADA\" class=\"mtr-td-tag\"><div class=\"mtr-cell-content\">Shara Arus<\/div><\/td>\n<\/tr>\n<tr>\n<td data-mtr-content=\"Original title\" class=\"mtr-td-tag\"><div class=\"mtr-cell-content\">Sound Design<\/div><\/td>\n<td data-mtr-content=\"10 AINULAADSET PAIKA MIDA KINDLASTI K\u00dcLASTADA\" class=\"mtr-td-tag\"><div class=\"mtr-cell-content\">Horret Kuus<\/div><\/td>\n<\/tr>\n<tr>\n<td data-mtr-content=\"Original title\" class=\"mtr-td-tag\"><div class=\"mtr-cell-content\">Editor<\/div><\/td>\n<td data-mtr-content=\"10 AINULAADSET PAIKA MIDA KINDLASTI K\u00dcLASTADA\" class=\"mtr-td-tag\"><div class=\"mtr-cell-content\">Mihkel Reha<\/div><\/td>\n<\/tr>\n<tr>\n<td data-mtr-content=\"Original title\" class=\"mtr-td-tag\"><div class=\"mtr-cell-content\">Producer<\/div><\/td>\n<td data-mtr-content=\"10 AINULAADSET PAIKA MIDA KINDLASTI K\u00dcLASTADA\" class=\"mtr-td-tag\"><div class=\"mtr-cell-content\">Kalev Tamm<\/div><\/td>\n<\/tr>\n<\/tbody>\n<\/table>\n<p>\u00a9 Eesti Joonisfilm<br \/>\n14&#8217;15&#8221; \/ DCP \/ 1,85:1 \/ colour \/ 5.1<\/p>\n<p>Something large and dark arrives in the seaside old town. A summer storm? No, it\u2019s a gigantic cruise ship filled with curious tourists. So much to see \u2014 so little time! The magnificent Old Town with ten world-famous attractions. How many of them can you recognize? The group is led by a local guide. Tighten your sandal straps \u2014 narrow cobblestone streets await.<\/p>\n<p><iframe title=\"10 ainulaadset paika mida kindlasti k\u00fclastada | Top 10 Things to See || Trailer\" width=\"1300\" height=\"731\" src=\"https:\/\/www.youtube.com\/embed\/fIRSOdI5uXE?feature=oembed\" frameborder=\"0\" allow=\"accelerometer; autoplay; clipboard-write; encrypted-media; gyroscope; picture-in-picture; web-share\" referrerpolicy=\"strict-origin-when-cross-origin\" allowfullscreen><\/iframe><\/p>\n<p>Film production supported by<br \/>\nESTONIAN FILM INSTITUTE<br \/>\nESTONIAN CULTURAL ENDOWMENT<\/p>\n","protected":false},"excerpt":{"rendered":"<p>Gather at 11:00 in front of the ship. Guided tour in the Old Town. Departure. Original title 10 AINULAADSET PAIKA MIDA KINDLASTI K\u00dcLASTADA English title TOP 10 THINGS TO SEE \u00a0 \u00a0 Script Author Mihkel Reha Director Mihkel Reha Art Director Mihkel Reha Backround Artist Reinis P\u0113tersons Storyboard and Background Details Janis Kalni\u0146\u0161 Composer Kaspar [&hellip;]<\/p>\n","protected":false},"author":1,"featured_media":0,"parent":0,"menu_order":0,"comment_status":"closed","ping_status":"closed","template":"","meta":{"ngg_post_thumbnail":0,"footnotes":""},"class_list":["post-6922","page","type-page","status-publish","hentry"],"yoast_head":"<!-- This site is optimized with the Yoast SEO plugin v27.3 - https:\/\/yoast.com\/product\/yoast-seo-wordpress\/ -->\n<title>TOP 10 THINGS TO SEE - Joonisfilm<\/title>\n<meta name=\"robots\" content=\"index, follow, max-snippet:-1, max-image-preview:large, max-video-preview:-1\" \/>\n<link rel=\"canonical\" href=\"https:\/\/joonisfilm.ee\/en\/top-10-things-to-see\/\" \/>\n<meta property=\"og:locale\" content=\"en_US\" \/>\n<meta property=\"og:type\" content=\"article\" \/>\n<meta property=\"og:title\" content=\"TOP 10 THINGS TO SEE - Joonisfilm\" \/>\n<meta property=\"og:description\" content=\"Gather at 11:00 in front of the ship. Guided tour in the Old Town. Departure. Original title 10 AINULAADSET PAIKA MIDA KINDLASTI K\u00dcLASTADA English title TOP 10 THINGS TO SEE \u00a0 \u00a0 Script Author Mihkel Reha Director Mihkel Reha Art Director Mihkel Reha Backround Artist Reinis P\u0113tersons Storyboard and Background Details Janis Kalni\u0146\u0161 Composer Kaspar [&hellip;]\" \/>\n<meta property=\"og:url\" content=\"https:\/\/joonisfilm.ee\/en\/top-10-things-to-see\/\" \/>\n<meta property=\"og:site_name\" content=\"Joonisfilm\" \/>\n<meta property=\"article:publisher\" content=\"https:\/\/www.facebook.com\/Joonisfilm\/\" \/>\n<meta property=\"article:modified_time\" content=\"2025-02-27T10:44:31+00:00\" \/>\n<meta name=\"twitter:card\" content=\"summary_large_image\" \/>\n<meta name=\"twitter:label1\" content=\"Est. reading time\" \/>\n\t<meta name=\"twitter:data1\" content=\"1 minute\" \/>\n<script type=\"application\/ld+json\" class=\"yoast-schema-graph\">{\"@context\":\"https:\\\/\\\/schema.org\",\"@graph\":[{\"@type\":\"WebPage\",\"@id\":\"https:\\\/\\\/joonisfilm.ee\\\/en\\\/top-10-things-to-see\\\/\",\"url\":\"https:\\\/\\\/joonisfilm.ee\\\/en\\\/top-10-things-to-see\\\/\",\"name\":\"TOP 10 THINGS TO SEE - Joonisfilm\",\"isPartOf\":{\"@id\":\"https:\\\/\\\/joonisfilm.ee\\\/en\\\/#website\"},\"datePublished\":\"2024-07-08T17:22:25+00:00\",\"dateModified\":\"2025-02-27T10:44:31+00:00\",\"breadcrumb\":{\"@id\":\"https:\\\/\\\/joonisfilm.ee\\\/en\\\/top-10-things-to-see\\\/#breadcrumb\"},\"inLanguage\":\"en-US\",\"potentialAction\":[{\"@type\":\"ReadAction\",\"target\":[\"https:\\\/\\\/joonisfilm.ee\\\/en\\\/top-10-things-to-see\\\/\"]}]},{\"@type\":\"BreadcrumbList\",\"@id\":\"https:\\\/\\\/joonisfilm.ee\\\/en\\\/top-10-things-to-see\\\/#breadcrumb\",\"itemListElement\":[{\"@type\":\"ListItem\",\"position\":1,\"name\":\"Home\",\"item\":\"https:\\\/\\\/joonisfilm.ee\\\/en\\\/\"},{\"@type\":\"ListItem\",\"position\":2,\"name\":\"TOP 10 THINGS TO SEE\"}]},{\"@type\":\"WebSite\",\"@id\":\"https:\\\/\\\/joonisfilm.ee\\\/en\\\/#website\",\"url\":\"https:\\\/\\\/joonisfilm.ee\\\/en\\\/\",\"name\":\"Joonisfilm\",\"description\":\"Joonisfilmi koduleht\",\"publisher\":{\"@id\":\"https:\\\/\\\/joonisfilm.ee\\\/en\\\/#organization\"},\"potentialAction\":[{\"@type\":\"SearchAction\",\"target\":{\"@type\":\"EntryPoint\",\"urlTemplate\":\"https:\\\/\\\/joonisfilm.ee\\\/en\\\/?s={search_term_string}\"},\"query-input\":{\"@type\":\"PropertyValueSpecification\",\"valueRequired\":true,\"valueName\":\"search_term_string\"}}],\"inLanguage\":\"en-US\"},{\"@type\":\"Organization\",\"@id\":\"https:\\\/\\\/joonisfilm.ee\\\/en\\\/#organization\",\"name\":\"EESTI Joonisfilm\",\"url\":\"https:\\\/\\\/joonisfilm.ee\\\/en\\\/\",\"logo\":{\"@type\":\"ImageObject\",\"inLanguage\":\"en-US\",\"@id\":\"https:\\\/\\\/joonisfilm.ee\\\/en\\\/#\\\/schema\\\/logo\\\/image\\\/\",\"url\":\"https:\\\/\\\/joonisfilm.ee\\\/wp-content\\\/uploads\\\/2024\\\/06\\\/Eesti-Joonisfilm-logo-orig-foon-transparentne.png\",\"contentUrl\":\"https:\\\/\\\/joonisfilm.ee\\\/wp-content\\\/uploads\\\/2024\\\/06\\\/Eesti-Joonisfilm-logo-orig-foon-transparentne.png\",\"width\":1000,\"height\":754,\"caption\":\"EESTI Joonisfilm\"},\"image\":{\"@id\":\"https:\\\/\\\/joonisfilm.ee\\\/en\\\/#\\\/schema\\\/logo\\\/image\\\/\"},\"sameAs\":[\"https:\\\/\\\/www.facebook.com\\\/Joonisfilm\\\/\",\"https:\\\/\\\/www.instagram.com\\\/eesti_joonisfilm\\\/\",\"https:\\\/\\\/www.youtube.com\\\/channel\\\/UCOF_pU5vkvtuOsVnE4xjp-A\",\"https:\\\/\\\/vimeo.com\\\/joonisfilm\"]}]}<\/script>\n<!-- \/ Yoast SEO plugin. -->","yoast_head_json":{"title":"TOP 10 THINGS TO SEE - Joonisfilm","robots":{"index":"index","follow":"follow","max-snippet":"max-snippet:-1","max-image-preview":"max-image-preview:large","max-video-preview":"max-video-preview:-1"},"canonical":"https:\/\/joonisfilm.ee\/en\/top-10-things-to-see\/","og_locale":"en_US","og_type":"article","og_title":"TOP 10 THINGS TO SEE - Joonisfilm","og_description":"Gather at 11:00 in front of the ship. Guided tour in the Old Town. Departure. Original title 10 AINULAADSET PAIKA MIDA KINDLASTI K\u00dcLASTADA English title TOP 10 THINGS TO SEE \u00a0 \u00a0 Script Author Mihkel Reha Director Mihkel Reha Art Director Mihkel Reha Backround Artist Reinis P\u0113tersons Storyboard and Background Details Janis Kalni\u0146\u0161 Composer Kaspar [&hellip;]","og_url":"https:\/\/joonisfilm.ee\/en\/top-10-things-to-see\/","og_site_name":"Joonisfilm","article_publisher":"https:\/\/www.facebook.com\/Joonisfilm\/","article_modified_time":"2025-02-27T10:44:31+00:00","twitter_card":"summary_large_image","twitter_misc":{"Est. reading time":"1 minute"},"schema":{"@context":"https:\/\/schema.org","@graph":[{"@type":"WebPage","@id":"https:\/\/joonisfilm.ee\/en\/top-10-things-to-see\/","url":"https:\/\/joonisfilm.ee\/en\/top-10-things-to-see\/","name":"TOP 10 THINGS TO SEE - Joonisfilm","isPartOf":{"@id":"https:\/\/joonisfilm.ee\/en\/#website"},"datePublished":"2024-07-08T17:22:25+00:00","dateModified":"2025-02-27T10:44:31+00:00","breadcrumb":{"@id":"https:\/\/joonisfilm.ee\/en\/top-10-things-to-see\/#breadcrumb"},"inLanguage":"en-US","potentialAction":[{"@type":"ReadAction","target":["https:\/\/joonisfilm.ee\/en\/top-10-things-to-see\/"]}]},{"@type":"BreadcrumbList","@id":"https:\/\/joonisfilm.ee\/en\/top-10-things-to-see\/#breadcrumb","itemListElement":[{"@type":"ListItem","position":1,"name":"Home","item":"https:\/\/joonisfilm.ee\/en\/"},{"@type":"ListItem","position":2,"name":"TOP 10 THINGS TO SEE"}]},{"@type":"WebSite","@id":"https:\/\/joonisfilm.ee\/en\/#website","url":"https:\/\/joonisfilm.ee\/en\/","name":"Joonisfilm","description":"Joonisfilmi koduleht","publisher":{"@id":"https:\/\/joonisfilm.ee\/en\/#organization"},"potentialAction":[{"@type":"SearchAction","target":{"@type":"EntryPoint","urlTemplate":"https:\/\/joonisfilm.ee\/en\/?s={search_term_string}"},"query-input":{"@type":"PropertyValueSpecification","valueRequired":true,"valueName":"search_term_string"}}],"inLanguage":"en-US"},{"@type":"Organization","@id":"https:\/\/joonisfilm.ee\/en\/#organization","name":"EESTI Joonisfilm","url":"https:\/\/joonisfilm.ee\/en\/","logo":{"@type":"ImageObject","inLanguage":"en-US","@id":"https:\/\/joonisfilm.ee\/en\/#\/schema\/logo\/image\/","url":"https:\/\/joonisfilm.ee\/wp-content\/uploads\/2024\/06\/Eesti-Joonisfilm-logo-orig-foon-transparentne.png","contentUrl":"https:\/\/joonisfilm.ee\/wp-content\/uploads\/2024\/06\/Eesti-Joonisfilm-logo-orig-foon-transparentne.png","width":1000,"height":754,"caption":"EESTI Joonisfilm"},"image":{"@id":"https:\/\/joonisfilm.ee\/en\/#\/schema\/logo\/image\/"},"sameAs":["https:\/\/www.facebook.com\/Joonisfilm\/","https:\/\/www.instagram.com\/eesti_joonisfilm\/","https:\/\/www.youtube.com\/channel\/UCOF_pU5vkvtuOsVnE4xjp-A","https:\/\/vimeo.com\/joonisfilm"]}]}},"_links":{"self":[{"href":"https:\/\/joonisfilm.ee\/en\/wp-json\/wp\/v2\/pages\/6922","targetHints":{"allow":["GET"]}}],"collection":[{"href":"https:\/\/joonisfilm.ee\/en\/wp-json\/wp\/v2\/pages"}],"about":[{"href":"https:\/\/joonisfilm.ee\/en\/wp-json\/wp\/v2\/types\/page"}],"author":[{"embeddable":true,"href":"https:\/\/joonisfilm.ee\/en\/wp-json\/wp\/v2\/users\/1"}],"replies":[{"embeddable":true,"href":"https:\/\/joonisfilm.ee\/en\/wp-json\/wp\/v2\/comments?post=6922"}],"version-history":[{"count":6,"href":"https:\/\/joonisfilm.ee\/en\/wp-json\/wp\/v2\/pages\/6922\/revisions"}],"predecessor-version":[{"id":7352,"href":"https:\/\/joonisfilm.ee\/en\/wp-json\/wp\/v2\/pages\/6922\/revisions\/7352"}],"wp:attachment":[{"href":"https:\/\/joonisfilm.ee\/en\/wp-json\/wp\/v2\/media?parent=6922"}],"curies":[{"name":"wp","href":"https:\/\/api.w.org\/{rel}","templated":true}]}}