{"id":717,"date":"2010-12-02T09:35:44","date_gmt":"2010-12-02T09:35:44","guid":{"rendered":"http:\/\/www.joonisfilm.ee\/uus"},"modified":"2024-07-09T08:16:00","modified_gmt":"2024-07-09T08:16:00","slug":"the-headless-horseman","status":"publish","type":"page","link":"https:\/\/joonisfilm.ee\/en\/films\/the-headless-horseman\/","title":{"rendered":"THE HEADLESS HORSEMAN"},"content":{"rendered":"ngg_shortcode_0_placeholder\n<table border=\"0\" class=\"mtr-table mtr-tr-td\">\n<tbody>\n<tr>\n<td data-mtr-content=\"Original title\" class=\"mtr-td-tag\"><div class=\"mtr-cell-content\">Original title<\/div><\/td>\n<td data-mtr-content=\"PEATA RATSANIK\" class=\"mtr-td-tag\"><div class=\"mtr-cell-content\">PEATA RATSANIK<\/div><\/td>\n<\/tr>\n<tr>\n<td data-mtr-content=\"Original title\" class=\"mtr-td-tag\"><div class=\"mtr-cell-content\">English title<\/div><\/td>\n<td data-mtr-content=\"PEATA RATSANIK\" class=\"mtr-td-tag\"><div class=\"mtr-cell-content\">THE HEADLESS HORSEMAN<\/div><\/td>\n<\/tr>\n<tr>\n<td data-mtr-content=\"Original title\" class=\"mtr-td-tag\"><div class=\"mtr-cell-content\"><\/div><\/td>\n<td data-mtr-content=\"PEATA RATSANIK\" class=\"mtr-td-tag\"><div class=\"mtr-cell-content\"><\/div><\/td>\n<\/tr>\n<tr>\n<td data-mtr-content=\"Original title\" class=\"mtr-td-tag\"><div class=\"mtr-cell-content\">Script Author<\/div><\/td>\n<td data-mtr-content=\"PEATA RATSANIK\" class=\"mtr-td-tag\"><div class=\"mtr-cell-content\">\u00dclo Pikkov<\/div><\/td>\n<\/tr>\n<tr>\n<td data-mtr-content=\"Original title\" class=\"mtr-td-tag\"><div class=\"mtr-cell-content\">Director<\/div><\/td>\n<td data-mtr-content=\"PEATA RATSANIK\" class=\"mtr-td-tag\"><div class=\"mtr-cell-content\">\u00dclo Pikkov<\/div><\/td>\n<\/tr>\n<tr>\n<td data-mtr-content=\"Original title\" class=\"mtr-td-tag\"><div class=\"mtr-cell-content\">Art Director<\/div><\/td>\n<td data-mtr-content=\"PEATA RATSANIK\" class=\"mtr-td-tag\"><div class=\"mtr-cell-content\">\u00dclo Pikkov<\/div><\/td>\n<\/tr>\n<tr>\n<td data-mtr-content=\"Original title\" class=\"mtr-td-tag\"><div class=\"mtr-cell-content\">Composer<\/div><\/td>\n<td data-mtr-content=\"PEATA RATSANIK\" class=\"mtr-td-tag\"><div class=\"mtr-cell-content\">Sven Gr\u00fcnberg<\/div><\/td>\n<\/tr>\n<tr>\n<td data-mtr-content=\"Original title\" class=\"mtr-td-tag\"><div class=\"mtr-cell-content\">Animators<\/div><\/td>\n<td data-mtr-content=\"PEATA RATSANIK\" class=\"mtr-td-tag\"><div class=\"mtr-cell-content\">Marje Ale<\/div><\/td>\n<\/tr>\n<tr>\n<td data-mtr-content=\"Original title\" class=\"mtr-td-tag\"><div class=\"mtr-cell-content\"><\/div><\/td>\n<td data-mtr-content=\"PEATA RATSANIK\" class=\"mtr-td-tag\"><div class=\"mtr-cell-content\">Kirsti Kurg<\/div><\/td>\n<\/tr>\n<tr>\n<td data-mtr-content=\"Original title\" class=\"mtr-td-tag\"><div class=\"mtr-cell-content\"><\/div><\/td>\n<td data-mtr-content=\"PEATA RATSANIK\" class=\"mtr-td-tag\"><div class=\"mtr-cell-content\">\u00dclle Metsur<\/div><\/td>\n<\/tr>\n<tr>\n<td data-mtr-content=\"Original title\" class=\"mtr-td-tag\"><div class=\"mtr-cell-content\"><\/div><\/td>\n<td data-mtr-content=\"PEATA RATSANIK\" class=\"mtr-td-tag\"><div class=\"mtr-cell-content\">Ruslan Piterja<\/div><\/td>\n<\/tr>\n<tr>\n<td data-mtr-content=\"Original title\" class=\"mtr-td-tag\"><div class=\"mtr-cell-content\"><\/div><\/td>\n<td data-mtr-content=\"PEATA RATSANIK\" class=\"mtr-td-tag\"><div class=\"mtr-cell-content\">Tarmo Vaarmets<\/div><\/td>\n<\/tr>\n<tr>\n<td data-mtr-content=\"Original title\" class=\"mtr-td-tag\"><div class=\"mtr-cell-content\">Sound Design<\/div><\/td>\n<td data-mtr-content=\"PEATA RATSANIK\" class=\"mtr-td-tag\"><div class=\"mtr-cell-content\">Sven Gr\u00fcnberg<\/div><\/td>\n<\/tr>\n<tr>\n<td data-mtr-content=\"Original title\" class=\"mtr-td-tag\"><div class=\"mtr-cell-content\">Editor<\/div><\/td>\n<td data-mtr-content=\"PEATA RATSANIK\" class=\"mtr-td-tag\"><div class=\"mtr-cell-content\">\u00dclo Pikkov<\/div><\/td>\n<\/tr>\n<tr>\n<td data-mtr-content=\"Original title\" class=\"mtr-td-tag\"><div class=\"mtr-cell-content\">Producer<\/div><\/td>\n<td data-mtr-content=\"PEATA RATSANIK\" class=\"mtr-td-tag\"><div class=\"mtr-cell-content\">Kalev Tamm<\/div><\/td>\n<\/tr>\n<\/tbody>\n<\/table>\n<p>\u00a9 2001 Eesti Joonisfilm<br \/>\n11\u201907\u201d \/ 35mm \/ 1,37:1 \/ 1 reel \/ 308,0m \/ Beta SP 4:3 \/ HD Cam \/   colour \/ Dolby Surround<\/p>\n<p>The animated film THE HEADLESS HORSEMAN tells the story of a solitary and brutal hero, the headless horseman.\u00a0 The headless horseman is an ordinary resident of the Grand Canyon.\u00a0 The only difference is that he has no head.\u00a0 The headless horseman suffers from a serious inferiority complex thanks to that one factor that makes him different from the other canyon residents.\u00a0 This makes him terribly violent.<br \/>\nThrough a series of ordeals, the headless horseman manages to find himself a new head.\u00a0 Namely, the headless horseman sticks to the moon shining in the sky and he becomes a moonface with a big head.\u00a0 Unfortunately, the headless horseman does not become any better as a person thanks to his new moon face.\u00a0 He remains as solitary and brutal as before. The film THE HEADLESS HORSEMAN is a story of compromise between society and the individual.<\/p>\n<p><em>Production of this film supported by<br \/>\n<\/em>ESTONIAN FILM FOUNDATION<em><br \/>\n<\/em>ESTONIAN CULTURAL ENDOWMENT<\/p>\n<p>Available on DVD<\/p>\n","protected":false},"excerpt":{"rendered":"<p>Original title PEATA RATSANIK English title THE HEADLESS HORSEMAN Script Author \u00dclo Pikkov Director \u00dclo Pikkov Art Director \u00dclo Pikkov Composer Sven Gr\u00fcnberg Animators Marje Ale Kirsti Kurg \u00dclle Metsur Ruslan Piterja Tarmo Vaarmets Sound Design Sven Gr\u00fcnberg Editor \u00dclo Pikkov Producer Kalev Tamm \u00a9 2001 Eesti Joonisfilm 11\u201907\u201d \/ 35mm \/ 1,37:1 \/ 1 [&hellip;]<\/p>\n","protected":false},"author":1,"featured_media":0,"parent":55,"menu_order":0,"comment_status":"closed","ping_status":"closed","template":"","meta":{"ngg_post_thumbnail":0,"footnotes":""},"class_list":["post-717","page","type-page","status-publish","hentry"],"yoast_head":"<!-- This site is optimized with the Yoast SEO plugin v27.3 - https:\/\/yoast.com\/product\/yoast-seo-wordpress\/ -->\n<title>THE HEADLESS HORSEMAN - Joonisfilm<\/title>\n<meta name=\"robots\" content=\"index, follow, max-snippet:-1, max-image-preview:large, max-video-preview:-1\" \/>\n<link rel=\"canonical\" href=\"https:\/\/joonisfilm.ee\/en\/films\/the-headless-horseman\/\" \/>\n<meta property=\"og:locale\" content=\"en_US\" \/>\n<meta property=\"og:type\" content=\"article\" \/>\n<meta property=\"og:title\" content=\"THE HEADLESS HORSEMAN - Joonisfilm\" \/>\n<meta property=\"og:description\" content=\"Original title PEATA RATSANIK English title THE HEADLESS HORSEMAN Script Author \u00dclo Pikkov Director \u00dclo Pikkov Art Director \u00dclo Pikkov Composer Sven Gr\u00fcnberg Animators Marje Ale Kirsti Kurg \u00dclle Metsur Ruslan Piterja Tarmo Vaarmets Sound Design Sven Gr\u00fcnberg Editor \u00dclo Pikkov Producer Kalev Tamm \u00a9 2001 Eesti Joonisfilm 11\u201907\u201d \/ 35mm \/ 1,37:1 \/ 1 [&hellip;]\" \/>\n<meta property=\"og:url\" content=\"https:\/\/joonisfilm.ee\/en\/films\/the-headless-horseman\/\" \/>\n<meta property=\"og:site_name\" content=\"Joonisfilm\" \/>\n<meta property=\"article:publisher\" content=\"https:\/\/www.facebook.com\/Joonisfilm\/\" \/>\n<meta property=\"article:modified_time\" content=\"2024-07-09T08:16:00+00:00\" \/>\n<meta name=\"twitter:card\" content=\"summary_large_image\" \/>\n<meta name=\"twitter:label1\" content=\"Est. reading time\" \/>\n\t<meta name=\"twitter:data1\" content=\"2 minutes\" \/>\n<script type=\"application\/ld+json\" class=\"yoast-schema-graph\">{\"@context\":\"https:\\\/\\\/schema.org\",\"@graph\":[{\"@type\":\"WebPage\",\"@id\":\"https:\\\/\\\/joonisfilm.ee\\\/en\\\/films\\\/the-headless-horseman\\\/\",\"url\":\"https:\\\/\\\/joonisfilm.ee\\\/en\\\/films\\\/the-headless-horseman\\\/\",\"name\":\"THE HEADLESS HORSEMAN - Joonisfilm\",\"isPartOf\":{\"@id\":\"https:\\\/\\\/joonisfilm.ee\\\/en\\\/#website\"},\"datePublished\":\"2010-12-02T09:35:44+00:00\",\"dateModified\":\"2024-07-09T08:16:00+00:00\",\"breadcrumb\":{\"@id\":\"https:\\\/\\\/joonisfilm.ee\\\/en\\\/films\\\/the-headless-horseman\\\/#breadcrumb\"},\"inLanguage\":\"en-US\",\"potentialAction\":[{\"@type\":\"ReadAction\",\"target\":[\"https:\\\/\\\/joonisfilm.ee\\\/en\\\/films\\\/the-headless-horseman\\\/\"]}]},{\"@type\":\"BreadcrumbList\",\"@id\":\"https:\\\/\\\/joonisfilm.ee\\\/en\\\/films\\\/the-headless-horseman\\\/#breadcrumb\",\"itemListElement\":[{\"@type\":\"ListItem\",\"position\":1,\"name\":\"Home\",\"item\":\"https:\\\/\\\/joonisfilm.ee\\\/en\\\/\"},{\"@type\":\"ListItem\",\"position\":2,\"name\":\"FILMS\",\"item\":\"https:\\\/\\\/joonisfilm.ee\\\/en\\\/films\\\/\"},{\"@type\":\"ListItem\",\"position\":3,\"name\":\"THE HEADLESS HORSEMAN\"}]},{\"@type\":\"WebSite\",\"@id\":\"https:\\\/\\\/joonisfilm.ee\\\/en\\\/#website\",\"url\":\"https:\\\/\\\/joonisfilm.ee\\\/en\\\/\",\"name\":\"Joonisfilm\",\"description\":\"Joonisfilmi koduleht\",\"publisher\":{\"@id\":\"https:\\\/\\\/joonisfilm.ee\\\/en\\\/#organization\"},\"potentialAction\":[{\"@type\":\"SearchAction\",\"target\":{\"@type\":\"EntryPoint\",\"urlTemplate\":\"https:\\\/\\\/joonisfilm.ee\\\/en\\\/?s={search_term_string}\"},\"query-input\":{\"@type\":\"PropertyValueSpecification\",\"valueRequired\":true,\"valueName\":\"search_term_string\"}}],\"inLanguage\":\"en-US\"},{\"@type\":\"Organization\",\"@id\":\"https:\\\/\\\/joonisfilm.ee\\\/en\\\/#organization\",\"name\":\"EESTI Joonisfilm\",\"url\":\"https:\\\/\\\/joonisfilm.ee\\\/en\\\/\",\"logo\":{\"@type\":\"ImageObject\",\"inLanguage\":\"en-US\",\"@id\":\"https:\\\/\\\/joonisfilm.ee\\\/en\\\/#\\\/schema\\\/logo\\\/image\\\/\",\"url\":\"https:\\\/\\\/joonisfilm.ee\\\/wp-content\\\/uploads\\\/2024\\\/06\\\/Eesti-Joonisfilm-logo-orig-foon-transparentne.png\",\"contentUrl\":\"https:\\\/\\\/joonisfilm.ee\\\/wp-content\\\/uploads\\\/2024\\\/06\\\/Eesti-Joonisfilm-logo-orig-foon-transparentne.png\",\"width\":1000,\"height\":754,\"caption\":\"EESTI Joonisfilm\"},\"image\":{\"@id\":\"https:\\\/\\\/joonisfilm.ee\\\/en\\\/#\\\/schema\\\/logo\\\/image\\\/\"},\"sameAs\":[\"https:\\\/\\\/www.facebook.com\\\/Joonisfilm\\\/\",\"https:\\\/\\\/www.instagram.com\\\/eesti_joonisfilm\\\/\",\"https:\\\/\\\/www.youtube.com\\\/channel\\\/UCOF_pU5vkvtuOsVnE4xjp-A\",\"https:\\\/\\\/vimeo.com\\\/joonisfilm\"]}]}<\/script>\n<!-- \/ Yoast SEO plugin. -->","yoast_head_json":{"title":"THE HEADLESS HORSEMAN - Joonisfilm","robots":{"index":"index","follow":"follow","max-snippet":"max-snippet:-1","max-image-preview":"max-image-preview:large","max-video-preview":"max-video-preview:-1"},"canonical":"https:\/\/joonisfilm.ee\/en\/films\/the-headless-horseman\/","og_locale":"en_US","og_type":"article","og_title":"THE HEADLESS HORSEMAN - Joonisfilm","og_description":"Original title PEATA RATSANIK English title THE HEADLESS HORSEMAN Script Author \u00dclo Pikkov Director \u00dclo Pikkov Art Director \u00dclo Pikkov Composer Sven Gr\u00fcnberg Animators Marje Ale Kirsti Kurg \u00dclle Metsur Ruslan Piterja Tarmo Vaarmets Sound Design Sven Gr\u00fcnberg Editor \u00dclo Pikkov Producer Kalev Tamm \u00a9 2001 Eesti Joonisfilm 11\u201907\u201d \/ 35mm \/ 1,37:1 \/ 1 [&hellip;]","og_url":"https:\/\/joonisfilm.ee\/en\/films\/the-headless-horseman\/","og_site_name":"Joonisfilm","article_publisher":"https:\/\/www.facebook.com\/Joonisfilm\/","article_modified_time":"2024-07-09T08:16:00+00:00","twitter_card":"summary_large_image","twitter_misc":{"Est. reading time":"2 minutes"},"schema":{"@context":"https:\/\/schema.org","@graph":[{"@type":"WebPage","@id":"https:\/\/joonisfilm.ee\/en\/films\/the-headless-horseman\/","url":"https:\/\/joonisfilm.ee\/en\/films\/the-headless-horseman\/","name":"THE HEADLESS HORSEMAN - Joonisfilm","isPartOf":{"@id":"https:\/\/joonisfilm.ee\/en\/#website"},"datePublished":"2010-12-02T09:35:44+00:00","dateModified":"2024-07-09T08:16:00+00:00","breadcrumb":{"@id":"https:\/\/joonisfilm.ee\/en\/films\/the-headless-horseman\/#breadcrumb"},"inLanguage":"en-US","potentialAction":[{"@type":"ReadAction","target":["https:\/\/joonisfilm.ee\/en\/films\/the-headless-horseman\/"]}]},{"@type":"BreadcrumbList","@id":"https:\/\/joonisfilm.ee\/en\/films\/the-headless-horseman\/#breadcrumb","itemListElement":[{"@type":"ListItem","position":1,"name":"Home","item":"https:\/\/joonisfilm.ee\/en\/"},{"@type":"ListItem","position":2,"name":"FILMS","item":"https:\/\/joonisfilm.ee\/en\/films\/"},{"@type":"ListItem","position":3,"name":"THE HEADLESS HORSEMAN"}]},{"@type":"WebSite","@id":"https:\/\/joonisfilm.ee\/en\/#website","url":"https:\/\/joonisfilm.ee\/en\/","name":"Joonisfilm","description":"Joonisfilmi koduleht","publisher":{"@id":"https:\/\/joonisfilm.ee\/en\/#organization"},"potentialAction":[{"@type":"SearchAction","target":{"@type":"EntryPoint","urlTemplate":"https:\/\/joonisfilm.ee\/en\/?s={search_term_string}"},"query-input":{"@type":"PropertyValueSpecification","valueRequired":true,"valueName":"search_term_string"}}],"inLanguage":"en-US"},{"@type":"Organization","@id":"https:\/\/joonisfilm.ee\/en\/#organization","name":"EESTI Joonisfilm","url":"https:\/\/joonisfilm.ee\/en\/","logo":{"@type":"ImageObject","inLanguage":"en-US","@id":"https:\/\/joonisfilm.ee\/en\/#\/schema\/logo\/image\/","url":"https:\/\/joonisfilm.ee\/wp-content\/uploads\/2024\/06\/Eesti-Joonisfilm-logo-orig-foon-transparentne.png","contentUrl":"https:\/\/joonisfilm.ee\/wp-content\/uploads\/2024\/06\/Eesti-Joonisfilm-logo-orig-foon-transparentne.png","width":1000,"height":754,"caption":"EESTI Joonisfilm"},"image":{"@id":"https:\/\/joonisfilm.ee\/en\/#\/schema\/logo\/image\/"},"sameAs":["https:\/\/www.facebook.com\/Joonisfilm\/","https:\/\/www.instagram.com\/eesti_joonisfilm\/","https:\/\/www.youtube.com\/channel\/UCOF_pU5vkvtuOsVnE4xjp-A","https:\/\/vimeo.com\/joonisfilm"]}]}},"_links":{"self":[{"href":"https:\/\/joonisfilm.ee\/en\/wp-json\/wp\/v2\/pages\/717","targetHints":{"allow":["GET"]}}],"collection":[{"href":"https:\/\/joonisfilm.ee\/en\/wp-json\/wp\/v2\/pages"}],"about":[{"href":"https:\/\/joonisfilm.ee\/en\/wp-json\/wp\/v2\/types\/page"}],"author":[{"embeddable":true,"href":"https:\/\/joonisfilm.ee\/en\/wp-json\/wp\/v2\/users\/1"}],"replies":[{"embeddable":true,"href":"https:\/\/joonisfilm.ee\/en\/wp-json\/wp\/v2\/comments?post=717"}],"version-history":[{"count":1,"href":"https:\/\/joonisfilm.ee\/en\/wp-json\/wp\/v2\/pages\/717\/revisions"}],"predecessor-version":[{"id":6100,"href":"https:\/\/joonisfilm.ee\/en\/wp-json\/wp\/v2\/pages\/717\/revisions\/6100"}],"up":[{"embeddable":true,"href":"https:\/\/joonisfilm.ee\/en\/wp-json\/wp\/v2\/pages\/55"}],"wp:attachment":[{"href":"https:\/\/joonisfilm.ee\/en\/wp-json\/wp\/v2\/media?parent=717"}],"curies":[{"name":"wp","href":"https:\/\/api.w.org\/{rel}","templated":true}]}}