{"id":739,"date":"2010-12-02T10:01:51","date_gmt":"2010-12-02T10:01:51","guid":{"rendered":"http:\/\/www.joonisfilm.ee\/uus"},"modified":"2024-07-09T08:14:38","modified_gmt":"2024-07-09T08:14:38","slug":"on-the-possibility-of-love","status":"publish","type":"page","link":"https:\/\/joonisfilm.ee\/en\/films\/on-the-possibility-of-love\/","title":{"rendered":"ON THE POSSIBILITY OF LOVE"},"content":{"rendered":"ngg_shortcode_0_placeholder\n<table border=\"0\" class=\"mtr-table mtr-tr-td\">\n<tbody>\n<tr>\n<td data-mtr-content=\"Original title\" class=\"mtr-td-tag\"><div class=\"mtr-cell-content\">Original title<\/div><\/td>\n<td data-mtr-content=\"ARMASTUSE V\u00d5IMALIKKUSEST\" class=\"mtr-td-tag\"><div class=\"mtr-cell-content\">ARMASTUSE V\u00d5IMALIKKUSEST<\/div><\/td>\n<\/tr>\n<tr>\n<td data-mtr-content=\"Original title\" class=\"mtr-td-tag\"><div class=\"mtr-cell-content\">English title<\/div><\/td>\n<td data-mtr-content=\"ARMASTUSE V\u00d5IMALIKKUSEST\" class=\"mtr-td-tag\"><div class=\"mtr-cell-content\">ON THE POSSIBILITY OF LOVE<\/div><\/td>\n<\/tr>\n<tr>\n<td data-mtr-content=\"Original title\" class=\"mtr-td-tag\"><div class=\"mtr-cell-content\">\u00a0<\/div><\/td>\n<td data-mtr-content=\"ARMASTUSE V\u00d5IMALIKKUSEST\" class=\"mtr-td-tag\"><div class=\"mtr-cell-content\">\u00a0<\/div><\/td>\n<\/tr>\n<tr>\n<td data-mtr-content=\"Original title\" class=\"mtr-td-tag\"><div class=\"mtr-cell-content\">Script Author<\/div><\/td>\n<td data-mtr-content=\"ARMASTUSE V\u00d5IMALIKKUSEST\" class=\"mtr-td-tag\"><div class=\"mtr-cell-content\">Janno P\u00f5ldma<\/div><\/td>\n<\/tr>\n<tr>\n<td data-mtr-content=\"Original title\" class=\"mtr-td-tag\"><div class=\"mtr-cell-content\">Director<\/div><\/td>\n<td data-mtr-content=\"ARMASTUSE V\u00d5IMALIKKUSEST\" class=\"mtr-td-tag\"><div class=\"mtr-cell-content\">Janno P\u00f5ldma<\/div><\/td>\n<\/tr>\n<tr>\n<td data-mtr-content=\"Original title\" class=\"mtr-td-tag\"><div class=\"mtr-cell-content\">Art Director<\/div><\/td>\n<td data-mtr-content=\"ARMASTUSE V\u00d5IMALIKKUSEST\" class=\"mtr-td-tag\"><div class=\"mtr-cell-content\">Regina Lukk<\/div><\/td>\n<\/tr>\n<tr>\n<td data-mtr-content=\"Original title\" class=\"mtr-td-tag\"><div class=\"mtr-cell-content\">Composer<\/div><\/td>\n<td data-mtr-content=\"ARMASTUSE V\u00d5IMALIKKUSEST\" class=\"mtr-td-tag\"><div class=\"mtr-cell-content\">Sven Gr\u00fcnberg<\/div><\/td>\n<\/tr>\n<tr>\n<td data-mtr-content=\"Original title\" class=\"mtr-td-tag\"><div class=\"mtr-cell-content\">Photography<\/div><\/td>\n<td data-mtr-content=\"ARMASTUSE V\u00d5IMALIKKUSEST\" class=\"mtr-td-tag\"><div class=\"mtr-cell-content\">Janno P\u00f5ldma<\/div><\/td>\n<\/tr>\n<tr>\n<td data-mtr-content=\"Original title\" class=\"mtr-td-tag\"><div class=\"mtr-cell-content\">Animators<\/div><\/td>\n<td data-mtr-content=\"ARMASTUSE V\u00d5IMALIKKUSEST\" class=\"mtr-td-tag\"><div class=\"mtr-cell-content\">Marje Ale<\/div><\/td>\n<\/tr>\n<tr>\n<td data-mtr-content=\"Original title\" class=\"mtr-td-tag\"><div class=\"mtr-cell-content\">\u00a0<\/div><\/td>\n<td data-mtr-content=\"ARMASTUSE V\u00d5IMALIKKUSEST\" class=\"mtr-td-tag\"><div class=\"mtr-cell-content\">Eda Kurg<\/div><\/td>\n<\/tr>\n<tr>\n<td data-mtr-content=\"Original title\" class=\"mtr-td-tag\"><div class=\"mtr-cell-content\">\u00a0<\/div><\/td>\n<td data-mtr-content=\"ARMASTUSE V\u00d5IMALIKKUSEST\" class=\"mtr-td-tag\"><div class=\"mtr-cell-content\">\u00dclle Metsur<\/div><\/td>\n<\/tr>\n<tr>\n<td data-mtr-content=\"Original title\" class=\"mtr-td-tag\"><div class=\"mtr-cell-content\">\u00a0<\/div><\/td>\n<td data-mtr-content=\"ARMASTUSE V\u00d5IMALIKKUSEST\" class=\"mtr-td-tag\"><div class=\"mtr-cell-content\">Ebe Tramberg<\/div><\/td>\n<\/tr>\n<tr>\n<td data-mtr-content=\"Original title\" class=\"mtr-td-tag\"><div class=\"mtr-cell-content\">\u00a0<\/div><\/td>\n<td data-mtr-content=\"ARMASTUSE V\u00d5IMALIKKUSEST\" class=\"mtr-td-tag\"><div class=\"mtr-cell-content\">Tarmo Vaarmets<\/div><\/td>\n<\/tr>\n<tr>\n<td data-mtr-content=\"Original title\" class=\"mtr-td-tag\"><div class=\"mtr-cell-content\">Sound Design<\/div><\/td>\n<td data-mtr-content=\"ARMASTUSE V\u00d5IMALIKKUSEST\" class=\"mtr-td-tag\"><div class=\"mtr-cell-content\">Sven Gr\u00fcnberg<\/div><\/td>\n<\/tr>\n<tr>\n<td data-mtr-content=\"Original title\" class=\"mtr-td-tag\"><div class=\"mtr-cell-content\">Editor<\/div><\/td>\n<td data-mtr-content=\"ARMASTUSE V\u00d5IMALIKKUSEST\" class=\"mtr-td-tag\"><div class=\"mtr-cell-content\">Janno P\u00f5ldma<\/div><\/td>\n<\/tr>\n<tr>\n<td data-mtr-content=\"Original title\" class=\"mtr-td-tag\"><div class=\"mtr-cell-content\">Producers<\/div><\/td>\n<td data-mtr-content=\"ARMASTUSE V\u00d5IMALIKKUSEST\" class=\"mtr-td-tag\"><div class=\"mtr-cell-content\">Kalev Tamm<\/div><\/td>\n<\/tr>\n<tr>\n<td data-mtr-content=\"Original title\" class=\"mtr-td-tag\"><div class=\"mtr-cell-content\">\u00a0<\/div><\/td>\n<td data-mtr-content=\"ARMASTUSE V\u00d5IMALIKKUSEST\" class=\"mtr-td-tag\"><div class=\"mtr-cell-content\">Linda Sade<\/div><\/td>\n<\/tr>\n<\/tbody>\n<\/table>\n<p>\u00a9 1999 Eesti Joonisfilm<br \/>\n15&#8217;34&#8221; \/ 35mm\/ 1,37:1 \/ 1 reel \/ 431,2m \/ Beta SP 4:3 \/ colour \/ Dolby Surround<\/p>\n<p>The animated film ON THE POSSIBILITY OF LOVE declares through the relationships between humans and other living creatures that life can be more diverse and at times more unexpected than it may seem at first glance.\u00a0 The film deals with the right of the individual to choose his own way in a complex world.<\/p>\n<p><em>Production of this film supported by<br \/>\n<\/em>ESTONIAN FILM FOUNDATION<em><br \/>\n<\/em>ESTONIAN CULTURAL ENDOWMENT<\/p>\n","protected":false},"excerpt":{"rendered":"<p>Original title ARMASTUSE V\u00d5IMALIKKUSEST English title ON THE POSSIBILITY OF LOVE \u00a0 \u00a0 Script Author Janno P\u00f5ldma Director Janno P\u00f5ldma Art Director Regina Lukk Composer Sven Gr\u00fcnberg Photography Janno P\u00f5ldma Animators Marje Ale \u00a0 Eda Kurg \u00a0 \u00dclle Metsur \u00a0 Ebe Tramberg \u00a0 Tarmo Vaarmets Sound Design Sven Gr\u00fcnberg Editor Janno P\u00f5ldma Producers Kalev Tamm [&hellip;]<\/p>\n","protected":false},"author":1,"featured_media":0,"parent":55,"menu_order":0,"comment_status":"closed","ping_status":"closed","template":"","meta":{"ngg_post_thumbnail":0,"footnotes":""},"class_list":["post-739","page","type-page","status-publish","hentry"],"yoast_head":"<!-- This site is optimized with the Yoast SEO plugin v27.4 - https:\/\/yoast.com\/product\/yoast-seo-wordpress\/ -->\n<title>ON THE POSSIBILITY OF LOVE - Joonisfilm<\/title>\n<meta name=\"robots\" content=\"index, follow, max-snippet:-1, max-image-preview:large, max-video-preview:-1\" \/>\n<link rel=\"canonical\" href=\"https:\/\/joonisfilm.ee\/en\/films\/on-the-possibility-of-love\/\" \/>\n<meta property=\"og:locale\" content=\"en_US\" \/>\n<meta property=\"og:type\" content=\"article\" \/>\n<meta property=\"og:title\" content=\"ON THE POSSIBILITY OF LOVE - Joonisfilm\" \/>\n<meta property=\"og:description\" content=\"Original title ARMASTUSE V\u00d5IMALIKKUSEST English title ON THE POSSIBILITY OF LOVE \u00a0 \u00a0 Script Author Janno P\u00f5ldma Director Janno P\u00f5ldma Art Director Regina Lukk Composer Sven Gr\u00fcnberg Photography Janno P\u00f5ldma Animators Marje Ale \u00a0 Eda Kurg \u00a0 \u00dclle Metsur \u00a0 Ebe Tramberg \u00a0 Tarmo Vaarmets Sound Design Sven Gr\u00fcnberg Editor Janno P\u00f5ldma Producers Kalev Tamm [&hellip;]\" \/>\n<meta property=\"og:url\" content=\"https:\/\/joonisfilm.ee\/en\/films\/on-the-possibility-of-love\/\" \/>\n<meta property=\"og:site_name\" content=\"Joonisfilm\" \/>\n<meta property=\"article:publisher\" content=\"https:\/\/www.facebook.com\/Joonisfilm\/\" \/>\n<meta property=\"article:modified_time\" content=\"2024-07-09T08:14:38+00:00\" \/>\n<meta name=\"twitter:card\" content=\"summary_large_image\" \/>\n<meta name=\"twitter:label1\" content=\"Est. reading time\" \/>\n\t<meta name=\"twitter:data1\" content=\"1 minute\" \/>\n<script type=\"application\/ld+json\" class=\"yoast-schema-graph\">{\"@context\":\"https:\\\/\\\/schema.org\",\"@graph\":[{\"@type\":\"WebPage\",\"@id\":\"https:\\\/\\\/joonisfilm.ee\\\/en\\\/films\\\/on-the-possibility-of-love\\\/\",\"url\":\"https:\\\/\\\/joonisfilm.ee\\\/en\\\/films\\\/on-the-possibility-of-love\\\/\",\"name\":\"ON THE POSSIBILITY OF LOVE - Joonisfilm\",\"isPartOf\":{\"@id\":\"https:\\\/\\\/joonisfilm.ee\\\/en\\\/#website\"},\"datePublished\":\"2010-12-02T10:01:51+00:00\",\"dateModified\":\"2024-07-09T08:14:38+00:00\",\"breadcrumb\":{\"@id\":\"https:\\\/\\\/joonisfilm.ee\\\/en\\\/films\\\/on-the-possibility-of-love\\\/#breadcrumb\"},\"inLanguage\":\"en-US\",\"potentialAction\":[{\"@type\":\"ReadAction\",\"target\":[\"https:\\\/\\\/joonisfilm.ee\\\/en\\\/films\\\/on-the-possibility-of-love\\\/\"]}]},{\"@type\":\"BreadcrumbList\",\"@id\":\"https:\\\/\\\/joonisfilm.ee\\\/en\\\/films\\\/on-the-possibility-of-love\\\/#breadcrumb\",\"itemListElement\":[{\"@type\":\"ListItem\",\"position\":1,\"name\":\"Home\",\"item\":\"https:\\\/\\\/joonisfilm.ee\\\/en\\\/\"},{\"@type\":\"ListItem\",\"position\":2,\"name\":\"FILMS\",\"item\":\"https:\\\/\\\/joonisfilm.ee\\\/en\\\/films\\\/\"},{\"@type\":\"ListItem\",\"position\":3,\"name\":\"ON THE POSSIBILITY OF LOVE\"}]},{\"@type\":\"WebSite\",\"@id\":\"https:\\\/\\\/joonisfilm.ee\\\/en\\\/#website\",\"url\":\"https:\\\/\\\/joonisfilm.ee\\\/en\\\/\",\"name\":\"Joonisfilm\",\"description\":\"Joonisfilmi koduleht\",\"publisher\":{\"@id\":\"https:\\\/\\\/joonisfilm.ee\\\/en\\\/#organization\"},\"potentialAction\":[{\"@type\":\"SearchAction\",\"target\":{\"@type\":\"EntryPoint\",\"urlTemplate\":\"https:\\\/\\\/joonisfilm.ee\\\/en\\\/?s={search_term_string}\"},\"query-input\":{\"@type\":\"PropertyValueSpecification\",\"valueRequired\":true,\"valueName\":\"search_term_string\"}}],\"inLanguage\":\"en-US\"},{\"@type\":\"Organization\",\"@id\":\"https:\\\/\\\/joonisfilm.ee\\\/en\\\/#organization\",\"name\":\"EESTI Joonisfilm\",\"url\":\"https:\\\/\\\/joonisfilm.ee\\\/en\\\/\",\"logo\":{\"@type\":\"ImageObject\",\"inLanguage\":\"en-US\",\"@id\":\"https:\\\/\\\/joonisfilm.ee\\\/en\\\/#\\\/schema\\\/logo\\\/image\\\/\",\"url\":\"https:\\\/\\\/joonisfilm.ee\\\/wp-content\\\/uploads\\\/2024\\\/06\\\/Eesti-Joonisfilm-logo-orig-foon-transparentne.png\",\"contentUrl\":\"https:\\\/\\\/joonisfilm.ee\\\/wp-content\\\/uploads\\\/2024\\\/06\\\/Eesti-Joonisfilm-logo-orig-foon-transparentne.png\",\"width\":1000,\"height\":754,\"caption\":\"EESTI Joonisfilm\"},\"image\":{\"@id\":\"https:\\\/\\\/joonisfilm.ee\\\/en\\\/#\\\/schema\\\/logo\\\/image\\\/\"},\"sameAs\":[\"https:\\\/\\\/www.facebook.com\\\/Joonisfilm\\\/\",\"https:\\\/\\\/www.instagram.com\\\/eesti_joonisfilm\\\/\",\"https:\\\/\\\/www.youtube.com\\\/channel\\\/UCOF_pU5vkvtuOsVnE4xjp-A\",\"https:\\\/\\\/vimeo.com\\\/joonisfilm\"]}]}<\/script>\n<!-- \/ Yoast SEO plugin. -->","yoast_head_json":{"title":"ON THE POSSIBILITY OF LOVE - Joonisfilm","robots":{"index":"index","follow":"follow","max-snippet":"max-snippet:-1","max-image-preview":"max-image-preview:large","max-video-preview":"max-video-preview:-1"},"canonical":"https:\/\/joonisfilm.ee\/en\/films\/on-the-possibility-of-love\/","og_locale":"en_US","og_type":"article","og_title":"ON THE POSSIBILITY OF LOVE - Joonisfilm","og_description":"Original title ARMASTUSE V\u00d5IMALIKKUSEST English title ON THE POSSIBILITY OF LOVE \u00a0 \u00a0 Script Author Janno P\u00f5ldma Director Janno P\u00f5ldma Art Director Regina Lukk Composer Sven Gr\u00fcnberg Photography Janno P\u00f5ldma Animators Marje Ale \u00a0 Eda Kurg \u00a0 \u00dclle Metsur \u00a0 Ebe Tramberg \u00a0 Tarmo Vaarmets Sound Design Sven Gr\u00fcnberg Editor Janno P\u00f5ldma Producers Kalev Tamm [&hellip;]","og_url":"https:\/\/joonisfilm.ee\/en\/films\/on-the-possibility-of-love\/","og_site_name":"Joonisfilm","article_publisher":"https:\/\/www.facebook.com\/Joonisfilm\/","article_modified_time":"2024-07-09T08:14:38+00:00","twitter_card":"summary_large_image","twitter_misc":{"Est. reading time":"1 minute"},"schema":{"@context":"https:\/\/schema.org","@graph":[{"@type":"WebPage","@id":"https:\/\/joonisfilm.ee\/en\/films\/on-the-possibility-of-love\/","url":"https:\/\/joonisfilm.ee\/en\/films\/on-the-possibility-of-love\/","name":"ON THE POSSIBILITY OF LOVE - Joonisfilm","isPartOf":{"@id":"https:\/\/joonisfilm.ee\/en\/#website"},"datePublished":"2010-12-02T10:01:51+00:00","dateModified":"2024-07-09T08:14:38+00:00","breadcrumb":{"@id":"https:\/\/joonisfilm.ee\/en\/films\/on-the-possibility-of-love\/#breadcrumb"},"inLanguage":"en-US","potentialAction":[{"@type":"ReadAction","target":["https:\/\/joonisfilm.ee\/en\/films\/on-the-possibility-of-love\/"]}]},{"@type":"BreadcrumbList","@id":"https:\/\/joonisfilm.ee\/en\/films\/on-the-possibility-of-love\/#breadcrumb","itemListElement":[{"@type":"ListItem","position":1,"name":"Home","item":"https:\/\/joonisfilm.ee\/en\/"},{"@type":"ListItem","position":2,"name":"FILMS","item":"https:\/\/joonisfilm.ee\/en\/films\/"},{"@type":"ListItem","position":3,"name":"ON THE POSSIBILITY OF LOVE"}]},{"@type":"WebSite","@id":"https:\/\/joonisfilm.ee\/en\/#website","url":"https:\/\/joonisfilm.ee\/en\/","name":"Joonisfilm","description":"Joonisfilmi koduleht","publisher":{"@id":"https:\/\/joonisfilm.ee\/en\/#organization"},"potentialAction":[{"@type":"SearchAction","target":{"@type":"EntryPoint","urlTemplate":"https:\/\/joonisfilm.ee\/en\/?s={search_term_string}"},"query-input":{"@type":"PropertyValueSpecification","valueRequired":true,"valueName":"search_term_string"}}],"inLanguage":"en-US"},{"@type":"Organization","@id":"https:\/\/joonisfilm.ee\/en\/#organization","name":"EESTI Joonisfilm","url":"https:\/\/joonisfilm.ee\/en\/","logo":{"@type":"ImageObject","inLanguage":"en-US","@id":"https:\/\/joonisfilm.ee\/en\/#\/schema\/logo\/image\/","url":"https:\/\/joonisfilm.ee\/wp-content\/uploads\/2024\/06\/Eesti-Joonisfilm-logo-orig-foon-transparentne.png","contentUrl":"https:\/\/joonisfilm.ee\/wp-content\/uploads\/2024\/06\/Eesti-Joonisfilm-logo-orig-foon-transparentne.png","width":1000,"height":754,"caption":"EESTI Joonisfilm"},"image":{"@id":"https:\/\/joonisfilm.ee\/en\/#\/schema\/logo\/image\/"},"sameAs":["https:\/\/www.facebook.com\/Joonisfilm\/","https:\/\/www.instagram.com\/eesti_joonisfilm\/","https:\/\/www.youtube.com\/channel\/UCOF_pU5vkvtuOsVnE4xjp-A","https:\/\/vimeo.com\/joonisfilm"]}]}},"_links":{"self":[{"href":"https:\/\/joonisfilm.ee\/en\/wp-json\/wp\/v2\/pages\/739","targetHints":{"allow":["GET"]}}],"collection":[{"href":"https:\/\/joonisfilm.ee\/en\/wp-json\/wp\/v2\/pages"}],"about":[{"href":"https:\/\/joonisfilm.ee\/en\/wp-json\/wp\/v2\/types\/page"}],"author":[{"embeddable":true,"href":"https:\/\/joonisfilm.ee\/en\/wp-json\/wp\/v2\/users\/1"}],"replies":[{"embeddable":true,"href":"https:\/\/joonisfilm.ee\/en\/wp-json\/wp\/v2\/comments?post=739"}],"version-history":[{"count":1,"href":"https:\/\/joonisfilm.ee\/en\/wp-json\/wp\/v2\/pages\/739\/revisions"}],"predecessor-version":[{"id":6098,"href":"https:\/\/joonisfilm.ee\/en\/wp-json\/wp\/v2\/pages\/739\/revisions\/6098"}],"up":[{"embeddable":true,"href":"https:\/\/joonisfilm.ee\/en\/wp-json\/wp\/v2\/pages\/55"}],"wp:attachment":[{"href":"https:\/\/joonisfilm.ee\/en\/wp-json\/wp\/v2\/media?parent=739"}],"curies":[{"name":"wp","href":"https:\/\/api.w.org\/{rel}","templated":true}]}}