{"id":835,"date":"2010-12-02T13:03:59","date_gmt":"2010-12-02T13:03:59","guid":{"rendered":"http:\/\/www.joonisfilm.ee\/uus"},"modified":"2024-07-09T08:08:14","modified_gmt":"2024-07-09T08:08:14","slug":"little-lilly","status":"publish","type":"page","link":"https:\/\/joonisfilm.ee\/en\/films\/little-lilly\/","title":{"rendered":"LITTLE LILLY"},"content":{"rendered":"ngg_shortcode_0_placeholder\n<table border=\"0\" class=\"mtr-table mtr-tr-td\">\n<tbody>\n<tr>\n<td data-mtr-content=\"Original title\" class=\"mtr-td-tag\"><div class=\"mtr-cell-content\">Original title<\/div><\/td>\n<td data-mtr-content=\"PLEKKM\u00c4E LIIDI\" class=\"mtr-td-tag\"><div class=\"mtr-cell-content\">PLEKKM\u00c4E LIIDI<\/div><\/td>\n<\/tr>\n<tr>\n<td data-mtr-content=\"Original title\" class=\"mtr-td-tag\"><div class=\"mtr-cell-content\">English title<\/div><\/td>\n<td data-mtr-content=\"PLEKKM\u00c4E LIIDI\" class=\"mtr-td-tag\"><div class=\"mtr-cell-content\">LITTLE LILLY<\/div><\/td>\n<\/tr>\n<tr>\n<td data-mtr-content=\"Original title\" class=\"mtr-td-tag\"><div class=\"mtr-cell-content\"><\/div><\/td>\n<td data-mtr-content=\"PLEKKM\u00c4E LIIDI\" class=\"mtr-td-tag\"><div class=\"mtr-cell-content\"><\/div><\/td>\n<\/tr>\n<tr>\n<td data-mtr-content=\"Original title\" class=\"mtr-td-tag\"><div class=\"mtr-cell-content\">Script Author<\/div><\/td>\n<td data-mtr-content=\"PLEKKM\u00c4E LIIDI\" class=\"mtr-td-tag\"><div class=\"mtr-cell-content\">Mati K\u00fctt<\/div><\/td>\n<\/tr>\n<tr>\n<td data-mtr-content=\"Original title\" class=\"mtr-td-tag\"><div class=\"mtr-cell-content\">Director<\/div><\/td>\n<td data-mtr-content=\"PLEKKM\u00c4E LIIDI\" class=\"mtr-td-tag\"><div class=\"mtr-cell-content\">Mati K\u00fctt<\/div><\/td>\n<\/tr>\n<tr>\n<td data-mtr-content=\"Original title\" class=\"mtr-td-tag\"><div class=\"mtr-cell-content\">Design<\/div><\/td>\n<td data-mtr-content=\"PLEKKM\u00c4E LIIDI\" class=\"mtr-td-tag\"><div class=\"mtr-cell-content\">Mati K\u00fctt<\/div><\/td>\n<\/tr>\n<tr>\n<td data-mtr-content=\"Original title\" class=\"mtr-td-tag\"><div class=\"mtr-cell-content\"><\/div><\/td>\n<td data-mtr-content=\"PLEKKM\u00c4E LIIDI\" class=\"mtr-td-tag\"><div class=\"mtr-cell-content\">Merike Peil<\/div><\/td>\n<\/tr>\n<tr>\n<td data-mtr-content=\"Original title\" class=\"mtr-td-tag\"><div class=\"mtr-cell-content\"><\/div><\/td>\n<td data-mtr-content=\"PLEKKM\u00c4E LIIDI\" class=\"mtr-td-tag\"><div class=\"mtr-cell-content\">Riina K\u00fctt<\/div><\/td>\n<\/tr>\n<tr>\n<td data-mtr-content=\"Original title\" class=\"mtr-td-tag\"><div class=\"mtr-cell-content\">Composer<\/div><\/td>\n<td data-mtr-content=\"PLEKKM\u00c4E LIIDI\" class=\"mtr-td-tag\"><div class=\"mtr-cell-content\">Rauno Remme<\/div><\/td>\n<\/tr>\n<tr>\n<td data-mtr-content=\"Original title\" class=\"mtr-td-tag\"><div class=\"mtr-cell-content\">Photography<\/div><\/td>\n<td data-mtr-content=\"PLEKKM\u00c4E LIIDI\" class=\"mtr-td-tag\"><div class=\"mtr-cell-content\">Ruth-Helene Kaasik<\/div><\/td>\n<\/tr>\n<tr>\n<td data-mtr-content=\"Original title\" class=\"mtr-td-tag\"><div class=\"mtr-cell-content\">Animators<\/div><\/td>\n<td data-mtr-content=\"PLEKKM\u00c4E LIIDI\" class=\"mtr-td-tag\"><div class=\"mtr-cell-content\">Marje Ale<\/div><\/td>\n<\/tr>\n<tr>\n<td data-mtr-content=\"Original title\" class=\"mtr-td-tag\"><div class=\"mtr-cell-content\"><\/div><\/td>\n<td data-mtr-content=\"PLEKKM\u00c4E LIIDI\" class=\"mtr-td-tag\"><div class=\"mtr-cell-content\">\u00dclle Metsur<\/div><\/td>\n<\/tr>\n<tr>\n<td data-mtr-content=\"Original title\" class=\"mtr-td-tag\"><div class=\"mtr-cell-content\"><\/div><\/td>\n<td data-mtr-content=\"PLEKKM\u00c4E LIIDI\" class=\"mtr-td-tag\"><div class=\"mtr-cell-content\">Tiina M\u00e4nd<\/div><\/td>\n<\/tr>\n<tr>\n<td data-mtr-content=\"Original title\" class=\"mtr-td-tag\"><div class=\"mtr-cell-content\"><\/div><\/td>\n<td data-mtr-content=\"PLEKKM\u00c4E LIIDI\" class=\"mtr-td-tag\"><div class=\"mtr-cell-content\">Evelin Temmin<\/div><\/td>\n<\/tr>\n<tr>\n<td data-mtr-content=\"Original title\" class=\"mtr-td-tag\"><div class=\"mtr-cell-content\"><\/div><\/td>\n<td data-mtr-content=\"PLEKKM\u00c4E LIIDI\" class=\"mtr-td-tag\"><div class=\"mtr-cell-content\">Maigi Tross<\/div><\/td>\n<\/tr>\n<tr>\n<td data-mtr-content=\"Original title\" class=\"mtr-td-tag\"><div class=\"mtr-cell-content\"><\/div><\/td>\n<td data-mtr-content=\"PLEKKM\u00c4E LIIDI\" class=\"mtr-td-tag\"><div class=\"mtr-cell-content\">Tarmo Vaarmets<\/div><\/td>\n<\/tr>\n<tr>\n<td data-mtr-content=\"Original title\" class=\"mtr-td-tag\"><div class=\"mtr-cell-content\"><\/div><\/td>\n<td data-mtr-content=\"PLEKKM\u00c4E LIIDI\" class=\"mtr-td-tag\"><div class=\"mtr-cell-content\">Margus L\u00f5vi<\/div><\/td>\n<\/tr>\n<tr>\n<td data-mtr-content=\"Original title\" class=\"mtr-td-tag\"><div class=\"mtr-cell-content\"><\/div><\/td>\n<td data-mtr-content=\"PLEKKM\u00c4E LIIDI\" class=\"mtr-td-tag\"><div class=\"mtr-cell-content\">Riina K\u00fctt<\/div><\/td>\n<\/tr>\n<tr>\n<td data-mtr-content=\"Original title\" class=\"mtr-td-tag\"><div class=\"mtr-cell-content\"><\/div><\/td>\n<td data-mtr-content=\"PLEKKM\u00c4E LIIDI\" class=\"mtr-td-tag\"><div class=\"mtr-cell-content\">Eda Kurg<\/div><\/td>\n<\/tr>\n<tr>\n<td data-mtr-content=\"Original title\" class=\"mtr-td-tag\"><div class=\"mtr-cell-content\">Cast<\/div><\/td>\n<td data-mtr-content=\"PLEKKM\u00c4E LIIDI\" class=\"mtr-td-tag\"><div class=\"mtr-cell-content\">Kristel K\u00fctt<\/div><\/td>\n<\/tr>\n<tr>\n<td data-mtr-content=\"Original title\" class=\"mtr-td-tag\"><div class=\"mtr-cell-content\"><\/div><\/td>\n<td data-mtr-content=\"PLEKKM\u00c4E LIIDI\" class=\"mtr-td-tag\"><div class=\"mtr-cell-content\">Viire Valdma<\/div><\/td>\n<\/tr>\n<tr>\n<td data-mtr-content=\"Original title\" class=\"mtr-td-tag\"><div class=\"mtr-cell-content\"><\/div><\/td>\n<td data-mtr-content=\"PLEKKM\u00c4E LIIDI\" class=\"mtr-td-tag\"><div class=\"mtr-cell-content\">Peeter Oja<\/div><\/td>\n<\/tr>\n<tr>\n<td data-mtr-content=\"Original title\" class=\"mtr-td-tag\"><div class=\"mtr-cell-content\"><\/div><\/td>\n<td data-mtr-content=\"PLEKKM\u00c4E LIIDI\" class=\"mtr-td-tag\"><div class=\"mtr-cell-content\">Mihkel Smeljanski<\/div><\/td>\n<\/tr>\n<tr>\n<td data-mtr-content=\"Original title\" class=\"mtr-td-tag\"><div class=\"mtr-cell-content\"><\/div><\/td>\n<td data-mtr-content=\"PLEKKM\u00c4E LIIDI\" class=\"mtr-td-tag\"><div class=\"mtr-cell-content\">J\u00fcri Vlassov<\/div><\/td>\n<\/tr>\n<tr>\n<td data-mtr-content=\"Original title\" class=\"mtr-td-tag\"><div class=\"mtr-cell-content\"><\/div><\/td>\n<td data-mtr-content=\"PLEKKM\u00c4E LIIDI\" class=\"mtr-td-tag\"><div class=\"mtr-cell-content\">Lauri Leesi<\/div><\/td>\n<\/tr>\n<tr>\n<td data-mtr-content=\"Original title\" class=\"mtr-td-tag\"><div class=\"mtr-cell-content\"><\/div><\/td>\n<td data-mtr-content=\"PLEKKM\u00c4E LIIDI\" class=\"mtr-td-tag\"><div class=\"mtr-cell-content\">Peter Herzog<\/div><\/td>\n<\/tr>\n<tr>\n<td data-mtr-content=\"Original title\" class=\"mtr-td-tag\"><div class=\"mtr-cell-content\">Sound Design<\/div><\/td>\n<td data-mtr-content=\"PLEKKM\u00c4E LIIDI\" class=\"mtr-td-tag\"><div class=\"mtr-cell-content\">Jaak Elling<\/div><\/td>\n<\/tr>\n<tr>\n<td data-mtr-content=\"Original title\" class=\"mtr-td-tag\"><div class=\"mtr-cell-content\">Editor<\/div><\/td>\n<td data-mtr-content=\"PLEKKM\u00c4E LIIDI\" class=\"mtr-td-tag\"><div class=\"mtr-cell-content\">Irja M\u00fc\u00fcr<\/div><\/td>\n<\/tr>\n<tr>\n<td data-mtr-content=\"Original title\" class=\"mtr-td-tag\"><div class=\"mtr-cell-content\">Producers<\/div><\/td>\n<td data-mtr-content=\"PLEKKM\u00c4E LIIDI\" class=\"mtr-td-tag\"><div class=\"mtr-cell-content\">Kalev Tamm<\/div><\/td>\n<\/tr>\n<tr>\n<td data-mtr-content=\"Original title\" class=\"mtr-td-tag\"><div class=\"mtr-cell-content\"><\/div><\/td>\n<td data-mtr-content=\"PLEKKM\u00c4E LIIDI\" class=\"mtr-td-tag\"><div class=\"mtr-cell-content\">Linda Sade<\/div><\/td>\n<\/tr>\n<\/tbody>\n<\/table>\n<p>\u00a9 1995 Eesti Joonisfilm<br \/>\n15\u201940\u2033 \/ 35mm\/ 1,37:1 \/ 2 reels \/ 433,8m \/ Beta SP 4:3 \/ colour \/ mono<\/p>\n<p>Adults have labelled everything in this world into good and bad, useful and unnecessary. Flies, for example, are an extremely boring and unpleasant phenomena, better to be killed off. Little Lilly has decided to stand up for the flies. She even presents a scientific tractata, arguing pro and contra. In protest against her father\u2019s activities Lilly starts a hunger strike. In result the little girl becomes even less, falls into the vacuum cleaner, from there to dump and rather perilous situations. But then, it is the flies who come among others to save the girl and a happy ending of the film.<\/p>\n<p><em>Production of this film supported by<\/em><br \/>\nESTONIAN MINISTRY OF CULTURE<\/p>\n","protected":false},"excerpt":{"rendered":"<p>Original title PLEKKM\u00c4E LIIDI English title LITTLE LILLY Script Author Mati K\u00fctt Director Mati K\u00fctt Design Mati K\u00fctt Merike Peil Riina K\u00fctt Composer Rauno Remme Photography Ruth-Helene Kaasik Animators Marje Ale \u00dclle Metsur Tiina M\u00e4nd Evelin Temmin Maigi Tross Tarmo Vaarmets Margus L\u00f5vi Riina K\u00fctt Eda Kurg Cast Kristel K\u00fctt Viire Valdma Peeter Oja Mihkel [&hellip;]<\/p>\n","protected":false},"author":1,"featured_media":0,"parent":55,"menu_order":0,"comment_status":"closed","ping_status":"closed","template":"","meta":{"ngg_post_thumbnail":0,"footnotes":""},"class_list":["post-835","page","type-page","status-publish","hentry"],"yoast_head":"<!-- This site is optimized with the Yoast SEO plugin v27.4 - https:\/\/yoast.com\/product\/yoast-seo-wordpress\/ -->\n<title>LITTLE LILLY - Joonisfilm<\/title>\n<meta name=\"robots\" content=\"index, follow, max-snippet:-1, max-image-preview:large, max-video-preview:-1\" \/>\n<link rel=\"canonical\" href=\"https:\/\/joonisfilm.ee\/en\/films\/little-lilly\/\" \/>\n<meta property=\"og:locale\" content=\"en_US\" \/>\n<meta property=\"og:type\" content=\"article\" \/>\n<meta property=\"og:title\" content=\"LITTLE LILLY - Joonisfilm\" \/>\n<meta property=\"og:description\" content=\"Original title PLEKKM\u00c4E LIIDI English title LITTLE LILLY Script Author Mati K\u00fctt Director Mati K\u00fctt Design Mati K\u00fctt Merike Peil Riina K\u00fctt Composer Rauno Remme Photography Ruth-Helene Kaasik Animators Marje Ale \u00dclle Metsur Tiina M\u00e4nd Evelin Temmin Maigi Tross Tarmo Vaarmets Margus L\u00f5vi Riina K\u00fctt Eda Kurg Cast Kristel K\u00fctt Viire Valdma Peeter Oja Mihkel [&hellip;]\" \/>\n<meta property=\"og:url\" content=\"https:\/\/joonisfilm.ee\/en\/films\/little-lilly\/\" \/>\n<meta property=\"og:site_name\" content=\"Joonisfilm\" \/>\n<meta property=\"article:publisher\" content=\"https:\/\/www.facebook.com\/Joonisfilm\/\" \/>\n<meta property=\"article:modified_time\" content=\"2024-07-09T08:08:14+00:00\" \/>\n<meta name=\"twitter:card\" content=\"summary_large_image\" \/>\n<meta name=\"twitter:label1\" content=\"Est. reading time\" \/>\n\t<meta name=\"twitter:data1\" content=\"1 minute\" \/>\n<script type=\"application\/ld+json\" class=\"yoast-schema-graph\">{\"@context\":\"https:\\\/\\\/schema.org\",\"@graph\":[{\"@type\":\"WebPage\",\"@id\":\"https:\\\/\\\/joonisfilm.ee\\\/en\\\/films\\\/little-lilly\\\/\",\"url\":\"https:\\\/\\\/joonisfilm.ee\\\/en\\\/films\\\/little-lilly\\\/\",\"name\":\"LITTLE LILLY - Joonisfilm\",\"isPartOf\":{\"@id\":\"https:\\\/\\\/joonisfilm.ee\\\/en\\\/#website\"},\"datePublished\":\"2010-12-02T13:03:59+00:00\",\"dateModified\":\"2024-07-09T08:08:14+00:00\",\"breadcrumb\":{\"@id\":\"https:\\\/\\\/joonisfilm.ee\\\/en\\\/films\\\/little-lilly\\\/#breadcrumb\"},\"inLanguage\":\"en-US\",\"potentialAction\":[{\"@type\":\"ReadAction\",\"target\":[\"https:\\\/\\\/joonisfilm.ee\\\/en\\\/films\\\/little-lilly\\\/\"]}]},{\"@type\":\"BreadcrumbList\",\"@id\":\"https:\\\/\\\/joonisfilm.ee\\\/en\\\/films\\\/little-lilly\\\/#breadcrumb\",\"itemListElement\":[{\"@type\":\"ListItem\",\"position\":1,\"name\":\"Home\",\"item\":\"https:\\\/\\\/joonisfilm.ee\\\/en\\\/\"},{\"@type\":\"ListItem\",\"position\":2,\"name\":\"FILMS\",\"item\":\"https:\\\/\\\/joonisfilm.ee\\\/en\\\/films\\\/\"},{\"@type\":\"ListItem\",\"position\":3,\"name\":\"LITTLE LILLY\"}]},{\"@type\":\"WebSite\",\"@id\":\"https:\\\/\\\/joonisfilm.ee\\\/en\\\/#website\",\"url\":\"https:\\\/\\\/joonisfilm.ee\\\/en\\\/\",\"name\":\"Joonisfilm\",\"description\":\"Joonisfilmi koduleht\",\"publisher\":{\"@id\":\"https:\\\/\\\/joonisfilm.ee\\\/en\\\/#organization\"},\"potentialAction\":[{\"@type\":\"SearchAction\",\"target\":{\"@type\":\"EntryPoint\",\"urlTemplate\":\"https:\\\/\\\/joonisfilm.ee\\\/en\\\/?s={search_term_string}\"},\"query-input\":{\"@type\":\"PropertyValueSpecification\",\"valueRequired\":true,\"valueName\":\"search_term_string\"}}],\"inLanguage\":\"en-US\"},{\"@type\":\"Organization\",\"@id\":\"https:\\\/\\\/joonisfilm.ee\\\/en\\\/#organization\",\"name\":\"EESTI Joonisfilm\",\"url\":\"https:\\\/\\\/joonisfilm.ee\\\/en\\\/\",\"logo\":{\"@type\":\"ImageObject\",\"inLanguage\":\"en-US\",\"@id\":\"https:\\\/\\\/joonisfilm.ee\\\/en\\\/#\\\/schema\\\/logo\\\/image\\\/\",\"url\":\"https:\\\/\\\/joonisfilm.ee\\\/wp-content\\\/uploads\\\/2024\\\/06\\\/Eesti-Joonisfilm-logo-orig-foon-transparentne.png\",\"contentUrl\":\"https:\\\/\\\/joonisfilm.ee\\\/wp-content\\\/uploads\\\/2024\\\/06\\\/Eesti-Joonisfilm-logo-orig-foon-transparentne.png\",\"width\":1000,\"height\":754,\"caption\":\"EESTI Joonisfilm\"},\"image\":{\"@id\":\"https:\\\/\\\/joonisfilm.ee\\\/en\\\/#\\\/schema\\\/logo\\\/image\\\/\"},\"sameAs\":[\"https:\\\/\\\/www.facebook.com\\\/Joonisfilm\\\/\",\"https:\\\/\\\/www.instagram.com\\\/eesti_joonisfilm\\\/\",\"https:\\\/\\\/www.youtube.com\\\/channel\\\/UCOF_pU5vkvtuOsVnE4xjp-A\",\"https:\\\/\\\/vimeo.com\\\/joonisfilm\"]}]}<\/script>\n<!-- \/ Yoast SEO plugin. -->","yoast_head_json":{"title":"LITTLE LILLY - Joonisfilm","robots":{"index":"index","follow":"follow","max-snippet":"max-snippet:-1","max-image-preview":"max-image-preview:large","max-video-preview":"max-video-preview:-1"},"canonical":"https:\/\/joonisfilm.ee\/en\/films\/little-lilly\/","og_locale":"en_US","og_type":"article","og_title":"LITTLE LILLY - Joonisfilm","og_description":"Original title PLEKKM\u00c4E LIIDI English title LITTLE LILLY Script Author Mati K\u00fctt Director Mati K\u00fctt Design Mati K\u00fctt Merike Peil Riina K\u00fctt Composer Rauno Remme Photography Ruth-Helene Kaasik Animators Marje Ale \u00dclle Metsur Tiina M\u00e4nd Evelin Temmin Maigi Tross Tarmo Vaarmets Margus L\u00f5vi Riina K\u00fctt Eda Kurg Cast Kristel K\u00fctt Viire Valdma Peeter Oja Mihkel [&hellip;]","og_url":"https:\/\/joonisfilm.ee\/en\/films\/little-lilly\/","og_site_name":"Joonisfilm","article_publisher":"https:\/\/www.facebook.com\/Joonisfilm\/","article_modified_time":"2024-07-09T08:08:14+00:00","twitter_card":"summary_large_image","twitter_misc":{"Est. reading time":"1 minute"},"schema":{"@context":"https:\/\/schema.org","@graph":[{"@type":"WebPage","@id":"https:\/\/joonisfilm.ee\/en\/films\/little-lilly\/","url":"https:\/\/joonisfilm.ee\/en\/films\/little-lilly\/","name":"LITTLE LILLY - Joonisfilm","isPartOf":{"@id":"https:\/\/joonisfilm.ee\/en\/#website"},"datePublished":"2010-12-02T13:03:59+00:00","dateModified":"2024-07-09T08:08:14+00:00","breadcrumb":{"@id":"https:\/\/joonisfilm.ee\/en\/films\/little-lilly\/#breadcrumb"},"inLanguage":"en-US","potentialAction":[{"@type":"ReadAction","target":["https:\/\/joonisfilm.ee\/en\/films\/little-lilly\/"]}]},{"@type":"BreadcrumbList","@id":"https:\/\/joonisfilm.ee\/en\/films\/little-lilly\/#breadcrumb","itemListElement":[{"@type":"ListItem","position":1,"name":"Home","item":"https:\/\/joonisfilm.ee\/en\/"},{"@type":"ListItem","position":2,"name":"FILMS","item":"https:\/\/joonisfilm.ee\/en\/films\/"},{"@type":"ListItem","position":3,"name":"LITTLE LILLY"}]},{"@type":"WebSite","@id":"https:\/\/joonisfilm.ee\/en\/#website","url":"https:\/\/joonisfilm.ee\/en\/","name":"Joonisfilm","description":"Joonisfilmi koduleht","publisher":{"@id":"https:\/\/joonisfilm.ee\/en\/#organization"},"potentialAction":[{"@type":"SearchAction","target":{"@type":"EntryPoint","urlTemplate":"https:\/\/joonisfilm.ee\/en\/?s={search_term_string}"},"query-input":{"@type":"PropertyValueSpecification","valueRequired":true,"valueName":"search_term_string"}}],"inLanguage":"en-US"},{"@type":"Organization","@id":"https:\/\/joonisfilm.ee\/en\/#organization","name":"EESTI Joonisfilm","url":"https:\/\/joonisfilm.ee\/en\/","logo":{"@type":"ImageObject","inLanguage":"en-US","@id":"https:\/\/joonisfilm.ee\/en\/#\/schema\/logo\/image\/","url":"https:\/\/joonisfilm.ee\/wp-content\/uploads\/2024\/06\/Eesti-Joonisfilm-logo-orig-foon-transparentne.png","contentUrl":"https:\/\/joonisfilm.ee\/wp-content\/uploads\/2024\/06\/Eesti-Joonisfilm-logo-orig-foon-transparentne.png","width":1000,"height":754,"caption":"EESTI Joonisfilm"},"image":{"@id":"https:\/\/joonisfilm.ee\/en\/#\/schema\/logo\/image\/"},"sameAs":["https:\/\/www.facebook.com\/Joonisfilm\/","https:\/\/www.instagram.com\/eesti_joonisfilm\/","https:\/\/www.youtube.com\/channel\/UCOF_pU5vkvtuOsVnE4xjp-A","https:\/\/vimeo.com\/joonisfilm"]}]}},"_links":{"self":[{"href":"https:\/\/joonisfilm.ee\/en\/wp-json\/wp\/v2\/pages\/835","targetHints":{"allow":["GET"]}}],"collection":[{"href":"https:\/\/joonisfilm.ee\/en\/wp-json\/wp\/v2\/pages"}],"about":[{"href":"https:\/\/joonisfilm.ee\/en\/wp-json\/wp\/v2\/types\/page"}],"author":[{"embeddable":true,"href":"https:\/\/joonisfilm.ee\/en\/wp-json\/wp\/v2\/users\/1"}],"replies":[{"embeddable":true,"href":"https:\/\/joonisfilm.ee\/en\/wp-json\/wp\/v2\/comments?post=835"}],"version-history":[{"count":1,"href":"https:\/\/joonisfilm.ee\/en\/wp-json\/wp\/v2\/pages\/835\/revisions"}],"predecessor-version":[{"id":6079,"href":"https:\/\/joonisfilm.ee\/en\/wp-json\/wp\/v2\/pages\/835\/revisions\/6079"}],"up":[{"embeddable":true,"href":"https:\/\/joonisfilm.ee\/en\/wp-json\/wp\/v2\/pages\/55"}],"wp:attachment":[{"href":"https:\/\/joonisfilm.ee\/en\/wp-json\/wp\/v2\/media?parent=835"}],"curies":[{"name":"wp","href":"https:\/\/api.w.org\/{rel}","templated":true}]}}