{"id":863,"date":"2010-12-02T15:41:52","date_gmt":"2010-12-02T15:41:52","guid":{"rendered":"http:\/\/www.joonisfilm.ee"},"modified":"2024-07-09T08:37:35","modified_gmt":"2024-07-09T08:37:35","slug":"the-maggot-feeder","status":"publish","type":"page","link":"https:\/\/joonisfilm.ee\/en\/films\/the-maggot-feeder\/","title":{"rendered":"THE MAGGOT FEEDER"},"content":{"rendered":"ngg_shortcode_0_placeholder\n<table border=\"0\" class=\"mtr-table mtr-tr-td\">\n<tbody>\n<tr>\n<td data-mtr-content=\"Original title\" class=\"mtr-td-tag\"><div class=\"mtr-cell-content\">Original title<\/div><\/td>\n<td data-mtr-content=\"USSINUUMAJA\" class=\"mtr-td-tag\"><div class=\"mtr-cell-content\">USSINUUMAJA<\/div><\/td>\n<\/tr>\n<tr>\n<td data-mtr-content=\"Original title\" class=\"mtr-td-tag\"><div class=\"mtr-cell-content\">English title<\/div><\/td>\n<td data-mtr-content=\"USSINUUMAJA\" class=\"mtr-td-tag\"><div class=\"mtr-cell-content\">THE MAGGOT FEEDER<\/div><\/td>\n<\/tr>\n<tr>\n<td data-mtr-content=\"Original title\" class=\"mtr-td-tag\"><div class=\"mtr-cell-content\"><\/div><\/td>\n<td data-mtr-content=\"USSINUUMAJA\" class=\"mtr-td-tag\"><div class=\"mtr-cell-content\"><\/div><\/td>\n<\/tr>\n<tr>\n<td data-mtr-content=\"Original title\" class=\"mtr-td-tag\"><div class=\"mtr-cell-content\">Script Author<\/div><\/td>\n<td data-mtr-content=\"USSINUUMAJA\" class=\"mtr-td-tag\"><div class=\"mtr-cell-content\">Priit Tender<\/div><\/td>\n<\/tr>\n<tr>\n<td data-mtr-content=\"Original title\" class=\"mtr-td-tag\"><div class=\"mtr-cell-content\">Director<\/div><\/td>\n<td data-mtr-content=\"USSINUUMAJA\" class=\"mtr-td-tag\"><div class=\"mtr-cell-content\">Priit Tender<\/div><\/td>\n<\/tr>\n<tr>\n<td data-mtr-content=\"Original title\" class=\"mtr-td-tag\"><div class=\"mtr-cell-content\">Art Director<\/div><\/td>\n<td data-mtr-content=\"USSINUUMAJA\" class=\"mtr-td-tag\"><div class=\"mtr-cell-content\">Priit Tender<\/div><\/td>\n<\/tr>\n<tr>\n<td data-mtr-content=\"Original title\" class=\"mtr-td-tag\"><div class=\"mtr-cell-content\">Composer<\/div><\/td>\n<td data-mtr-content=\"USSINUUMAJA\" class=\"mtr-td-tag\"><div class=\"mtr-cell-content\">Olga Letykai<\/div><\/td>\n<\/tr>\n<tr>\n<td data-mtr-content=\"Original title\" class=\"mtr-td-tag\"><div class=\"mtr-cell-content\">Digital Animation Compositors<\/div><\/td>\n<td data-mtr-content=\"USSINUUMAJA\" class=\"mtr-td-tag\"><div class=\"mtr-cell-content\">Tauno \u00d6\u00f6bik<\/div><\/td>\n<\/tr>\n<tr>\n<td data-mtr-content=\"Original title\" class=\"mtr-td-tag\"><div class=\"mtr-cell-content\"><\/div><\/td>\n<td data-mtr-content=\"USSINUUMAJA\" class=\"mtr-td-tag\"><div class=\"mtr-cell-content\">Marje-Ly Liiv<\/div><\/td>\n<\/tr>\n<tr>\n<td data-mtr-content=\"Original title\" class=\"mtr-td-tag\"><div class=\"mtr-cell-content\">Animators<\/div><\/td>\n<td data-mtr-content=\"USSINUUMAJA\" class=\"mtr-td-tag\"><div class=\"mtr-cell-content\">Marje Ale<\/div><\/td>\n<\/tr>\n<tr>\n<td data-mtr-content=\"Original title\" class=\"mtr-td-tag\"><div class=\"mtr-cell-content\"><\/div><\/td>\n<td data-mtr-content=\"USSINUUMAJA\" class=\"mtr-td-tag\"><div class=\"mtr-cell-content\">Karina Golovin<\/div><\/td>\n<\/tr>\n<tr>\n<td data-mtr-content=\"Original title\" class=\"mtr-td-tag\"><div class=\"mtr-cell-content\"><\/div><\/td>\n<td data-mtr-content=\"USSINUUMAJA\" class=\"mtr-td-tag\"><div class=\"mtr-cell-content\">\u00dclle Metsur<\/div><\/td>\n<\/tr>\n<tr>\n<td data-mtr-content=\"Original title\" class=\"mtr-td-tag\"><div class=\"mtr-cell-content\"><\/div><\/td>\n<td data-mtr-content=\"USSINUUMAJA\" class=\"mtr-td-tag\"><div class=\"mtr-cell-content\">Tarmo Vaarmets<\/div><\/td>\n<\/tr>\n<tr>\n<td data-mtr-content=\"Original title\" class=\"mtr-td-tag\"><div class=\"mtr-cell-content\">3D Animators<\/div><\/td>\n<td data-mtr-content=\"USSINUUMAJA\" class=\"mtr-td-tag\"><div class=\"mtr-cell-content\">Jaagup Metsalu<\/div><\/td>\n<\/tr>\n<tr>\n<td data-mtr-content=\"Original title\" class=\"mtr-td-tag\"><div class=\"mtr-cell-content\"><\/div><\/td>\n<td data-mtr-content=\"USSINUUMAJA\" class=\"mtr-td-tag\"><div class=\"mtr-cell-content\">Tauno \u00d6\u00f6bik<\/div><\/td>\n<\/tr>\n<tr>\n<td data-mtr-content=\"Original title\" class=\"mtr-td-tag\"><div class=\"mtr-cell-content\">Actors<\/div><\/td>\n<td data-mtr-content=\"USSINUUMAJA\" class=\"mtr-td-tag\"><div class=\"mtr-cell-content\">Taavi Eelmaa<\/div><\/td>\n<\/tr>\n<tr>\n<td data-mtr-content=\"Original title\" class=\"mtr-td-tag\"><div class=\"mtr-cell-content\"><\/div><\/td>\n<td data-mtr-content=\"USSINUUMAJA\" class=\"mtr-td-tag\"><div class=\"mtr-cell-content\">Elina Reinold<\/div><\/td>\n<\/tr>\n<tr>\n<td data-mtr-content=\"Original title\" class=\"mtr-td-tag\"><div class=\"mtr-cell-content\"><\/div><\/td>\n<td data-mtr-content=\"USSINUUMAJA\" class=\"mtr-td-tag\"><div class=\"mtr-cell-content\">Mari Tamm<\/div><\/td>\n<\/tr>\n<tr>\n<td data-mtr-content=\"Original title\" class=\"mtr-td-tag\"><div class=\"mtr-cell-content\">Narrator<\/div><\/td>\n<td data-mtr-content=\"USSINUUMAJA\" class=\"mtr-td-tag\"><div class=\"mtr-cell-content\">\u00dclle Kaljuste<\/div><\/td>\n<\/tr>\n<tr>\n<td data-mtr-content=\"Original title\" class=\"mtr-td-tag\"><div class=\"mtr-cell-content\">Sound Design<\/div><\/td>\n<td data-mtr-content=\"USSINUUMAJA\" class=\"mtr-td-tag\"><div class=\"mtr-cell-content\">Horret  Kuus<\/div><\/td>\n<\/tr>\n<tr>\n<td data-mtr-content=\"Original title\" class=\"mtr-td-tag\"><div class=\"mtr-cell-content\">Editor<\/div><\/td>\n<td data-mtr-content=\"USSINUUMAJA\" class=\"mtr-td-tag\"><div class=\"mtr-cell-content\">Priit Tender<\/div><\/td>\n<\/tr>\n<tr>\n<td data-mtr-content=\"Original title\" class=\"mtr-td-tag\"><div class=\"mtr-cell-content\">Producer<\/div><\/td>\n<td data-mtr-content=\"USSINUUMAJA\" class=\"mtr-td-tag\"><div class=\"mtr-cell-content\">Kalev Tamm<\/div><\/td>\n<\/tr>\n<\/tbody>\n<\/table>\n<p>\u00a9 2012 Eesti Joonisfilm<br \/>\n15&#8217;28&#8221; \/ 35mm \/ 1,85:1 \/ 1 reel \/ 446,2 \/ Beta SP 16:9 \/ HD Cam \/ colour \/ Dolby Surround<\/p>\n<p>A man decides to kill his wife because she can&#8217;t have children. He builds a stone house on the seashore and starts to grow maggots in it. When the maggots are as thick as a wrist, he invites his wife for a walk on the beach&#8230;<br \/>\n<em>The Maggot Feeder<\/em> is an ancient Chukchi folk tale. It takes us on a journey to the darkest alleys of the human mind.<\/p>\n<p>Trailer:\u00a0<a href=\"https:\/\/vimeo.com\/86000841 \" target=\"_blank\" rel=\"noopener\">https:\/\/vimeo.com\/86000841<\/a><\/p>\n<p><em>Film production supported by<br \/>\n<\/em>ESTONIAN FILM FOUNDATION<br \/>\nESTONIAN CULTURAL ENDOWMENT<br \/>\n<em><\/em><\/p>\n","protected":false},"excerpt":{"rendered":"<p>Original title USSINUUMAJA English title THE MAGGOT FEEDER Script Author Priit Tender Director Priit Tender Art Director Priit Tender Composer Olga Letykai Digital Animation Compositors Tauno \u00d6\u00f6bik Marje-Ly Liiv Animators Marje Ale Karina Golovin \u00dclle Metsur Tarmo Vaarmets 3D Animators Jaagup Metsalu Tauno \u00d6\u00f6bik Actors Taavi Eelmaa Elina Reinold Mari Tamm Narrator \u00dclle Kaljuste Sound [&hellip;]<\/p>\n","protected":false},"author":1,"featured_media":0,"parent":55,"menu_order":0,"comment_status":"closed","ping_status":"closed","template":"","meta":{"ngg_post_thumbnail":0,"footnotes":""},"class_list":["post-863","page","type-page","status-publish","hentry"],"yoast_head":"<!-- This site is optimized with the Yoast SEO plugin v27.4 - https:\/\/yoast.com\/product\/yoast-seo-wordpress\/ -->\n<title>THE MAGGOT FEEDER - Joonisfilm<\/title>\n<meta name=\"robots\" content=\"index, follow, max-snippet:-1, max-image-preview:large, max-video-preview:-1\" \/>\n<link rel=\"canonical\" href=\"https:\/\/joonisfilm.ee\/en\/films\/the-maggot-feeder\/\" \/>\n<meta property=\"og:locale\" content=\"en_US\" \/>\n<meta property=\"og:type\" content=\"article\" \/>\n<meta property=\"og:title\" content=\"THE MAGGOT FEEDER - Joonisfilm\" \/>\n<meta property=\"og:description\" content=\"Original title USSINUUMAJA English title THE MAGGOT FEEDER Script Author Priit Tender Director Priit Tender Art Director Priit Tender Composer Olga Letykai Digital Animation Compositors Tauno \u00d6\u00f6bik Marje-Ly Liiv Animators Marje Ale Karina Golovin \u00dclle Metsur Tarmo Vaarmets 3D Animators Jaagup Metsalu Tauno \u00d6\u00f6bik Actors Taavi Eelmaa Elina Reinold Mari Tamm Narrator \u00dclle Kaljuste Sound [&hellip;]\" \/>\n<meta property=\"og:url\" content=\"https:\/\/joonisfilm.ee\/en\/films\/the-maggot-feeder\/\" \/>\n<meta property=\"og:site_name\" content=\"Joonisfilm\" \/>\n<meta property=\"article:publisher\" content=\"https:\/\/www.facebook.com\/Joonisfilm\/\" \/>\n<meta property=\"article:modified_time\" content=\"2024-07-09T08:37:35+00:00\" \/>\n<meta name=\"twitter:card\" content=\"summary_large_image\" \/>\n<meta name=\"twitter:label1\" content=\"Est. reading time\" \/>\n\t<meta name=\"twitter:data1\" content=\"1 minute\" \/>\n<script type=\"application\/ld+json\" class=\"yoast-schema-graph\">{\"@context\":\"https:\\\/\\\/schema.org\",\"@graph\":[{\"@type\":\"WebPage\",\"@id\":\"https:\\\/\\\/joonisfilm.ee\\\/en\\\/films\\\/the-maggot-feeder\\\/\",\"url\":\"https:\\\/\\\/joonisfilm.ee\\\/en\\\/films\\\/the-maggot-feeder\\\/\",\"name\":\"THE MAGGOT FEEDER - Joonisfilm\",\"isPartOf\":{\"@id\":\"https:\\\/\\\/joonisfilm.ee\\\/en\\\/#website\"},\"datePublished\":\"2010-12-02T15:41:52+00:00\",\"dateModified\":\"2024-07-09T08:37:35+00:00\",\"breadcrumb\":{\"@id\":\"https:\\\/\\\/joonisfilm.ee\\\/en\\\/films\\\/the-maggot-feeder\\\/#breadcrumb\"},\"inLanguage\":\"en-US\",\"potentialAction\":[{\"@type\":\"ReadAction\",\"target\":[\"https:\\\/\\\/joonisfilm.ee\\\/en\\\/films\\\/the-maggot-feeder\\\/\"]}]},{\"@type\":\"BreadcrumbList\",\"@id\":\"https:\\\/\\\/joonisfilm.ee\\\/en\\\/films\\\/the-maggot-feeder\\\/#breadcrumb\",\"itemListElement\":[{\"@type\":\"ListItem\",\"position\":1,\"name\":\"Home\",\"item\":\"https:\\\/\\\/joonisfilm.ee\\\/en\\\/\"},{\"@type\":\"ListItem\",\"position\":2,\"name\":\"FILMS\",\"item\":\"https:\\\/\\\/joonisfilm.ee\\\/en\\\/films\\\/\"},{\"@type\":\"ListItem\",\"position\":3,\"name\":\"THE MAGGOT FEEDER\"}]},{\"@type\":\"WebSite\",\"@id\":\"https:\\\/\\\/joonisfilm.ee\\\/en\\\/#website\",\"url\":\"https:\\\/\\\/joonisfilm.ee\\\/en\\\/\",\"name\":\"Joonisfilm\",\"description\":\"Joonisfilmi koduleht\",\"publisher\":{\"@id\":\"https:\\\/\\\/joonisfilm.ee\\\/en\\\/#organization\"},\"potentialAction\":[{\"@type\":\"SearchAction\",\"target\":{\"@type\":\"EntryPoint\",\"urlTemplate\":\"https:\\\/\\\/joonisfilm.ee\\\/en\\\/?s={search_term_string}\"},\"query-input\":{\"@type\":\"PropertyValueSpecification\",\"valueRequired\":true,\"valueName\":\"search_term_string\"}}],\"inLanguage\":\"en-US\"},{\"@type\":\"Organization\",\"@id\":\"https:\\\/\\\/joonisfilm.ee\\\/en\\\/#organization\",\"name\":\"EESTI Joonisfilm\",\"url\":\"https:\\\/\\\/joonisfilm.ee\\\/en\\\/\",\"logo\":{\"@type\":\"ImageObject\",\"inLanguage\":\"en-US\",\"@id\":\"https:\\\/\\\/joonisfilm.ee\\\/en\\\/#\\\/schema\\\/logo\\\/image\\\/\",\"url\":\"https:\\\/\\\/joonisfilm.ee\\\/wp-content\\\/uploads\\\/2024\\\/06\\\/Eesti-Joonisfilm-logo-orig-foon-transparentne.png\",\"contentUrl\":\"https:\\\/\\\/joonisfilm.ee\\\/wp-content\\\/uploads\\\/2024\\\/06\\\/Eesti-Joonisfilm-logo-orig-foon-transparentne.png\",\"width\":1000,\"height\":754,\"caption\":\"EESTI Joonisfilm\"},\"image\":{\"@id\":\"https:\\\/\\\/joonisfilm.ee\\\/en\\\/#\\\/schema\\\/logo\\\/image\\\/\"},\"sameAs\":[\"https:\\\/\\\/www.facebook.com\\\/Joonisfilm\\\/\",\"https:\\\/\\\/www.instagram.com\\\/eesti_joonisfilm\\\/\",\"https:\\\/\\\/www.youtube.com\\\/channel\\\/UCOF_pU5vkvtuOsVnE4xjp-A\",\"https:\\\/\\\/vimeo.com\\\/joonisfilm\"]}]}<\/script>\n<!-- \/ Yoast SEO plugin. -->","yoast_head_json":{"title":"THE MAGGOT FEEDER - Joonisfilm","robots":{"index":"index","follow":"follow","max-snippet":"max-snippet:-1","max-image-preview":"max-image-preview:large","max-video-preview":"max-video-preview:-1"},"canonical":"https:\/\/joonisfilm.ee\/en\/films\/the-maggot-feeder\/","og_locale":"en_US","og_type":"article","og_title":"THE MAGGOT FEEDER - Joonisfilm","og_description":"Original title USSINUUMAJA English title THE MAGGOT FEEDER Script Author Priit Tender Director Priit Tender Art Director Priit Tender Composer Olga Letykai Digital Animation Compositors Tauno \u00d6\u00f6bik Marje-Ly Liiv Animators Marje Ale Karina Golovin \u00dclle Metsur Tarmo Vaarmets 3D Animators Jaagup Metsalu Tauno \u00d6\u00f6bik Actors Taavi Eelmaa Elina Reinold Mari Tamm Narrator \u00dclle Kaljuste Sound [&hellip;]","og_url":"https:\/\/joonisfilm.ee\/en\/films\/the-maggot-feeder\/","og_site_name":"Joonisfilm","article_publisher":"https:\/\/www.facebook.com\/Joonisfilm\/","article_modified_time":"2024-07-09T08:37:35+00:00","twitter_card":"summary_large_image","twitter_misc":{"Est. reading time":"1 minute"},"schema":{"@context":"https:\/\/schema.org","@graph":[{"@type":"WebPage","@id":"https:\/\/joonisfilm.ee\/en\/films\/the-maggot-feeder\/","url":"https:\/\/joonisfilm.ee\/en\/films\/the-maggot-feeder\/","name":"THE MAGGOT FEEDER - Joonisfilm","isPartOf":{"@id":"https:\/\/joonisfilm.ee\/en\/#website"},"datePublished":"2010-12-02T15:41:52+00:00","dateModified":"2024-07-09T08:37:35+00:00","breadcrumb":{"@id":"https:\/\/joonisfilm.ee\/en\/films\/the-maggot-feeder\/#breadcrumb"},"inLanguage":"en-US","potentialAction":[{"@type":"ReadAction","target":["https:\/\/joonisfilm.ee\/en\/films\/the-maggot-feeder\/"]}]},{"@type":"BreadcrumbList","@id":"https:\/\/joonisfilm.ee\/en\/films\/the-maggot-feeder\/#breadcrumb","itemListElement":[{"@type":"ListItem","position":1,"name":"Home","item":"https:\/\/joonisfilm.ee\/en\/"},{"@type":"ListItem","position":2,"name":"FILMS","item":"https:\/\/joonisfilm.ee\/en\/films\/"},{"@type":"ListItem","position":3,"name":"THE MAGGOT FEEDER"}]},{"@type":"WebSite","@id":"https:\/\/joonisfilm.ee\/en\/#website","url":"https:\/\/joonisfilm.ee\/en\/","name":"Joonisfilm","description":"Joonisfilmi koduleht","publisher":{"@id":"https:\/\/joonisfilm.ee\/en\/#organization"},"potentialAction":[{"@type":"SearchAction","target":{"@type":"EntryPoint","urlTemplate":"https:\/\/joonisfilm.ee\/en\/?s={search_term_string}"},"query-input":{"@type":"PropertyValueSpecification","valueRequired":true,"valueName":"search_term_string"}}],"inLanguage":"en-US"},{"@type":"Organization","@id":"https:\/\/joonisfilm.ee\/en\/#organization","name":"EESTI Joonisfilm","url":"https:\/\/joonisfilm.ee\/en\/","logo":{"@type":"ImageObject","inLanguage":"en-US","@id":"https:\/\/joonisfilm.ee\/en\/#\/schema\/logo\/image\/","url":"https:\/\/joonisfilm.ee\/wp-content\/uploads\/2024\/06\/Eesti-Joonisfilm-logo-orig-foon-transparentne.png","contentUrl":"https:\/\/joonisfilm.ee\/wp-content\/uploads\/2024\/06\/Eesti-Joonisfilm-logo-orig-foon-transparentne.png","width":1000,"height":754,"caption":"EESTI Joonisfilm"},"image":{"@id":"https:\/\/joonisfilm.ee\/en\/#\/schema\/logo\/image\/"},"sameAs":["https:\/\/www.facebook.com\/Joonisfilm\/","https:\/\/www.instagram.com\/eesti_joonisfilm\/","https:\/\/www.youtube.com\/channel\/UCOF_pU5vkvtuOsVnE4xjp-A","https:\/\/vimeo.com\/joonisfilm"]}]}},"_links":{"self":[{"href":"https:\/\/joonisfilm.ee\/en\/wp-json\/wp\/v2\/pages\/863","targetHints":{"allow":["GET"]}}],"collection":[{"href":"https:\/\/joonisfilm.ee\/en\/wp-json\/wp\/v2\/pages"}],"about":[{"href":"https:\/\/joonisfilm.ee\/en\/wp-json\/wp\/v2\/types\/page"}],"author":[{"embeddable":true,"href":"https:\/\/joonisfilm.ee\/en\/wp-json\/wp\/v2\/users\/1"}],"replies":[{"embeddable":true,"href":"https:\/\/joonisfilm.ee\/en\/wp-json\/wp\/v2\/comments?post=863"}],"version-history":[{"count":2,"href":"https:\/\/joonisfilm.ee\/en\/wp-json\/wp\/v2\/pages\/863\/revisions"}],"predecessor-version":[{"id":7171,"href":"https:\/\/joonisfilm.ee\/en\/wp-json\/wp\/v2\/pages\/863\/revisions\/7171"}],"up":[{"embeddable":true,"href":"https:\/\/joonisfilm.ee\/en\/wp-json\/wp\/v2\/pages\/55"}],"wp:attachment":[{"href":"https:\/\/joonisfilm.ee\/en\/wp-json\/wp\/v2\/media?parent=863"}],"curies":[{"name":"wp","href":"https:\/\/api.w.org\/{rel}","templated":true}]}}